{"id":747921,"date":"2025-08-28T03:18:08","date_gmt":"2025-08-28T00:18:08","guid":{"rendered":"https:\/\/roveyayinevi.com.tr\/index.php\/urun\/mesnevi-i-nuriye-ciltli\/"},"modified":"2026-04-16T03:00:38","modified_gmt":"2026-04-16T00:00:38","slug":"mesnevi-i-nuriye-ciltli","status":"publish","type":"product","link":"https:\/\/roveyayinevi.com.tr\/index.php\/urun\/mesnevi-i-nuriye-ciltli\/","title":{"rendered":"Mesnev\u0131-i Nuriye (Ciltli)"},"content":{"rendered":"<p>TakdimBedi\u00fczzaman Said Nurs\u00ee \u0130tizar Mukaddime Lem&#8217;alar Re\u015fhalar L\u00e2siyyemalar Katre Katrenin Zeyli Hub\u00e2b Zeyl\u00fb&#8217;l-Hub\u00e2b Habbe Zeyl\u00fc&#8217;l-Habbe Zeyl\u00fc&#8217;z-Zeyl Z\u00fchre Zerre \u015eemme Onuncu Risale On D\u00f6rd\u00fcnc\u00fc Re\u015fha \u015eule \u015eulenin Zeyli Nokta<\/p>\n","protected":false},"excerpt":{"rendered":"<p>TakdimBedi\u00fczzaman Said Nurs\u00ee \u0130tizar Mukaddime Lem&#8217;alar Re\u015fhalar L\u00e2siyyemalar Katre Katrenin Zeyli Hub\u00e2b Zeyl\u00fb&#8217;l-Hub\u00e2b Habbe Zeyl\u00fc&#8217;l-Habbe Zeyl\u00fc&#8217;z-Zeyl Z\u00fchre Zerre \u015eemme Onuncu Risale On D\u00f6rd\u00fcnc\u00fc Re\u015fha \u015eule \u015eulenin<span class=\"excerpt-hellip\"> [\u2026]<\/span><\/p>\n","protected":false},"featured_media":0,"template":"","meta":{"_monsterinsights_skip_tracking":false,"_monsterinsights_sitenote_active":false,"_monsterinsights_sitenote_note":"","_monsterinsights_sitenote_category":0},"product_brand":[],"product_cat":[12718,12719,12720],"product_tag":[],"class_list":{"0":"post-747921","1":"product","2":"type-product","3":"status-publish","5":"product_cat-din","6":"product_cat-islam","7":"product_cat-tasavvuf-mezhepler-tarikatlar","8":"pa_cilt-ciltli","9":"pa_tur-kitap","10":"pa_yayinevi-soz-basim-yayin","11":"pa_yazar-bediuzzaman-said-i-nursi","13":"first","14":"instock","15":"sale","16":"shipping-taxable","17":"purchasable","18":"product-type-simple"},"_links":{"self":[{"href":"https:\/\/roveyayinevi.com.tr\/index.php\/wp-json\/wp\/v2\/product\/747921","targetHints":{"allow":["GET"]}}],"collection":[{"href":"https:\/\/roveyayinevi.com.tr\/index.php\/wp-json\/wp\/v2\/product"}],"about":[{"href":"https:\/\/roveyayinevi.com.tr\/index.php\/wp-json\/wp\/v2\/types\/product"}],"wp:attachment":[{"href":"https:\/\/roveyayinevi.com.tr\/index.php\/wp-json\/wp\/v2\/media?parent=747921"}],"wp:term":[{"taxonomy":"product_brand","embeddable":true,"href":"https:\/\/roveyayinevi.com.tr\/index.php\/wp-json\/wp\/v2\/product_brand?post=747921"},{"taxonomy":"product_cat","embeddable":true,"href":"https:\/\/roveyayinevi.com.tr\/index.php\/wp-json\/wp\/v2\/product_cat?post=747921"},{"taxonomy":"product_tag","embeddable":true,"href":"https:\/\/roveyayinevi.com.tr\/index.php\/wp-json\/wp\/v2\/product_tag?post=747921"}],"curies":[{"name":"wp","href":"https:\/\/api.w.org\/{rel}","templated":true}]}}