{"id":747917,"date":"2025-08-28T03:18:04","date_gmt":"2025-08-28T00:18:04","guid":{"rendered":"https:\/\/roveyayinevi.com.tr\/index.php\/urun\/isaratul-icaz-ciltli\/"},"modified":"2026-04-16T03:00:38","modified_gmt":"2026-04-16T00:00:38","slug":"isaratul-icaz-ciltli","status":"publish","type":"product","link":"https:\/\/roveyayinevi.com.tr\/index.php\/urun\/isaratul-icaz-ciltli\/","title":{"rendered":"\u0130\u015farat\u00fc\u2019l- \u0130\u2019caz (Ciltli)"},"content":{"rendered":"<p>TakdimBedi\u00fczzaman Said Nurs\u00eeTenbih.\u0130fadet\u00fc&#8217;l-MeramKur&#8217;\u00e2n Nedir, Tarifi Nas\u0131ld\u0131r?Fatiha S\u00fbresiBakara S\u00fbresi<\/p>\n","protected":false},"excerpt":{"rendered":"<p>TakdimBedi\u00fczzaman Said Nurs\u00eeTenbih.\u0130fadet\u00fc&#8217;l-MeramKur&#8217;\u00e2n Nedir, Tarifi Nas\u0131ld\u0131r?Fatiha S\u00fbresiBakara S\u00fbresi<\/p>\n","protected":false},"featured_media":0,"template":"","meta":{"_monsterinsights_skip_tracking":false,"_monsterinsights_sitenote_active":false,"_monsterinsights_sitenote_note":"","_monsterinsights_sitenote_category":0},"product_brand":[],"product_cat":[12718,12719,12720],"product_tag":[],"class_list":{"0":"post-747917","1":"product","2":"type-product","3":"status-publish","5":"product_cat-din","6":"product_cat-islam","7":"product_cat-tasavvuf-mezhepler-tarikatlar","8":"pa_cilt-ciltli","9":"pa_tur-kitap","10":"pa_yayinevi-soz-basim-yayin","11":"pa_yazar-bediuzzaman-said-i-nursi","13":"first","14":"instock","15":"sale","16":"shipping-taxable","17":"purchasable","18":"product-type-simple"},"_links":{"self":[{"href":"https:\/\/roveyayinevi.com.tr\/index.php\/wp-json\/wp\/v2\/product\/747917","targetHints":{"allow":["GET"]}}],"collection":[{"href":"https:\/\/roveyayinevi.com.tr\/index.php\/wp-json\/wp\/v2\/product"}],"about":[{"href":"https:\/\/roveyayinevi.com.tr\/index.php\/wp-json\/wp\/v2\/types\/product"}],"wp:attachment":[{"href":"https:\/\/roveyayinevi.com.tr\/index.php\/wp-json\/wp\/v2\/media?parent=747917"}],"wp:term":[{"taxonomy":"product_brand","embeddable":true,"href":"https:\/\/roveyayinevi.com.tr\/index.php\/wp-json\/wp\/v2\/product_brand?post=747917"},{"taxonomy":"product_cat","embeddable":true,"href":"https:\/\/roveyayinevi.com.tr\/index.php\/wp-json\/wp\/v2\/product_cat?post=747917"},{"taxonomy":"product_tag","embeddable":true,"href":"https:\/\/roveyayinevi.com.tr\/index.php\/wp-json\/wp\/v2\/product_tag?post=747917"}],"curies":[{"name":"wp","href":"https:\/\/api.w.org\/{rel}","templated":true}]}}