{"id":747914,"date":"2025-08-28T03:18:01","date_gmt":"2025-08-28T00:18:01","guid":{"rendered":"https:\/\/roveyayinevi.com.tr\/index.php\/urun\/bediuzzaman-said-nursinin-ilk-donem-eserleri-canta-boy-ciltli\/"},"modified":"2026-04-16T03:00:38","modified_gmt":"2026-04-16T00:00:38","slug":"bediuzzaman-said-nursinin-ilk-donem-eserleri-canta-boy-ciltli","status":"publish","type":"product","link":"https:\/\/roveyayinevi.com.tr\/index.php\/urun\/bediuzzaman-said-nursinin-ilk-donem-eserleri-canta-boy-ciltli\/","title":{"rendered":"Bedi\u00fczzaman Said Nursi\u2019nin \u0130lk D\u00f6nem Eserleri (\u00c7anta Boy) (Ciltli)"},"content":{"rendered":"<p>\u00dcstad Bedi\u00fczzaman Said Nursi&#8217;nin &#8220;\u0130lk D\u00f6nem Eserleri&#8221; isimli bu kitap \u0130slam\u0131n iman ak\u0131l ve ahlak gibi kavramlar\u0131yla s\u0131n\u0131rl\u0131 olmayan bir muhtevaya sahiptir. \u00dczerinden bir as\u0131r ge\u00e7mi\u015f olmas\u0131na ra\u011fmen halen tart\u0131\u015f\u0131lan sosyal siyasi ekonomik ve k\u00fclt\u00fcrel konular b\u00fct\u00fcn boyutlar\u0131yla bu kitapta ele al\u0131nm\u0131\u015ft\u0131r. Kitapta i\u015flenen konu ve kavramlar\u0131n ba\u015f\u0131nda adalet me\u015fveret ve h\u00fcrriyete dayal\u0131 olmakla tan\u0131mlanan ve sonraki y\u0131llarda &#8220;cumhuriyet&#8221; olarak isimlendirece\u011fi me\u015frutiyet \u00fczerine d\u00fc\u015f\u00fcnceler etrafl\u0131ca irdelenmi\u015ftir. Bu g\u00f6r\u00fc\u015f\u00fcn alternatifi olarak g\u00f6rd\u00fc\u011f\u00fc ve bask\u0131c\u0131 y\u00f6netimi ifade eden istibdad\u0131n ki\u015fi ve toplumlar \u00fczerindeki menfi tesirleri de de\u011fi\u015fik boyutlar\u0131yla i\u015flenmi\u015ftir. H\u00fcrriyet kavram\u0131 felsefi ki\u015fisel ve toplumsal boyutlar\u0131yla ayet ve hadis temelinde etrafl\u0131 analizlere tabi tutulmu\u015ftur. Keza meclis iktidar te\u015febb\u00fcs hukukun \u00fcst\u00fcnl\u00fc\u011f\u00fc yarg\u0131n\u0131n ba\u011f\u0131ms\u0131zl\u0131\u011f\u0131 bas\u0131n \u00f6zg\u00fcrl\u00fc\u011f\u00fc temel haklar az\u0131nl\u0131k haklar\u0131 sosyal adalet refah e\u015fitlik medeniyet ve farkl\u0131 din mensuplar\u0131 aras\u0131ndaki be\u015feri ve siyasi m\u00fcnasebetleri k\u00fclt\u00fcrler aras\u0131 ili\u015fki ve de\u011fi\u015fim uluslararas\u0131 ili\u015fkiler toplumsal ve uluslararas\u0131 bar\u0131\u015f ve g\u00fcvenlik kalk\u0131nma gibi bir\u00e7ok kavram kitapta ele al\u0131nm\u0131\u015ft\u0131r. Bu kitapta ele al\u0131nan kavramlar \u0130slam&#8217;\u0131n \u00e7a\u011fda\u015f yorumu olarak mukayeseli bir \u015fekilde ortaya konulmu\u015ftur. Kitapta dile getirilen g\u00f6r\u00fc\u015fler bu g\u00fcn\u00fcn g\u00fcndemini de a\u015fan boyutlar\u0131yla k\u00fcresel bir ilginin konusu olmaya devam ediyor.<\/p>\n","protected":false},"excerpt":{"rendered":"<p>\u00dcstad Bedi\u00fczzaman Said Nursi&#8217;nin &#8220;\u0130lk D\u00f6nem Eserleri&#8221; isimli bu kitap \u0130slam\u0131n iman ak\u0131l ve ahlak gibi kavramlar\u0131yla s\u0131n\u0131rl\u0131 olmayan bir muhtevaya sahiptir. \u00dczerinden bir as\u0131r ge\u00e7mi\u015f<span class=\"excerpt-hellip\"> [\u2026]<\/span><\/p>\n","protected":false},"featured_media":0,"template":"","meta":{"_monsterinsights_skip_tracking":false,"_monsterinsights_sitenote_active":false,"_monsterinsights_sitenote_note":"","_monsterinsights_sitenote_category":0},"product_brand":[],"product_cat":[12718,12719,12720],"product_tag":[],"class_list":{"0":"post-747914","1":"product","2":"type-product","3":"status-publish","5":"product_cat-din","6":"product_cat-islam","7":"product_cat-tasavvuf-mezhepler-tarikatlar","8":"pa_cilt-ciltli","9":"pa_tur-kitap","10":"pa_yayinevi-soz-basim-yayin","11":"pa_yazar-bediuzzaman-said-i-nursi","13":"first","14":"instock","15":"sale","16":"shipping-taxable","17":"purchasable","18":"product-type-simple"},"_links":{"self":[{"href":"https:\/\/roveyayinevi.com.tr\/index.php\/wp-json\/wp\/v2\/product\/747914","targetHints":{"allow":["GET"]}}],"collection":[{"href":"https:\/\/roveyayinevi.com.tr\/index.php\/wp-json\/wp\/v2\/product"}],"about":[{"href":"https:\/\/roveyayinevi.com.tr\/index.php\/wp-json\/wp\/v2\/types\/product"}],"wp:attachment":[{"href":"https:\/\/roveyayinevi.com.tr\/index.php\/wp-json\/wp\/v2\/media?parent=747914"}],"wp:term":[{"taxonomy":"product_brand","embeddable":true,"href":"https:\/\/roveyayinevi.com.tr\/index.php\/wp-json\/wp\/v2\/product_brand?post=747914"},{"taxonomy":"product_cat","embeddable":true,"href":"https:\/\/roveyayinevi.com.tr\/index.php\/wp-json\/wp\/v2\/product_cat?post=747914"},{"taxonomy":"product_tag","embeddable":true,"href":"https:\/\/roveyayinevi.com.tr\/index.php\/wp-json\/wp\/v2\/product_tag?post=747914"}],"curies":[{"name":"wp","href":"https:\/\/api.w.org\/{rel}","templated":true}]}}