{"id":747912,"date":"2025-08-28T03:18:00","date_gmt":"2025-08-28T00:18:00","guid":{"rendered":"https:\/\/roveyayinevi.com.tr\/index.php\/urun\/uluslararasi-psikanaliz-yilligi-2022\/"},"modified":"2026-04-16T03:00:38","modified_gmt":"2026-04-16T00:00:38","slug":"uluslararasi-psikanaliz-yilligi-2022","status":"publish","type":"product","link":"https:\/\/roveyayinevi.com.tr\/index.php\/urun\/uluslararasi-psikanaliz-yilligi-2022\/","title":{"rendered":"Uluslararas\u0131 Psikanaliz Y\u0131ll\u0131\u011f\u0131 2022"},"content":{"rendered":"<p>Uluslararas\u0131 Psikanaliz Y\u0131ll\u0131\u011f\u0131 2022 \u201cTravma\u201d ba\u015fl\u0131\u011f\u0131n\u0131 ta\u015f\u0131yor. Etkileri d\u00fcnya genelinde h\u00e2l\u00e2 hissedilen pandemi s\u00fcrecinde haz\u0131rlanan y\u0131ll\u0131\u011f\u0131n bu 14. say\u0131s\u0131, \u201cToplumsal Ac\u0131\/Toplumsal\u0131n Ac\u0131s\u0131\u201d konusuna odaklanan ge\u00e7en say\u0131yla s\u00fcreklilik i\u00e7inde tasarland\u0131. Se\u00e7ki, psikanalitik kuramda \u201ctravma\u201d kavram\u0131n\u0131 inceleyen ve farkl\u0131 kuramla\u015ft\u0131rmalar\u0131n klinikle ili\u015fkisini ele alan makaleleri ve pandemi s\u00fcrecinde de\u011fi\u015fen psikanaliz \u00e7er\u00e7evesinin aktar\u0131m-kar\u015f\u0131aktar\u0131m dinamikleri \u00fczerindeki etkisini \u00e7ocuk, ergen ve yeti\u015fkin vaka \u00f6rnekleri \u00fczerinden tart\u0131\u015fan \u00e7a\u011fda\u015f yaz\u0131lar\u0131 i\u00e7eriyor. Se\u00e7kide ayr\u0131ca Thomas Ogden, Giuseppe Civitarese ve Catherine Chabert gibi \u00e7a\u011fda\u015f psikanalistlerin s\u0131ras\u0131yla Winnicott, Bion ve D. Anzieu gibi usta psikanalistlerin se\u00e7ili makaleleri \u00fczerine yeniden okumalar\u0131 da yer al\u0131yor. Psikanaliz alan\u0131n\u0131n bug\u00fcn d\u00fcnya \u00e7ap\u0131nda en k\u00f6kl\u00fc ve en kapsaml\u0131 hakemli bilimsel dergisi olan The International Journal of Psychoanalysis (IJP) 1920\u2019de Sigmund Freud&#8217;un te\u015fvikiyle Ernest Jones taraf\u0131ndan kuruldu. IJP\u2019nin ge\u00e7mi\u015f bir y\u0131l i\u00e7inde \u00e7\u0131km\u0131\u015f makalelerinden derlenen Uluslararas\u0131 Psikanaliz Y\u0131ll\u0131\u011f\u0131, uluslararas\u0131 psikanaliz camias\u0131nda y\u00fcr\u00fct\u00fclen g\u00fcncel tart\u0131\u015fmalar\u0131, \u00e7a\u011fda\u015f klinik deneyimi, kuramsal ve teknik birikimi okurlara T\u00fcrk\u00e7e olarak ula\u015ft\u0131rmay\u0131 ama\u00e7l\u0131yor. Uluslararas\u0131 Psikanaliz Y\u0131ll\u0131\u011f\u0131, psikanalist Melis Tan\u0131k Sivri edit\u00f6rl\u00fc\u011f\u00fcnde, Psike \u0130stanbul \u00fcyesi psikanalistlerden olu\u015fan yay\u0131n kurulu taraf\u0131ndan haz\u0131rlan\u0131yor.<\/p>\n","protected":false},"excerpt":{"rendered":"<p>Uluslararas\u0131 Psikanaliz Y\u0131ll\u0131\u011f\u0131 2022 \u201cTravma\u201d ba\u015fl\u0131\u011f\u0131n\u0131 ta\u015f\u0131yor. Etkileri d\u00fcnya genelinde h\u00e2l\u00e2 hissedilen pandemi s\u00fcrecinde haz\u0131rlanan y\u0131ll\u0131\u011f\u0131n bu 14. say\u0131s\u0131, \u201cToplumsal Ac\u0131\/Toplumsal\u0131n Ac\u0131s\u0131\u201d konusuna odaklanan ge\u00e7en say\u0131yla<span class=\"excerpt-hellip\"> [\u2026]<\/span><\/p>\n","protected":false},"featured_media":0,"template":"","meta":{"_monsterinsights_skip_tracking":false,"_monsterinsights_sitenote_active":false,"_monsterinsights_sitenote_note":"","_monsterinsights_sitenote_category":0},"product_brand":[],"product_cat":[12357],"product_tag":[],"class_list":{"0":"post-747912","1":"product","2":"type-product","3":"status-publish","5":"product_cat-psikoloji","6":"pa_cilt-ciltsiz","7":"pa_tur-kitap","8":"pa_yayinevi-istanbul-bilgi-universitesi-yayinlari","9":"pa_yazar-kolektif","11":"first","12":"instock","13":"sale","14":"shipping-taxable","15":"purchasable","16":"product-type-simple"},"_links":{"self":[{"href":"https:\/\/roveyayinevi.com.tr\/index.php\/wp-json\/wp\/v2\/product\/747912","targetHints":{"allow":["GET"]}}],"collection":[{"href":"https:\/\/roveyayinevi.com.tr\/index.php\/wp-json\/wp\/v2\/product"}],"about":[{"href":"https:\/\/roveyayinevi.com.tr\/index.php\/wp-json\/wp\/v2\/types\/product"}],"wp:attachment":[{"href":"https:\/\/roveyayinevi.com.tr\/index.php\/wp-json\/wp\/v2\/media?parent=747912"}],"wp:term":[{"taxonomy":"product_brand","embeddable":true,"href":"https:\/\/roveyayinevi.com.tr\/index.php\/wp-json\/wp\/v2\/product_brand?post=747912"},{"taxonomy":"product_cat","embeddable":true,"href":"https:\/\/roveyayinevi.com.tr\/index.php\/wp-json\/wp\/v2\/product_cat?post=747912"},{"taxonomy":"product_tag","embeddable":true,"href":"https:\/\/roveyayinevi.com.tr\/index.php\/wp-json\/wp\/v2\/product_tag?post=747912"}],"curies":[{"name":"wp","href":"https:\/\/api.w.org\/{rel}","templated":true}]}}