{"id":747905,"date":"2025-08-28T03:17:53","date_gmt":"2025-08-28T00:17:53","guid":{"rendered":"https:\/\/roveyayinevi.com.tr\/index.php\/urun\/barla-lahikasi-ciltli\/"},"modified":"2026-04-16T03:00:38","modified_gmt":"2026-04-16T00:00:38","slug":"barla-lahikasi-ciltli","status":"publish","type":"product","link":"https:\/\/roveyayinevi.com.tr\/index.php\/urun\/barla-lahikasi-ciltli\/","title":{"rendered":"Barla Lahikas\u0131 (Ciltli)"},"content":{"rendered":"<p>Risale-i Nur, ahir zaman m\u00fcminlerinin en fazla ihtiya\u00e7 duydu\u011fu imani meselelerde derinli\u011fini artt\u0131racak, Kur&#8217;ani ufkunu geli\u015ftirecek m\u00fckemmel bir kaynakt\u0131r. Bir Kur&#8217;an tefsiri olmas\u0131 itibariyle, insan\u0131n akl\u0131n\u0131n yan\u0131s\u0131ra kalb, ruh ve di\u011fer b\u00fct\u00fcn duygular\u0131na da hitap etmektedir. \u00dcstelik ahlak\u0131n b\u00fct\u00fcn boyutlar\u0131na \u0131\u015f\u0131k tutmakta ve bir\u00e7ok ferdi ve sosyal probleme \u00e7\u00f6z\u00fcmler sunmaktad\u0131r.Bu ba\u011flamda, bu eser k\u00fclliyat\u0131n\u0131 rahat\u00e7a okumak ve istifadeyi azami k\u0131lmak i\u00e7in \u00fczerinde birtak\u0131m d\u00fczenlemeler yap\u0131ld\u0131. Mesela:Metinde ge\u00e7en ayet ve hadislerin mealleri ve bunlar\u0131n sahih kaynaklar\u0131 sayfa alt\u0131nda verildi. Sayfa alt\u0131na eklenen l\u00fcgat\u00e7ede, kelimelerin o sayfadaki anlam kar\u015f\u0131l\u0131\u011f\u0131n\u0131n verilmesine dikkat edildi. Her kitab\u0131n ba\u015f\u0131na eklenen i\u00e7indekiler k\u0131sm\u0131nda, b\u00f6l\u00fcmlerle alakal\u0131 \u00f6zet bilgi verildi. \u0130lgili b\u00f6l\u00fcmlere kolay bir \u015fekilde ula\u015fabilmek amac\u0131yla kitab\u0131n sonuna konu, esma-i \u0130lahiye, \u015fah\u0131s, mek\u00e2n, ayet ve hadis indeksleri ilave edildi. G\u00f6rsel ve estetik anlamda rahatl\u0131k sa\u011flamak i\u00e7inse ithal termo deri olan cilde ve g\u00f6z\u00fc yormay\u0131p rahat okunmas\u0131 i\u00e7in de sar\u0131 \u015famua ka\u011f\u0131da iki renk olarak bas\u0131ld\u0131. Kolay okunmas\u0131 i\u00e7in daha okunakl\u0131 bir yaz\u0131 karakteri tercih edildi. Metin i\u00e7inde ge\u00e7en \u015fah\u0131s, yer, ekol vs. tan\u0131t\u0131c\u0131 bilgiler ve kavramlara sayfa altlar\u0131ndaki s\u00f6zl\u00fckte k\u0131saca bilgi verildikten sonra &#8220;bk.&#8221; \u015feklinde Risale-i Nur&#8217;da Ge\u00e7en Kavramlar ve Ansiklopedik Bilgiler kitab\u0131na y\u00f6nlendirildi. Her kitaba, o kitapta yaz\u0131lan b\u00f6l\u00fcmlerin telif tarihleri eklendi.S\u00f6z Bas\u0131m taraf\u0131ndan bu \u015fekilde haz\u0131rlan\u0131p istifadelere sunulan kitaplar \u015funlar:S\u00f6zlerLemalarMektubat\u015eualarAsa-y\u0131 MusaBarla Lahikas\u0131Kastamonu Lahikas\u0131Emirda\u011f Lahikas\u0131\u0130man ve K\u00fcf\u00fcr MuvazeneleriSikke-i Tasd\u00eek-\u0131 Gaybi\u0130\u015farat\u00fc&#8217;l-\u0130&#8217;cazMesnevi-i NuriyeTarih\u00e7e-i HayatMuhakemat\u0130lk D\u00f6nem EserleriRisale-i Nur&#8217;da Ge\u00e7en Kavramlar ve Ansiklopedik Bilgiler<\/p>\n","protected":false},"excerpt":{"rendered":"<p>Risale-i Nur, ahir zaman m\u00fcminlerinin en fazla ihtiya\u00e7 duydu\u011fu imani meselelerde derinli\u011fini artt\u0131racak, Kur&#8217;ani ufkunu geli\u015ftirecek m\u00fckemmel bir kaynakt\u0131r. Bir Kur&#8217;an tefsiri olmas\u0131 itibariyle, insan\u0131n akl\u0131n\u0131n<span class=\"excerpt-hellip\"> [\u2026]<\/span><\/p>\n","protected":false},"featured_media":0,"template":"","meta":{"_monsterinsights_skip_tracking":false,"_monsterinsights_sitenote_active":false,"_monsterinsights_sitenote_note":"","_monsterinsights_sitenote_category":0},"product_brand":[],"product_cat":[12718,12719,12720],"product_tag":[],"class_list":{"0":"post-747905","1":"product","2":"type-product","3":"status-publish","5":"product_cat-din","6":"product_cat-islam","7":"product_cat-tasavvuf-mezhepler-tarikatlar","8":"pa_cilt-ciltli","9":"pa_tur-kitap","10":"pa_yayinevi-soz-basim-yayin","11":"pa_yazar-bediuzzaman-said-i-nursi","13":"first","14":"instock","15":"sale","16":"shipping-taxable","17":"purchasable","18":"product-type-simple"},"_links":{"self":[{"href":"https:\/\/roveyayinevi.com.tr\/index.php\/wp-json\/wp\/v2\/product\/747905","targetHints":{"allow":["GET"]}}],"collection":[{"href":"https:\/\/roveyayinevi.com.tr\/index.php\/wp-json\/wp\/v2\/product"}],"about":[{"href":"https:\/\/roveyayinevi.com.tr\/index.php\/wp-json\/wp\/v2\/types\/product"}],"wp:attachment":[{"href":"https:\/\/roveyayinevi.com.tr\/index.php\/wp-json\/wp\/v2\/media?parent=747905"}],"wp:term":[{"taxonomy":"product_brand","embeddable":true,"href":"https:\/\/roveyayinevi.com.tr\/index.php\/wp-json\/wp\/v2\/product_brand?post=747905"},{"taxonomy":"product_cat","embeddable":true,"href":"https:\/\/roveyayinevi.com.tr\/index.php\/wp-json\/wp\/v2\/product_cat?post=747905"},{"taxonomy":"product_tag","embeddable":true,"href":"https:\/\/roveyayinevi.com.tr\/index.php\/wp-json\/wp\/v2\/product_tag?post=747905"}],"curies":[{"name":"wp","href":"https:\/\/api.w.org\/{rel}","templated":true}]}}