{"id":747904,"date":"2025-08-28T03:17:52","date_gmt":"2025-08-28T00:17:52","guid":{"rendered":"https:\/\/roveyayinevi.com.tr\/index.php\/urun\/ideal-devlet-2\/"},"modified":"2025-11-21T08:51:29","modified_gmt":"2025-11-21T05:51:29","slug":"ideal-devlet-2","status":"publish","type":"product","link":"https:\/\/roveyayinevi.com.tr\/index.php\/urun\/ideal-devlet-2\/","title":{"rendered":"\u0130deal Devlet"},"content":{"rendered":"<p>F\u00e2r\u00e2b\u00ee, Yunan tarz\u0131nda yap\u0131lan \u0130slam felsefesi gelene\u011finin en \u00f6nemli temsilcilerinden biri olarak, kendinden sonraki filozoflar \u00fczerinde (\u00f6rne\u011fin \u0130bni Sina, \u0130bni Tufeyl) son derece belirleyici etkiler b\u0131rakm\u0131\u015ft\u0131r. \u00d6zellikle \u201cmedeni siyaset\u201d \u015feklinde adland\u0131r\u0131lmas\u0131 uygun d\u00fc\u015fen gelene\u011fin ba\u015flat\u0131c\u0131s\u0131 ve en \u00f6nemli temsilcisidir. Onun sisteminin, \u00f6\u011fretisinin, \u00f6zellikle siyaset teorisinin m\u00fcmk\u00fcn oldu\u011fu kadar derinli\u011fine ve geni\u015fli\u011fine bilinmesi, son ve en \u00f6nemli eseri kabul edilen \u0130deal Devlet\u2019te ileri s\u00fcrd\u00fc\u011f\u00fc g\u00f6r\u00fc\u015flerinin kaynaklar\u0131n\u0131n tespit edilmesi, onlar\u0131n Platon\u2019un, Aristoteles\u2019in, Stoac\u0131lar\u0131n, Plotinos\u2019un, Yeni-Platoncu di\u011fer \u00fcnl\u00fc filozof veya d\u00fc\u015f\u00fcn\u00fcrlerin, Proklos\u2019un ve Afrodisiasl\u0131 \u0130skender\u2019in g\u00f6r\u00fc\u015fleri ile olan ili\u015fkilerinin ortaya konmas\u0131 hayati \u00f6nem ta\u015f\u0131maktad\u0131r. F\u00e2r\u00e2b\u00ee\u2019nin \u00e7a\u011fda\u015f\u0131 oldu\u011fu veya kendisinden hemen \u00f6nce gelen di\u011fer \u0130slam d\u00fc\u015f\u00fcn\u00fcrleriyle, \u00f6rne\u011fin bir Kindi, bir R\u00e2zi ile, yine \u00e7a\u011fda\u015f\u0131 oldu\u011fu veya kendisinden \u00f6nce gelen b\u00fcy\u00fck kel\u00e2mc\u0131larla fikr\u00ee ili\u015fkileri, g\u00f6r\u00fc\u015flerindeki beraberlik ve ayr\u0131l\u0131klar\u0131n\u0131n ara\u015ft\u0131r\u0131lmas\u0131 da felsefesinin anla\u015f\u0131labilmesi i\u00e7in elzemdir. F\u00e2r\u00e2b\u00ee\u2019nin kendi zaman\u0131nda \u0130slam d\u00fcnyas\u0131n\u0131 me\u015fgul eden b\u00fcy\u00fck siyas\u00ee, k\u00fclt\u00fcrel, din\u00ee sorunlara kar\u015f\u0131 tavr\u0131n\u0131 tayin etmek, onunla tasavvufun ba\u015flat\u0131c\u0131lar\u0131, siyas\u00ee f\u0131rkalar\u0131n ileri gelenleri ve politik-teolojik hareketlerin temsilcileri aras\u0131ndaki g\u00f6r\u00fc\u015f birli\u011fi ve ayr\u0131l\u0131klar\u0131n\u0131 tespit etmek de \u201cideal devletin\u201d, \u201cideal idarecinin\u201d ve hatta \u201cideal insan\u0131n\u201d \u0130slam tarihi ve felsefesi a\u00e7s\u0131s\u0131ndan nas\u0131l tan\u0131mland\u0131\u011f\u0131n\u0131n ve kabul g\u00f6rd\u00fc\u011f\u00fcn\u00fcn anla\u015f\u0131lmas\u0131na katk\u0131 sunacakt\u0131r. Bu sebeple, Do\u00e7. Dr. Muhammet Caner Ilgaro\u011flu\u2019nun Arap\u00e7a asl\u0131ndan \u00e7evirdi\u011fi \u0130deal Devlet (El-Med\u00eenet\u00fc\u2019l-F\u00e2z\u0131la); Prof. Dr. Ahmet Arslan\u2019\u0131n bu klasik eserin felsefe tarihi a\u00e7\u0131s\u0131ndan do\u011fru anla\u015f\u0131l\u0131p konumland\u0131r\u0131labilmesi i\u00e7in haz\u0131rlad\u0131\u011f\u0131 \u201cA\u00e7\u0131klama ve Yorumlar\u201d ile birlikte okurlar\u0131n istifadesine sunuldu.<\/p>\n","protected":false},"excerpt":{"rendered":"<p>F\u00e2r\u00e2b\u00ee, Yunan tarz\u0131nda yap\u0131lan \u0130slam felsefesi gelene\u011finin en \u00f6nemli temsilcilerinden biri olarak, kendinden sonraki filozoflar \u00fczerinde (\u00f6rne\u011fin \u0130bni Sina, \u0130bni Tufeyl) son derece belirleyici etkiler b\u0131rakm\u0131\u015ft\u0131r.<span class=\"excerpt-hellip\"> [\u2026]<\/span><\/p>\n","protected":false},"featured_media":0,"template":"","meta":{"_monsterinsights_skip_tracking":false,"_monsterinsights_sitenote_active":false,"_monsterinsights_sitenote_note":"","_monsterinsights_sitenote_category":0},"product_brand":[],"product_cat":[12388],"product_tag":[],"class_list":{"0":"post-747904","1":"product","2":"type-product","3":"status-publish","5":"product_cat-felsefe","6":"pa_cilt-ciltsiz","7":"pa_tur-kitap","8":"pa_yayinevi-divan-kitap","9":"pa_yazar-farabi","11":"first","12":"instock","13":"sale","14":"shipping-taxable","15":"purchasable","16":"product-type-simple"},"_links":{"self":[{"href":"https:\/\/roveyayinevi.com.tr\/index.php\/wp-json\/wp\/v2\/product\/747904","targetHints":{"allow":["GET"]}}],"collection":[{"href":"https:\/\/roveyayinevi.com.tr\/index.php\/wp-json\/wp\/v2\/product"}],"about":[{"href":"https:\/\/roveyayinevi.com.tr\/index.php\/wp-json\/wp\/v2\/types\/product"}],"wp:attachment":[{"href":"https:\/\/roveyayinevi.com.tr\/index.php\/wp-json\/wp\/v2\/media?parent=747904"}],"wp:term":[{"taxonomy":"product_brand","embeddable":true,"href":"https:\/\/roveyayinevi.com.tr\/index.php\/wp-json\/wp\/v2\/product_brand?post=747904"},{"taxonomy":"product_cat","embeddable":true,"href":"https:\/\/roveyayinevi.com.tr\/index.php\/wp-json\/wp\/v2\/product_cat?post=747904"},{"taxonomy":"product_tag","embeddable":true,"href":"https:\/\/roveyayinevi.com.tr\/index.php\/wp-json\/wp\/v2\/product_tag?post=747904"}],"curies":[{"name":"wp","href":"https:\/\/api.w.org\/{rel}","templated":true}]}}