{"id":747903,"date":"2025-08-28T03:17:51","date_gmt":"2025-08-28T00:17:51","guid":{"rendered":"https:\/\/roveyayinevi.com.tr\/index.php\/urun\/xix-yuzyildan-gunumuze-islam-dusunurleri-cilt-2\/"},"modified":"2026-04-16T03:00:38","modified_gmt":"2026-04-16T00:00:38","slug":"xix-yuzyildan-gunumuze-islam-dusunurleri-cilt-2","status":"publish","type":"product","link":"https:\/\/roveyayinevi.com.tr\/index.php\/urun\/xix-yuzyildan-gunumuze-islam-dusunurleri-cilt-2\/","title":{"rendered":"XIX. Y\u00fczy\u0131ldan G\u00fcn\u00fcm\u00fcze \u0130slam D\u00fc\u015f\u00fcn\u00fcrleri \u2013 Cilt 2"},"content":{"rendered":"<p>\u0130slam co\u011frafyas\u0131n\u0131n pek \u00e7ok b\u00f6lgesinde yeti\u015fen d\u00fc\u015f\u00fcn\u00fcrler hem kendilerinin i\u00e7inde ya\u015fad\u0131klar\u0131 toplumlar\u0131n hem de b\u00fct\u00fcn M\u00fcsl\u00fcmanlar\u0131n birka\u00e7 y\u00fczy\u0131ld\u0131r mustarip olduklar\u0131 durumlar\u0131n\u0131 d\u00fczeltmek i\u00e7in bir dizi \u00e7\u00f6z\u00fcm \u00f6nerisinde bulunmu\u015flard\u0131r. Olduk\u00e7a geni\u015f bir alana yay\u0131lan \u0130slam co\u011frafyas\u0131n\u0131n farkl\u0131 b\u00f6lgelerinde yeti\u015fen bu d\u00fc\u015f\u00fcn\u00fcrler homojen bir d\u00fc\u015f\u00fcnce yap\u0131s\u0131na sahip olmad\u0131klar\u0131 gibi, M\u00fcsl\u00fcman toplumlar\u0131n kar\u015f\u0131la\u015ft\u0131klar\u0131 sorunlara y\u00f6nelik yakla\u015f\u0131m tarzlar\u0131, y\u00f6ntemleri ve \u00e7\u00f6z\u00fcm \u00f6nerileri de \u00e7e\u015fitlilik arz etmektedir. Fakat y\u00f6ntemler ve s\u00f6ylemler farkl\u0131 olsa da b\u00fct\u00fcn \u0130slam d\u00fc\u015f\u00fcn\u00fcrlerinin gayret ve \u00e7abalar\u0131n\u0131n, ya\u015fanan sorunlara kar\u015f\u0131 \u00e7\u00f6z\u00fcm bulma ve M\u00fcsl\u00fcmanlar\u0131n tekrar ihyas\u0131n\u0131 sa\u011flama hedefine matuf oldu\u011fu g\u00f6r\u00fclmektedir. \u0130slam co\u011frafyas\u0131n\u0131n \u00e7e\u015fitli b\u00f6lgelerinde yeti\u015fen d\u00fc\u015f\u00fcn\u00fcrlerin bir k\u0131sm\u0131n\u0131n hayatlar\u0131, eserleri, d\u00fc\u015f\u00fcnce ve \u00e7abalar\u0131na dair m\u00fcstakil kitap, makale ve bildiri gibi akademik \u00e7al\u0131\u015fmalar bulunmakla birlikte, bu d\u00fc\u015f\u00fcn\u00fcrleri bir arada ele alan yay\u0131nlara duyulan ihtiya\u00e7 bug\u00fcn kendisini daha fazla hissettirmektedir.   Prof. Dr. Kemal S\u00f6zen, Prof. Dr. Sabri Y\u0131lmaz ve Prof. Dr. Ali K\u00fcr\u015fat Turgut\u2019un edit\u00f6rl\u00fc\u011f\u00fcnde tamamlanan iki ciltlik XIX. Y\u00fczy\u0131ldan G\u00fcn\u00fcm\u00fcze \u0130slam D\u00fc\u015f\u00fcn\u00fcrleri ba\u015fl\u0131kl\u0131 \u00e7al\u0131\u015fma, bu ihtiyac\u0131n kar\u015f\u0131lanmas\u0131 i\u00e7in haz\u0131rland\u0131. Bu kapsaml\u0131 \u00e7al\u0131\u015fman\u0131n giri\u015finde XIX. ve XX. y\u00fczy\u0131llarda \u0130slam d\u00fcnyas\u0131n\u0131n genel durumu tasvir edildikten sonra \u00fc\u00e7 b\u00f6l\u00fcmden olu\u015fan birinci cildin birinci b\u00f6l\u00fcm\u00fcnde Anadolu\u2019dan Ahmet Cevdet Pa\u015fa, Said Halim Pa\u015fa, Ziya G\u00f6kalp, Mehmet Akif, Elmal\u0131l\u0131 M. Hamdi Yaz\u0131r, \u0130smail Fenni Ertu\u011frul, \u0130zmirli \u0130smail Hakk\u0131, Ahmed Hamdi Akseki, Yusuf Ziya Y\u00f6r\u00fckan, Fuad K\u00f6pr\u00fcl\u00fc, Hilmi Ziya \u00dclken, Nurettin Top\u00e7u, Erol G\u00fcng\u00f6r, Fuad Sezgin; ikinci b\u00f6l\u00fcm\u00fcnde Orta Asya ve \u0130dil-Ural b\u00f6lgesinden Kursavi, \u015eehab\u00fcddin Merc\u00e2n\u00ee, Gasp\u0131ral\u0131 \u0130smail, Yusuf Ak\u00e7ura, R\u0131z\u00e2eddin Fahreddin, Abd\u00fcrrauf R\u0131fat, Abd\u00fcrre\u015fid \u0130brahim, Musa Carullah, A. Zeki Velidi Togan; \u00fc\u00e7\u00fcnc\u00fc b\u00f6l\u00fcm\u00fcnde ise Balkanlar\u2019dan Filibeli Ahmed Hilmi, M. Tayyip Oki\u00e7, Aliya \u0130zzet Begovi\u00e7 ve Muhammed Aru\u00e7i\u2019ye yer verilmi\u015ftir. Yine \u00fc\u00e7 b\u00f6l\u00fcm\u00fc ihtiva eden ikinci ciltte ise \u00e7al\u0131\u015fman\u0131n d\u00f6rd\u00fcnc\u00fc b\u00f6l\u00fcm\u00fcn\u00fc olu\u015fturan Orta Do\u011fu\u2019dan Akd\u00fclk\u00e2dir Muhyiddin el-Cez\u00e2ir\u00ee, Cemaleddin Efg\u00e2n\u00ee, Muhammed Abduh, Cem\u00e2ledd\u00een K\u00e2s\u0131m\u00ee, M. Ferid Vecd\u00ee, Seyyid Kutup, Ali \u015eeriat\u00ee, M. H\u00fcseyin Tabatab\u00e2\u00ee, \u0130smail Raci Faruk\u00ee, Abdurrahm\u00e2n Bedev\u00ee, Nasr H\u00e2mid Eb\u00fb Zeyd; be\u015finci b\u00f6l\u00fcmde Hint-Alt K\u0131tas\u0131\u2019ndan \u015eah Veliyyullah, Seyyid Ahmed Han, \u015eibl\u00ee Nu\u2019m\u00e2n\u00ee, Muhammed \u0130kbal, Mevd\u00fbd\u00ee, Fazlur Rahman, Muhammed Hamidullah; alt\u0131nc\u0131 b\u00f6l\u00fcmde ise Kuzey Afrika\u2019dan Muhammed b. Ali es-Senus\u00ee, Tunuslu Hayreddin Pa\u015fa, Abd\u00fclhamid \u0130bn\u00fc\u2019l-B\u00e2d\u00ees, Malik Binneb\u00ee, M. Tahir ibn A\u015f\u00fbr, Muhammed Tavit et-Tanc\u00ee ve Muhammed \u00c2bid C\u00e2bir\u00ee\u2019ye yer verilmi\u015ftir.<\/p>\n","protected":false},"excerpt":{"rendered":"<p>\u0130slam co\u011frafyas\u0131n\u0131n pek \u00e7ok b\u00f6lgesinde yeti\u015fen d\u00fc\u015f\u00fcn\u00fcrler hem kendilerinin i\u00e7inde ya\u015fad\u0131klar\u0131 toplumlar\u0131n hem de b\u00fct\u00fcn M\u00fcsl\u00fcmanlar\u0131n birka\u00e7 y\u00fczy\u0131ld\u0131r mustarip olduklar\u0131 durumlar\u0131n\u0131 d\u00fczeltmek i\u00e7in bir dizi \u00e7\u00f6z\u00fcm<span class=\"excerpt-hellip\"> [\u2026]<\/span><\/p>\n","protected":false},"featured_media":0,"template":"","meta":{"_monsterinsights_skip_tracking":false,"_monsterinsights_sitenote_active":false,"_monsterinsights_sitenote_note":"","_monsterinsights_sitenote_category":0},"product_brand":[],"product_cat":[16789,12718,12719],"product_tag":[],"class_list":{"0":"post-747903","1":"product","2":"type-product","3":"status-publish","5":"product_cat-diger-islam","6":"product_cat-din","7":"product_cat-islam","8":"pa_cilt-ciltsiz","9":"pa_tur-kitap","10":"pa_yayinevi-divan-kitap","11":"pa_yazar-kolektif","13":"first","14":"instock","15":"sale","16":"shipping-taxable","17":"purchasable","18":"product-type-simple"},"_links":{"self":[{"href":"https:\/\/roveyayinevi.com.tr\/index.php\/wp-json\/wp\/v2\/product\/747903","targetHints":{"allow":["GET"]}}],"collection":[{"href":"https:\/\/roveyayinevi.com.tr\/index.php\/wp-json\/wp\/v2\/product"}],"about":[{"href":"https:\/\/roveyayinevi.com.tr\/index.php\/wp-json\/wp\/v2\/types\/product"}],"wp:attachment":[{"href":"https:\/\/roveyayinevi.com.tr\/index.php\/wp-json\/wp\/v2\/media?parent=747903"}],"wp:term":[{"taxonomy":"product_brand","embeddable":true,"href":"https:\/\/roveyayinevi.com.tr\/index.php\/wp-json\/wp\/v2\/product_brand?post=747903"},{"taxonomy":"product_cat","embeddable":true,"href":"https:\/\/roveyayinevi.com.tr\/index.php\/wp-json\/wp\/v2\/product_cat?post=747903"},{"taxonomy":"product_tag","embeddable":true,"href":"https:\/\/roveyayinevi.com.tr\/index.php\/wp-json\/wp\/v2\/product_tag?post=747903"}],"curies":[{"name":"wp","href":"https:\/\/api.w.org\/{rel}","templated":true}]}}