{"id":747901,"date":"2025-08-28T03:17:49","date_gmt":"2025-08-28T00:17:49","guid":{"rendered":"https:\/\/roveyayinevi.com.tr\/index.php\/urun\/ilk-osmanli-rus-savasi\/"},"modified":"2026-04-16T03:00:38","modified_gmt":"2026-04-16T00:00:38","slug":"ilk-osmanli-rus-savasi","status":"publish","type":"product","link":"https:\/\/roveyayinevi.com.tr\/index.php\/urun\/ilk-osmanli-rus-savasi\/","title":{"rendered":"\u0130lk Osmanl\u0131 &#8211; Rus Sava\u015f\u0131"},"content":{"rendered":"<p>Osmanl\u0131 Devleti\u2019nin Rus \u00c7arl\u0131\u011f\u0131\u2019na kar\u015f\u0131 tertipledi\u011fi \u00c7ehrin Seferleri, as\u0131rlard\u0131r devam eden T\u00fcrk-Rus m\u00fcnasebetlerinin k\u0131r\u0131lma noktalar\u0131ndan birini te\u015fkil etmesi bak\u0131m\u0131ndan son derece m\u00fchimdir. \u0130ki devletin haf\u0131zas\u0131nda \u00f6nemli bir yer i\u015fgal eden bu sava\u015f, d\u00f6nemin m\u00fcverrihlerinin eserlerinde de ciddi bir yer bulmu\u015ftur. \u0130smail Topalo\u011flu, kaleme ald\u0131\u011f\u0131 \u0130lk Osmanl\u0131 Rus Sava\u015f\u0131 ba\u015fl\u0131kl\u0131 \u00e7al\u0131\u015fmada, d\u00f6nemin ar\u015fiv kay\u0131tlar\u0131n\u0131n d\u0131\u015f\u0131nda \u0130sko\u00e7 General Patrick Gordon\u2019un g\u00fcnl\u00fc\u011f\u00fc de merkeze alarak 1677-1678 y\u0131llar\u0131nda ya\u015fanan hadiseleri ayr\u0131nt\u0131l\u0131 bir \u015fekilde okuyucunun dikkatine sunuyor. \u0130sko\u00e7ya\u2019dan ayr\u0131ld\u0131ktan sonra muhtelif Avrupa ordular\u0131nda g\u00f6rev yaparak tecr\u00fcbe kazanan Gordon, Rus \u00c7arl\u0131\u011f\u0131\u2019nda \u00f6nemli mevkilere gelmi\u015f ve Rus ordusunun modernle\u015ftirilmesinde ciddi roller \u00fcstlenmi\u015ftir. I. Petro\u2019nun, deyim yerindeyse ak\u0131l hocal\u0131\u011f\u0131n\u0131 yapan ve Rus devletinin i\u00e7erisinde g\u00fc\u00e7l\u00fc bir n\u00fcfuz edinen Patrick Gordon\u2019un \u00c7ehrin Seferleri\u2019ne dair g\u00fcnl\u00fc\u011f\u00fcnde verdi\u011fi bilgiler, Osmanl\u0131 kaynaklar\u0131n\u0131n de\u011finmedi\u011fi hususlara da temas ederek tarih\u00ee hakikatlerin g\u00fcn \u0131\u015f\u0131\u011f\u0131na \u00e7\u0131kmas\u0131 noktas\u0131nda tamamlay\u0131c\u0131 bir rol oynamaktad\u0131r. T\u00fcrk ordusunu yak\u0131ndan tan\u0131yan Gordon\u2019un seferler hakk\u0131ndaki g\u00fcnl\u00fck kay\u0131tlar\u0131, sava\u015fan taraflar\u0131n yaln\u0131zca asker\u00ee a\u00e7\u0131dan sevk ve idaresini de\u011fil, g\u00fcnden g\u00fcne de\u011fi\u015fen psikolojik\/moral durumlar\u0131n\u0131 yans\u0131tmas\u0131 bak\u0131m\u0131ndan da ara\u015ft\u0131rmac\u0131lar i\u00e7in b\u00fcy\u00fck \u00f6nem ta\u015f\u0131yor.<\/p>\n","protected":false},"excerpt":{"rendered":"<p>Osmanl\u0131 Devleti\u2019nin Rus \u00c7arl\u0131\u011f\u0131\u2019na kar\u015f\u0131 tertipledi\u011fi \u00c7ehrin Seferleri, as\u0131rlard\u0131r devam eden T\u00fcrk-Rus m\u00fcnasebetlerinin k\u0131r\u0131lma noktalar\u0131ndan birini te\u015fkil etmesi bak\u0131m\u0131ndan son derece m\u00fchimdir. \u0130ki devletin haf\u0131zas\u0131nda \u00f6nemli<span class=\"excerpt-hellip\"> [\u2026]<\/span><\/p>\n","protected":false},"featured_media":0,"template":"","meta":{"_monsterinsights_skip_tracking":false,"_monsterinsights_sitenote_active":false,"_monsterinsights_sitenote_note":"","_monsterinsights_sitenote_category":0},"product_brand":[],"product_cat":[13517,12304],"product_tag":[],"class_list":{"0":"post-747901","1":"product","2":"type-product","3":"status-publish","5":"product_cat-osmanli-tarihi","6":"product_cat-tarih","7":"pa_cilt-ciltsiz","8":"pa_tur-kitap","9":"pa_yayinevi-divan-kitap","10":"pa_yazar-ismail-topaloglu","12":"first","13":"instock","14":"sale","15":"shipping-taxable","16":"purchasable","17":"product-type-simple"},"_links":{"self":[{"href":"https:\/\/roveyayinevi.com.tr\/index.php\/wp-json\/wp\/v2\/product\/747901","targetHints":{"allow":["GET"]}}],"collection":[{"href":"https:\/\/roveyayinevi.com.tr\/index.php\/wp-json\/wp\/v2\/product"}],"about":[{"href":"https:\/\/roveyayinevi.com.tr\/index.php\/wp-json\/wp\/v2\/types\/product"}],"wp:attachment":[{"href":"https:\/\/roveyayinevi.com.tr\/index.php\/wp-json\/wp\/v2\/media?parent=747901"}],"wp:term":[{"taxonomy":"product_brand","embeddable":true,"href":"https:\/\/roveyayinevi.com.tr\/index.php\/wp-json\/wp\/v2\/product_brand?post=747901"},{"taxonomy":"product_cat","embeddable":true,"href":"https:\/\/roveyayinevi.com.tr\/index.php\/wp-json\/wp\/v2\/product_cat?post=747901"},{"taxonomy":"product_tag","embeddable":true,"href":"https:\/\/roveyayinevi.com.tr\/index.php\/wp-json\/wp\/v2\/product_tag?post=747901"}],"curies":[{"name":"wp","href":"https:\/\/api.w.org\/{rel}","templated":true}]}}