{"id":747900,"date":"2025-08-28T03:17:48","date_gmt":"2025-08-28T00:17:48","guid":{"rendered":"https:\/\/roveyayinevi.com.tr\/index.php\/urun\/asyanin-kalbi-turkistan\/"},"modified":"2026-04-16T03:00:38","modified_gmt":"2026-04-16T00:00:38","slug":"asyanin-kalbi-turkistan","status":"publish","type":"product","link":"https:\/\/roveyayinevi.com.tr\/index.php\/urun\/asyanin-kalbi-turkistan\/","title":{"rendered":"Asya\u2019n\u0131n Kalbi T\u00fcrkistan"},"content":{"rendered":"<p>William Eleroy Curtis\u2019in 1910 y\u0131l\u0131 bahar\u0131nda yapt\u0131\u011f\u0131 T\u00fcrkistan seyahatini konu alan Asya\u2019n\u0131n Kalbi T\u00fcrkistan, yazar\u0131n Bak\u00fc\u2019den K\u0131z\u0131lsu\u2019ya gemiyle ge\u00e7mesinden sonra T\u00fcrkistan Demir Yolu g\u00fczerg\u00e2h\u0131ndaki A\u015fkabat, Merv, \u00c7ar\u00e7uy, Buhara, Semerkant, Ta\u015fkent, Andican gibi \u00f6nemli \u015fehirlerdeki g\u00f6zlemlerini ihtiva ediyor. Eser, ilgili tarihte T\u00fcrkistan\u2019\u0131n sosyal, k\u00fclt\u00fcrel, ekonomik, asker\u00ee ve siyas\u00ee durumuna \u0131\u015f\u0131k tutmas\u0131n\u0131n yan\u0131 s\u0131ra T\u00fcrkistan\u2019\u0131n i\u015fgali sonras\u0131nda b\u00f6lgede kurulan Rus idaresinin b\u00f6lgeyi nas\u0131l etkiledi\u011finin anla\u015f\u0131lmas\u0131 bak\u0131m\u0131ndan da \u00f6nem ta\u015f\u0131yor. A\u015fkabat, Merv, Buhara, Semerkant, Ta\u015fkent, Hokand ve Andican gibi \u015fehirler d\u0131\u015f\u0131nda, Rus i\u015fgalinden sonra Ruslar taraf\u0131ndan kurulan \u015fehirler ve bu \u015fehirlerin \u00e7e\u015fitli \u00f6zellikleri de bu seyahatnamede okuyucularla payla\u015f\u0131l\u0131yor. Curtis\u2019i benzer seyyahlardan ay\u0131ran belki de en \u00f6nemli \u00f6zelli\u011fi, onun Hindistan, M\u0131s\u0131r, Arabistan, Anadolu gibi M\u00fcsl\u00fcmanlar\u0131n ya\u015fad\u0131\u011f\u0131 b\u00f6lgelerin yan\u0131 s\u0131ra Avrupa\u2019n\u0131n, Amerika\u2019n\u0131n ve Uzak Do\u011fu\u2019nun bir\u00e7ok yerini g\u00f6rm\u00fc\u015f olmas\u0131 ve s\u0131k s\u0131k bu yerlerle T\u00fcrkistan\u2019\u0131 \u00e7e\u015fitli vesilelerle k\u0131yaslayabilmesidir. Dr. Resul \u015eahsi, daha \u00f6nceki \u00e7evirilerinde oldu\u011fu gibi, bu kitapta da metni sadece \u00e7evirmekle kalmad\u0131, yazar\u0131n zikretti\u011fi yerler, \u015fah\u0131slar, olaylar ve tarihlerle ilgili y\u00fczlerce dipnot vererek okurlara metnin klasik ve g\u00fcncel kaynaklar \u0131\u015f\u0131\u011f\u0131nda do\u011fru bir \u015fekilde sunulmas\u0131n\u0131 sa\u011flad\u0131.<\/p>\n","protected":false},"excerpt":{"rendered":"<p>William Eleroy Curtis\u2019in 1910 y\u0131l\u0131 bahar\u0131nda yapt\u0131\u011f\u0131 T\u00fcrkistan seyahatini konu alan Asya\u2019n\u0131n Kalbi T\u00fcrkistan, yazar\u0131n Bak\u00fc\u2019den K\u0131z\u0131lsu\u2019ya gemiyle ge\u00e7mesinden sonra T\u00fcrkistan Demir Yolu g\u00fczerg\u00e2h\u0131ndaki A\u015fkabat, Merv,<span class=\"excerpt-hellip\"> [\u2026]<\/span><\/p>\n","protected":false},"featured_media":0,"template":"","meta":{"_monsterinsights_skip_tracking":false,"_monsterinsights_sitenote_active":false,"_monsterinsights_sitenote_note":"","_monsterinsights_sitenote_category":0},"product_brand":[],"product_cat":[12304],"product_tag":[],"class_list":{"0":"post-747900","1":"product","2":"type-product","3":"status-publish","5":"product_cat-tarih","6":"pa_cilt-ciltsiz","7":"pa_tur-kitap","8":"pa_yayinevi-divan-kitap","9":"pa_yazar-william-eleroy-curtis","11":"first","12":"instock","13":"sale","14":"shipping-taxable","15":"purchasable","16":"product-type-simple"},"_links":{"self":[{"href":"https:\/\/roveyayinevi.com.tr\/index.php\/wp-json\/wp\/v2\/product\/747900","targetHints":{"allow":["GET"]}}],"collection":[{"href":"https:\/\/roveyayinevi.com.tr\/index.php\/wp-json\/wp\/v2\/product"}],"about":[{"href":"https:\/\/roveyayinevi.com.tr\/index.php\/wp-json\/wp\/v2\/types\/product"}],"wp:attachment":[{"href":"https:\/\/roveyayinevi.com.tr\/index.php\/wp-json\/wp\/v2\/media?parent=747900"}],"wp:term":[{"taxonomy":"product_brand","embeddable":true,"href":"https:\/\/roveyayinevi.com.tr\/index.php\/wp-json\/wp\/v2\/product_brand?post=747900"},{"taxonomy":"product_cat","embeddable":true,"href":"https:\/\/roveyayinevi.com.tr\/index.php\/wp-json\/wp\/v2\/product_cat?post=747900"},{"taxonomy":"product_tag","embeddable":true,"href":"https:\/\/roveyayinevi.com.tr\/index.php\/wp-json\/wp\/v2\/product_tag?post=747900"}],"curies":[{"name":"wp","href":"https:\/\/api.w.org\/{rel}","templated":true}]}}