{"id":747899,"date":"2025-08-28T03:17:48","date_gmt":"2025-08-28T00:17:48","guid":{"rendered":"https:\/\/roveyayinevi.com.tr\/index.php\/urun\/inovasyon-yonetimi-ve-inovatif-metaverse-devrimi\/"},"modified":"2026-04-16T03:00:38","modified_gmt":"2026-04-16T00:00:38","slug":"inovasyon-yonetimi-ve-inovatif-metaverse-devrimi","status":"publish","type":"product","link":"https:\/\/roveyayinevi.com.tr\/index.php\/urun\/inovasyon-yonetimi-ve-inovatif-metaverse-devrimi\/","title":{"rendered":"\u0130novasyon Y\u00f6netimi ve \u0130novatif Metaverse Devrimi"},"content":{"rendered":"<p>Teknolojik geli\u015fmelerin h\u0131z\u0131 ve s\u00fcreklili\u011fi b\u00fct\u00fcn d\u00fcnyada etkisini hissettirmektedir. \u0130nsan ya\u015fant\u0131s\u0131n\u0131n her alan\u0131n\u0131 etkisi alt\u0131na alan teknolojik geli\u015fmelerin yaratmakta oldu\u011fu bu h\u0131zl\u0131 de\u011fi\u015fim ve geli\u015fmeler insanlar\u0131n kendi ya\u015famlar\u0131nda birtak\u0131m de\u011fi\u015fiklikler yapmalar\u0131n\u0131 gerekli k\u0131lmaktad\u0131r. G\u00fcnl\u00fck ya\u015fam, e\u011fitim, sa\u011fl\u0131k, meslek, sosyal alanlar gibi bireyin etkin oldu\u011fu s\u00fcre\u00e7lerde ya\u015fanan geli\u015fmeleri takip etmek, de\u011fi\u015fime ayak uydurmak ve farkl\u0131la\u015fmay\u0131 yakalamak amac\u0131yla bireylerin inovasyon ve giri\u015fimci becerilere sahip olmalar\u0131 beklenmektedir. G\u00fcn\u00fcm\u00fcz d\u00fcnyas\u0131n\u0131n rekabet\u00e7i ortam\u0131nda farkl\u0131la\u015fmay\u0131 sa\u011flamak, geli\u015fmeyi ve b\u00fcy\u00fcmeyi s\u00fcrekli hale getirmek amac\u0131yla gerekli olan inovasyon, yeni ve geli\u015ftirilmi\u015f bir \u00fcr\u00fcn, hizmet veya farkl\u0131 \u00e7al\u0131\u015fma y\u00f6ntemlerinin verimli s\u00fcre\u00e7ler olu\u015fturmada kullan\u0131lmas\u0131n\u0131 kapsamaktad\u0131r.  <\/p>\n","protected":false},"excerpt":{"rendered":"<p>Teknolojik geli\u015fmelerin h\u0131z\u0131 ve s\u00fcreklili\u011fi b\u00fct\u00fcn d\u00fcnyada etkisini hissettirmektedir. \u0130nsan ya\u015fant\u0131s\u0131n\u0131n her alan\u0131n\u0131 etkisi alt\u0131na alan teknolojik geli\u015fmelerin yaratmakta oldu\u011fu bu h\u0131zl\u0131 de\u011fi\u015fim ve geli\u015fmeler insanlar\u0131n<span class=\"excerpt-hellip\"> [\u2026]<\/span><\/p>\n","protected":false},"featured_media":0,"template":"","meta":{"_monsterinsights_skip_tracking":false,"_monsterinsights_sitenote_active":false,"_monsterinsights_sitenote_note":"","_monsterinsights_sitenote_category":0},"product_brand":[],"product_cat":[13005,37328],"product_tag":[],"class_list":{"0":"post-747899","1":"product","2":"type-product","3":"status-publish","5":"product_cat-bilim-muhendislik","6":"product_cat-diger-bilim-muhendislik","7":"pa_cilt-ciltsiz","8":"pa_tur-kitap","9":"pa_yayinevi-ani-yayincilik","10":"pa_yazar-kolektif","12":"first","13":"instock","14":"sale","15":"shipping-taxable","16":"purchasable","17":"product-type-simple"},"_links":{"self":[{"href":"https:\/\/roveyayinevi.com.tr\/index.php\/wp-json\/wp\/v2\/product\/747899","targetHints":{"allow":["GET"]}}],"collection":[{"href":"https:\/\/roveyayinevi.com.tr\/index.php\/wp-json\/wp\/v2\/product"}],"about":[{"href":"https:\/\/roveyayinevi.com.tr\/index.php\/wp-json\/wp\/v2\/types\/product"}],"wp:attachment":[{"href":"https:\/\/roveyayinevi.com.tr\/index.php\/wp-json\/wp\/v2\/media?parent=747899"}],"wp:term":[{"taxonomy":"product_brand","embeddable":true,"href":"https:\/\/roveyayinevi.com.tr\/index.php\/wp-json\/wp\/v2\/product_brand?post=747899"},{"taxonomy":"product_cat","embeddable":true,"href":"https:\/\/roveyayinevi.com.tr\/index.php\/wp-json\/wp\/v2\/product_cat?post=747899"},{"taxonomy":"product_tag","embeddable":true,"href":"https:\/\/roveyayinevi.com.tr\/index.php\/wp-json\/wp\/v2\/product_tag?post=747899"}],"curies":[{"name":"wp","href":"https:\/\/api.w.org\/{rel}","templated":true}]}}