{"id":747897,"date":"2025-08-28T03:17:45","date_gmt":"2025-08-28T00:17:45","guid":{"rendered":"https:\/\/roveyayinevi.com.tr\/index.php\/urun\/kurtlarin-sessizligi\/"},"modified":"2025-11-21T08:51:07","modified_gmt":"2025-11-21T05:51:07","slug":"kurtlarin-sessizligi","status":"publish","type":"product","link":"https:\/\/roveyayinevi.com.tr\/index.php\/urun\/kurtlarin-sessizligi\/","title":{"rendered":"Kurtlar\u0131n Sessizli\u011fi"},"content":{"rendered":"<p>Her yer k\u0131yametin arifesi gibiydi. Etrafta yank\u0131lanan ses \u0130srafil\u2019in \u00fcfledi\u011fi sur sesine benziyordu. Hayat\u0131mda a\u00e7t\u0131\u011f\u0131m her kap\u0131 cehenneme a\u00e7\u0131l\u0131yordu. \u0130\u00e7erideki gri karanl\u0131k, k\u00f6t\u00fc \u015feylerin habercisi gibiydi. Hissetti\u011fim korku gittik\u00e7e bo\u011fucu olmaya ba\u015flam\u0131\u015ft\u0131. Her \u015fey beynimin i\u00e7inde bir girdap gibi d\u00f6n\u00fcyordu. Yar\u0131 a\u00e7\u0131k olan kap\u0131y\u0131 geriye do\u011fru a\u00e7t\u0131m ve o an bak\u0131\u015flar\u0131m bir anaforun i\u00e7inde kayboldu. Kar\u015f\u0131mda \u00e7arm\u0131ha gerilmi\u015f bir insan cesedi duruyordu. Bu korku sahnesinin kar\u015f\u0131s\u0131nda iki \u00fc\u00e7 ad\u0131m geriledim, ilk ba\u015fta peygamberin \u00e7arm\u0131ha gerilmi\u015f resmi oldu\u011funu zannettim . \u0130yice bak\u0131nca bir kad\u0131n cesedi oldu\u011fu apa\u00e7\u0131k ortadayd\u0131. \u0130ki eli yana do\u011fru a\u00e7\u0131lm\u0131\u015f ve avu\u00e7 i\u00e7lerine kocaman pasl\u0131 iki \u00e7ivi saplanm\u0131\u015ft\u0131. Kafa derisi yeni y\u00fcz\u00fclm\u00fc\u015f gibi gri sa\u00e7lar\u0131 aras\u0131nda k\u0131rm\u0131z\u0131ms\u0131 bir renk g\u00f6z\u00fck\u00fcyordu. A\u011f\u0131z k\u0131sm\u0131 yar\u0131ya kadar a\u00e7\u0131kt\u0131. Derisi bedeninden tamamen soyulmu\u015f karanl\u0131\u011f\u0131n derinliklerinden geriye kalan kemik y\u0131\u011f\u0131n\u0131 hayaletler gibi dans ediyordu. \u201cMezopotamya tarihi kanl\u0131d\u0131r, \u00f6l\u00fcmler bu co\u011frafyan\u0131n i\u00e7inde vazge\u00e7ilmez ger\u00e7eklerdir. Bizler istesek de istemesek de bu \u00f6l\u00fcmleri kabul etmek zorunday\u0131z.  Ama bana sorarsan\u0131z \u00f6l\u00fcm, her yerde ayn\u0131d\u0131r sadece her bedende kendini farkl\u0131 bir \u015fekilde g\u00f6sterir.\u201d \u201c\u0130nsanlar\u0131n olmad\u0131\u011f\u0131 bir yerde her \u015fey eksikti, her \u015fey yar\u0131md\u0131. Hayata anlam katan tek varl\u0131k insand\u0131 fakat insanl\u0131\u011f\u0131 yok eden yine insand\u0131. Hayat\u0131n kanununda insano\u011flu kural tan\u0131mayan tek canl\u0131yd\u0131, bir ama\u00e7 ve menfaat u\u011fruna b\u00fct\u00fcn de\u011ferleri ortadan yok eden bir yarat\u0131kt\u0131.\u201d \u201cTanr\u0131n\u0131n insan\u0131n duas\u0131na ihtiyac\u0131 yoktur.\u201d <\/p>\n","protected":false},"excerpt":{"rendered":"<p>Her yer k\u0131yametin arifesi gibiydi. Etrafta yank\u0131lanan ses \u0130srafil\u2019in \u00fcfledi\u011fi sur sesine benziyordu. Hayat\u0131mda a\u00e7t\u0131\u011f\u0131m her kap\u0131 cehenneme a\u00e7\u0131l\u0131yordu. \u0130\u00e7erideki gri karanl\u0131k, k\u00f6t\u00fc \u015feylerin habercisi gibiydi.<span class=\"excerpt-hellip\"> [\u2026]<\/span><\/p>\n","protected":false},"featured_media":0,"template":"","meta":{"_monsterinsights_skip_tracking":false,"_monsterinsights_sitenote_active":false,"_monsterinsights_sitenote_note":"","_monsterinsights_sitenote_category":0},"product_brand":[],"product_cat":[12291,12711],"product_tag":[],"class_list":{"0":"post-747897","1":"product","2":"type-product","3":"status-publish","5":"product_cat-edebiyat","6":"product_cat-roman-oyku","7":"pa_cilt-ciltsiz","8":"pa_tur-kitap","9":"pa_yayinevi-fa-yayinlari","10":"pa_yazar-mehmet-ali-vurmak","12":"first","13":"instock","14":"sale","15":"shipping-taxable","16":"purchasable","17":"product-type-simple"},"_links":{"self":[{"href":"https:\/\/roveyayinevi.com.tr\/index.php\/wp-json\/wp\/v2\/product\/747897","targetHints":{"allow":["GET"]}}],"collection":[{"href":"https:\/\/roveyayinevi.com.tr\/index.php\/wp-json\/wp\/v2\/product"}],"about":[{"href":"https:\/\/roveyayinevi.com.tr\/index.php\/wp-json\/wp\/v2\/types\/product"}],"wp:attachment":[{"href":"https:\/\/roveyayinevi.com.tr\/index.php\/wp-json\/wp\/v2\/media?parent=747897"}],"wp:term":[{"taxonomy":"product_brand","embeddable":true,"href":"https:\/\/roveyayinevi.com.tr\/index.php\/wp-json\/wp\/v2\/product_brand?post=747897"},{"taxonomy":"product_cat","embeddable":true,"href":"https:\/\/roveyayinevi.com.tr\/index.php\/wp-json\/wp\/v2\/product_cat?post=747897"},{"taxonomy":"product_tag","embeddable":true,"href":"https:\/\/roveyayinevi.com.tr\/index.php\/wp-json\/wp\/v2\/product_tag?post=747897"}],"curies":[{"name":"wp","href":"https:\/\/api.w.org\/{rel}","templated":true}]}}