{"id":747895,"date":"2025-08-28T03:17:42","date_gmt":"2025-08-28T00:17:42","guid":{"rendered":"https:\/\/roveyayinevi.com.tr\/index.php\/urun\/ilkel-insanlarda-cinsellik\/"},"modified":"2026-04-08T03:07:30","modified_gmt":"2026-04-08T00:07:30","slug":"ilkel-insanlarda-cinsellik","status":"publish","type":"product","link":"https:\/\/roveyayinevi.com.tr\/index.php\/urun\/ilkel-insanlarda-cinsellik\/","title":{"rendered":"\u0130lkel \u0130nsanlarda Cinsellik"},"content":{"rendered":"<p>Kitap, ilkel insanlar\u0131n cinsel ya\u015famlar\u0131 \u00fczerine Hans Fehlinger\u2019in yapm\u0131\u015f oldu\u011fu antropolojik \u00e7al\u0131\u015fman\u0131n orjinalinin birebir terc\u00fcmesidir. Fehlinger, bu ara\u015ft\u0131rmay\u0131 yaparken Brezilya\u2019n\u0131n Xingu\u2019sundan Afrika\u2019da ya\u015fayan ilkel kabilelere kadar bir \u00e7ok ilkel ya\u015fam\u0131 dayanarak ilkel insanlar\u0131n cinsel ya\u015famlar\u0131na ili\u015fkin bu kitab\u0131 kaleme alm\u0131\u015ft\u0131r. Bilgiler tamamen ger\u00e7ek ya\u015fam\u0131n kitaba yans\u0131mas\u0131 olmas\u0131 nedeniyle gerek yaz\u0131ld\u0131\u011f\u0131 d\u00f6nemde gerekse g\u00fcn\u00fcm\u00fczde hala k\u0131\u015fk\u0131rt\u0131c\u0131 ve m\u00fcstehcen olarak kabul edilmektedir. <\/p>\n","protected":false},"excerpt":{"rendered":"<p>Kitap, ilkel insanlar\u0131n cinsel ya\u015famlar\u0131 \u00fczerine Hans Fehlinger\u2019in yapm\u0131\u015f oldu\u011fu antropolojik \u00e7al\u0131\u015fman\u0131n orjinalinin birebir terc\u00fcmesidir. Fehlinger, bu ara\u015ft\u0131rmay\u0131 yaparken Brezilya\u2019n\u0131n Xingu\u2019sundan Afrika\u2019da ya\u015fayan ilkel kabilelere kadar<span class=\"excerpt-hellip\"> [\u2026]<\/span><\/p>\n","protected":false},"featured_media":0,"template":"","meta":{"_monsterinsights_skip_tracking":false,"_monsterinsights_sitenote_active":false,"_monsterinsights_sitenote_note":"","_monsterinsights_sitenote_category":0},"product_brand":[],"product_cat":[12364,12376],"product_tag":[],"class_list":{"0":"post-747895","1":"product","2":"type-product","3":"status-publish","5":"product_cat-genel-konular","6":"product_cat-kisisel-gelisim","7":"pa_cilt-ciltsiz","8":"pa_tur-kitap","9":"pa_yayinevi-fa-yayinlari","10":"pa_yazar-hans-fehlinger","12":"first","13":"instock","14":"sale","15":"shipping-taxable","16":"purchasable","17":"product-type-simple"},"_links":{"self":[{"href":"https:\/\/roveyayinevi.com.tr\/index.php\/wp-json\/wp\/v2\/product\/747895","targetHints":{"allow":["GET"]}}],"collection":[{"href":"https:\/\/roveyayinevi.com.tr\/index.php\/wp-json\/wp\/v2\/product"}],"about":[{"href":"https:\/\/roveyayinevi.com.tr\/index.php\/wp-json\/wp\/v2\/types\/product"}],"wp:attachment":[{"href":"https:\/\/roveyayinevi.com.tr\/index.php\/wp-json\/wp\/v2\/media?parent=747895"}],"wp:term":[{"taxonomy":"product_brand","embeddable":true,"href":"https:\/\/roveyayinevi.com.tr\/index.php\/wp-json\/wp\/v2\/product_brand?post=747895"},{"taxonomy":"product_cat","embeddable":true,"href":"https:\/\/roveyayinevi.com.tr\/index.php\/wp-json\/wp\/v2\/product_cat?post=747895"},{"taxonomy":"product_tag","embeddable":true,"href":"https:\/\/roveyayinevi.com.tr\/index.php\/wp-json\/wp\/v2\/product_tag?post=747895"}],"curies":[{"name":"wp","href":"https:\/\/api.w.org\/{rel}","templated":true}]}}