{"id":747892,"date":"2025-08-28T03:17:39","date_gmt":"2025-08-28T00:17:39","guid":{"rendered":"https:\/\/roveyayinevi.com.tr\/index.php\/urun\/islami-ve-batiyi-yeniden-dusunmek-krizler-cagi-icin-yeni-bir-anlati\/"},"modified":"2026-04-16T03:00:37","modified_gmt":"2026-04-16T00:00:37","slug":"islami-ve-batiyi-yeniden-dusunmek-krizler-cagi-icin-yeni-bir-anlati","status":"publish","type":"product","link":"https:\/\/roveyayinevi.com.tr\/index.php\/urun\/islami-ve-batiyi-yeniden-dusunmek-krizler-cagi-icin-yeni-bir-anlati\/","title":{"rendered":"\u0130slam\u2019\u0131 ve Bat\u0131\u2019y\u0131 Yeniden D\u00fc\u015f\u00fcnmek &#8211; Krizler \u00c7a\u011f\u0131 \u0130\u00e7in Yeni Bir Anlat\u0131"},"content":{"rendered":"<p>Biz art\u0131k bir \u201cKrizler C\u0327ag\u0306\u0131\u201dnda yas\u0327\u0131yoruz ve atom bombas\u0131n\u0131n yap\u0131m\u0131ndan beri bu durumday\u0131z. Kendimizi ve yeryu\u0308zu\u0308ndeki bu\u0308tu\u0308n canl\u0131 hayat\u0131 birc\u0327ok farkl\u0131 s\u0327ekilde yok edebileceg\u0306imize dair yak\u0131n gerc\u0327eklik, varl\u0131g\u0306\u0131m\u0131z\u0131 go\u0308lgeliyor. Bu Krizler C\u0327ag\u0306\u0131\u2019na nas\u0131l geldig\u0306imizi ve \u0130slam ile Bat\u0131 aras\u0131nda bugu\u0308n var olan anlas\u0327mazl\u0131k ve du\u0308s\u0327manl\u0131g\u0306\u0131 anlamaya tes\u0327ebbu\u0308s ediyoruz. Bunu bas\u0327arabilmek ic\u0327in, bu \u00e7al\u0131\u015fmam\u0131zda, bir bak\u0131s\u0327 ac\u0327\u0131s\u0131 deg\u0306is\u0327iklig\u0306i, farkl\u0131 bir anlat\u0131 ve baz\u0131 kriterler o\u0308neriyoruz. Bu kitap, yeni bir anlat\u0131n\u0131n argu\u0308manlar\u0131n\u0131 ortaya koyan ve bu tezin temelini olus\u0327turan denge kriterlerini o\u0308zetleyen bir girizga\u0302h ile bas\u0327l\u0131yor. Kitab\u0131n ana k\u0131sm\u0131 yedi bo\u0308lu\u0308mden olus\u0327uyor. Bunlar\u0131n alt\u0131s\u0131 o\u0308nce \u0130slam\u2019a sonra Bat\u0131\u2019ya uygulanan temalar ic\u0327eriyor. Bu temalar, iki du\u0308nyan\u0131n olus\u0327umunda ve tarihsel gelis\u0327iminde anahtar biles\u0327enlerdir diyebiliriz. Son bo\u0308lu\u0308m, kriz c\u0327ag\u0306\u0131n\u0131 hedefine al\u0131yor ve k\u0131sa bir sonuc\u0327 bo\u0308lu\u0308mu\u0308 denge perspektifinden I\u0307slam\u2019\u0131n ve Bat\u0131\u2019n\u0131n nas\u0131l go\u0308ru\u0308ndu\u0308g\u0306u\u0308nu\u0308 o\u0308zetliyor. Ayr\u0131ca, bu c\u0327al\u0131s\u0327madan c\u0327\u0131kan ve baz\u0131lar\u0131 yeni tu\u0308retilmis\u0327 olan terimler ve ilkelerin bir so\u0308zlu\u0308g\u0306u\u0308 de eklenmis\u0327tir. Umudumuz, bu kars\u0327\u0131las\u0327t\u0131rmal\u0131 analizin Krizler C\u0327ag\u0306\u0131m\u0131z\u0131 ac\u0327\u0131klamas\u0131, modern du\u0308nya hakk\u0131ndaki anlay\u0131s\u0327\u0131m\u0131z\u0131 ayd\u0131nlatmas\u0131 ve I\u0307slam ile I\u0307slam medeniyetini daha iyi bir \u0131s\u0327\u0131k alt\u0131nda go\u0308rmemizi sag\u0306lamas\u0131d\u0131r.<\/p>\n","protected":false},"excerpt":{"rendered":"<p>Biz art\u0131k bir \u201cKrizler C\u0327ag\u0306\u0131\u201dnda yas\u0327\u0131yoruz ve atom bombas\u0131n\u0131n yap\u0131m\u0131ndan beri bu durumday\u0131z. Kendimizi ve yeryu\u0308zu\u0308ndeki bu\u0308tu\u0308n canl\u0131 hayat\u0131 birc\u0327ok farkl\u0131 s\u0327ekilde yok edebileceg\u0306imize dair yak\u0131n<span class=\"excerpt-hellip\"> [\u2026]<\/span><\/p>\n","protected":false},"featured_media":0,"template":"","meta":{"_monsterinsights_skip_tracking":false,"_monsterinsights_sitenote_active":false,"_monsterinsights_sitenote_note":"","_monsterinsights_sitenote_category":0},"product_brand":[],"product_cat":[13036,12718,12719],"product_tag":[],"class_list":{"0":"post-747892","1":"product","2":"type-product","3":"status-publish","5":"product_cat-arastirma-inceleme-islam","6":"product_cat-din","7":"product_cat-islam","8":"pa_cilt-ciltsiz","9":"pa_tur-kitap","10":"pa_yayinevi-ibn-haldun-universitesi-yayinlari","11":"pa_yazar-ahmed-paul-keller","13":"first","14":"instock","15":"sale","16":"shipping-taxable","17":"purchasable","18":"product-type-simple"},"_links":{"self":[{"href":"https:\/\/roveyayinevi.com.tr\/index.php\/wp-json\/wp\/v2\/product\/747892","targetHints":{"allow":["GET"]}}],"collection":[{"href":"https:\/\/roveyayinevi.com.tr\/index.php\/wp-json\/wp\/v2\/product"}],"about":[{"href":"https:\/\/roveyayinevi.com.tr\/index.php\/wp-json\/wp\/v2\/types\/product"}],"wp:attachment":[{"href":"https:\/\/roveyayinevi.com.tr\/index.php\/wp-json\/wp\/v2\/media?parent=747892"}],"wp:term":[{"taxonomy":"product_brand","embeddable":true,"href":"https:\/\/roveyayinevi.com.tr\/index.php\/wp-json\/wp\/v2\/product_brand?post=747892"},{"taxonomy":"product_cat","embeddable":true,"href":"https:\/\/roveyayinevi.com.tr\/index.php\/wp-json\/wp\/v2\/product_cat?post=747892"},{"taxonomy":"product_tag","embeddable":true,"href":"https:\/\/roveyayinevi.com.tr\/index.php\/wp-json\/wp\/v2\/product_tag?post=747892"}],"curies":[{"name":"wp","href":"https:\/\/api.w.org\/{rel}","templated":true}]}}