{"id":747891,"date":"2025-08-28T03:17:38","date_gmt":"2025-08-28T00:17:38","guid":{"rendered":"https:\/\/roveyayinevi.com.tr\/index.php\/urun\/dilsiz-olmaz\/"},"modified":"2026-04-16T03:00:37","modified_gmt":"2026-04-16T00:00:37","slug":"dilsiz-olmaz","status":"publish","type":"product","link":"https:\/\/roveyayinevi.com.tr\/index.php\/urun\/dilsiz-olmaz\/","title":{"rendered":"Dilsiz Olmaz"},"content":{"rendered":"<p>Felsefi anlamlar ve anlay\u0131\u015flar\u0131n alt\u0131nda yatan ve onlara dayanak olu\u015fturan dilsel ilkeleri \u00f6n plana \u00e7\u0131karan Taha Abdurrahman\u2019\u0131n metinleriyle u\u011fra\u015fmak ayn\u0131 zamanda yeni bir felsefi l\u00fcgat\u00e7eyi hesaba katmak demektir. Zira o, s\u00f6ylem analizi ve diyalektik m\u00fcnazara kuramlar\u0131 alan\u0131ndaki en son geli\u015fmeleri g\u00f6z \u00f6n\u00fcnde bulundurarak klasik \u0130slam d\u00fc\u015f\u00fcncesindeki pek \u00e7ok terimin i\u00e7eri\u011fini kendi tezi do\u011frultusunda yeniden anlamland\u0131rm\u0131\u015f, Bat\u0131l\u0131 terminolojiyle fikirlerini desteklemi\u015f, bunlar\u0131n yeterli gelmedi\u011fi durumlardaysa yeni terimler teklif etmi\u015ftir. Entelekt\u00fcel meydan okumalar konusunda \u00f6rnek bir becerisergileyen Taha Abdurrahman\u2019\u0131n d\u00fc\u015f\u00fcncesinin diyalojik niteli\u011fini belirgin k\u0131lan Dilsiz Olmaz, filozofun entelekt\u00fcel projesinin \u00f6nemli bir bile\u015feni olarak dilbilime ve dille ilgili di\u011fer konulara, mant\u0131\u011fa ve felsefeye dair yeni bak\u0131\u015f a\u00e7\u0131lar\u0131na ve anlay\u0131\u015flara \u0131\u015f\u0131k tutmay\u0131 ama\u00e7l\u0131yor. En se\u00e7kin \u00e7a\u011fda\u015f M\u00fcsl\u00fcman d\u00fc\u015f\u00fcn\u00fcrlerden biri olarak, \u00f6nde gelen \u00f6\u011frencilerinden ve meslekta\u015flar\u0131ndan baz\u0131lar\u0131n\u0131n Taha Abdurrahman\u2019a y\u00f6neltti\u011fi se\u00e7me sorular, ona siyaset, din ve ilahiyatla ilgili konular\u0131 \u00f6zet bir bi\u00e7imde ele al\u0131p, mant\u0131k ve felsefeye ili\u015fkin meseleleri daha ayr\u0131nt\u0131l\u0131 bir bi\u00e7imde de\u011ferlendirme imk\u00e2n\u0131 veriyor. Dilsiz Olmaz felsefeyle, dilbilim ve dil felsefesiyle, tarihselci ruhun h\u00e2kim oldu\u011fu felsefi eserlerle, \u00e7a\u011fda\u015f \u0130slam d\u00fc\u015f\u00fcncesiyle ilgilenen herkesin kitapl\u0131\u011f\u0131nda bulunmas\u0131 gereken bir eser. Ufku a\u00e7\u0131k bir bak\u0131\u015f\u0131 g\u00f6zler \u00f6n\u00fcne seren bu kitap, d\u00fc\u015f\u00fcn\u00fcr\u00fc hen\u00fcz tan\u0131mayanlar i\u00e7in de g\u00fczel bir tan\u0131\u015fma vesilesi.<\/p>\n","protected":false},"excerpt":{"rendered":"<p>Felsefi anlamlar ve anlay\u0131\u015flar\u0131n alt\u0131nda yatan ve onlara dayanak olu\u015fturan dilsel ilkeleri \u00f6n plana \u00e7\u0131karan Taha Abdurrahman\u2019\u0131n metinleriyle u\u011fra\u015fmak ayn\u0131 zamanda yeni bir felsefi l\u00fcgat\u00e7eyi hesaba<span class=\"excerpt-hellip\"> [\u2026]<\/span><\/p>\n","protected":false},"featured_media":0,"template":"","meta":{"_monsterinsights_skip_tracking":false,"_monsterinsights_sitenote_active":false,"_monsterinsights_sitenote_note":"","_monsterinsights_sitenote_category":0},"product_brand":[],"product_cat":[20351,12388],"product_tag":[],"class_list":{"0":"post-747891","1":"product","2":"type-product","3":"status-publish","5":"product_cat-dusunce","6":"product_cat-felsefe","7":"pa_cilt-ciltsiz","8":"pa_tur-kitap","9":"pa_yayinevi-pinar-yayinlari","10":"pa_yazar-taha-abdurrahman","12":"first","13":"instock","14":"sale","15":"shipping-taxable","16":"purchasable","17":"product-type-simple"},"_links":{"self":[{"href":"https:\/\/roveyayinevi.com.tr\/index.php\/wp-json\/wp\/v2\/product\/747891","targetHints":{"allow":["GET"]}}],"collection":[{"href":"https:\/\/roveyayinevi.com.tr\/index.php\/wp-json\/wp\/v2\/product"}],"about":[{"href":"https:\/\/roveyayinevi.com.tr\/index.php\/wp-json\/wp\/v2\/types\/product"}],"wp:attachment":[{"href":"https:\/\/roveyayinevi.com.tr\/index.php\/wp-json\/wp\/v2\/media?parent=747891"}],"wp:term":[{"taxonomy":"product_brand","embeddable":true,"href":"https:\/\/roveyayinevi.com.tr\/index.php\/wp-json\/wp\/v2\/product_brand?post=747891"},{"taxonomy":"product_cat","embeddable":true,"href":"https:\/\/roveyayinevi.com.tr\/index.php\/wp-json\/wp\/v2\/product_cat?post=747891"},{"taxonomy":"product_tag","embeddable":true,"href":"https:\/\/roveyayinevi.com.tr\/index.php\/wp-json\/wp\/v2\/product_tag?post=747891"}],"curies":[{"name":"wp","href":"https:\/\/api.w.org\/{rel}","templated":true}]}}