{"id":747890,"date":"2025-08-28T03:17:36","date_gmt":"2025-08-28T00:17:36","guid":{"rendered":"https:\/\/roveyayinevi.com.tr\/index.php\/urun\/ayasli-ile-kiracilari-7\/"},"modified":"2026-04-16T03:00:37","modified_gmt":"2026-04-16T00:00:37","slug":"ayasli-ile-kiracilari-7","status":"publish","type":"product","link":"https:\/\/roveyayinevi.com.tr\/index.php\/urun\/ayasli-ile-kiracilari-7\/","title":{"rendered":"Aya\u015fl\u0131 \u0130le Kirac\u0131lar\u0131"},"content":{"rendered":"<p>Memduh \u015eevket Esendal\u2019\u0131n 1934 y\u0131l\u0131nda yazd\u0131\u011f\u0131 Aya\u015fl\u0131 ve Kirac\u0131lar\u0131 adl\u0131 roman\u0131 Cumhuriyet sonras\u0131 Ankara\u2019s\u0131nda bir daire kat\u0131n\u0131n dokuz odas\u0131nda oturanlar\u0131n g\u00fcnl\u00fck hayatlar\u0131ndan ve birbirleriyle olan ili\u015fkilerinden kesitler vermektedir. Ankara\u2019n\u0131n kurulu\u015f senelerinden, y\u0131k\u0131lan bir d\u00fczenden yeni bir toplum merkezine ge\u00e7menin sars\u0131nt\u0131lar\u0131 aras\u0131nda bocalayan \u2018\u2019k\u00fc\u00e7\u00fck insanlar\u2019\u0131n hayatlar\u0131n\u0131 duru ve yal\u0131n bir dille anlatmaya \u00e7al\u0131\u015fmaktad\u0131r.   <\/p>\n","protected":false},"excerpt":{"rendered":"<p>Memduh \u015eevket Esendal\u2019\u0131n 1934 y\u0131l\u0131nda yazd\u0131\u011f\u0131 Aya\u015fl\u0131 ve Kirac\u0131lar\u0131 adl\u0131 roman\u0131 Cumhuriyet sonras\u0131 Ankara\u2019s\u0131nda bir daire kat\u0131n\u0131n dokuz odas\u0131nda oturanlar\u0131n g\u00fcnl\u00fck hayatlar\u0131ndan ve birbirleriyle olan ili\u015fkilerinden<span class=\"excerpt-hellip\"> [\u2026]<\/span><\/p>\n","protected":false},"featured_media":0,"template":"","meta":{"_monsterinsights_skip_tracking":false,"_monsterinsights_sitenote_active":false,"_monsterinsights_sitenote_note":"","_monsterinsights_sitenote_category":0},"product_brand":[],"product_cat":[12291,12711],"product_tag":[],"class_list":{"0":"post-747890","1":"product","2":"type-product","3":"status-publish","5":"product_cat-edebiyat","6":"product_cat-roman-oyku","7":"pa_cilt-ciltsiz","8":"pa_tur-kitap","9":"pa_yayinevi-mirhan-kitap","10":"pa_yazar-memduh-sevket-esendal","12":"first","13":"instock","14":"sale","15":"shipping-taxable","16":"purchasable","17":"product-type-simple"},"_links":{"self":[{"href":"https:\/\/roveyayinevi.com.tr\/index.php\/wp-json\/wp\/v2\/product\/747890","targetHints":{"allow":["GET"]}}],"collection":[{"href":"https:\/\/roveyayinevi.com.tr\/index.php\/wp-json\/wp\/v2\/product"}],"about":[{"href":"https:\/\/roveyayinevi.com.tr\/index.php\/wp-json\/wp\/v2\/types\/product"}],"wp:attachment":[{"href":"https:\/\/roveyayinevi.com.tr\/index.php\/wp-json\/wp\/v2\/media?parent=747890"}],"wp:term":[{"taxonomy":"product_brand","embeddable":true,"href":"https:\/\/roveyayinevi.com.tr\/index.php\/wp-json\/wp\/v2\/product_brand?post=747890"},{"taxonomy":"product_cat","embeddable":true,"href":"https:\/\/roveyayinevi.com.tr\/index.php\/wp-json\/wp\/v2\/product_cat?post=747890"},{"taxonomy":"product_tag","embeddable":true,"href":"https:\/\/roveyayinevi.com.tr\/index.php\/wp-json\/wp\/v2\/product_tag?post=747890"}],"curies":[{"name":"wp","href":"https:\/\/api.w.org\/{rel}","templated":true}]}}