{"id":747885,"date":"2025-08-28T03:17:31","date_gmt":"2025-08-28T00:17:31","guid":{"rendered":"https:\/\/roveyayinevi.com.tr\/index.php\/urun\/sultan-ve-saglik-3-ahmedin-hatt-i-humayunlarinda\/"},"modified":"2026-04-16T03:00:37","modified_gmt":"2026-04-16T00:00:37","slug":"sultan-ve-saglik-3-ahmedin-hatt-i-humayunlarinda","status":"publish","type":"product","link":"https:\/\/roveyayinevi.com.tr\/index.php\/urun\/sultan-ve-saglik-3-ahmedin-hatt-i-humayunlarinda\/","title":{"rendered":"Sultan ve Sa\u011fl\u0131k &#8211; 3. Ahmed&#8217;in Hatt-\u0131 H\u00fcmay\u00fcnlar\u0131nda"},"content":{"rendered":"<p>Bu kitapta III. Ahmed\u2019in kendi, ailesi ve \u00e7evresindekilerin hastal\u0131klar\u0131 ve tedavileriyle ilgili hatt-\u0131 h\u00fcm\u00e2y\u00fbnlar\u0131, yani emirleri bir araya getirildi. Bu belgelerdeki bilgilerden d\u00f6nemin di\u011fer kaynaklar\u0131nda neredeyse hi\u00e7 bahsedilmez. Sultan\u0131n hatlar\u0131 d\u00f6nemin t\u0131p bilgisine dair de \u00f6nemli bilgiler ihtiva eder. Di\u011fer padi\u015fahlar\u0131n bu t\u00fcr hatlar\u0131na fazla rastlamay\u0131z. III. Ahmed bizzat kendi el yaz\u0131s\u0131yla kaleme ald\u0131\u011f\u0131 emirlerde hem kendi hastal\u0131klar\u0131ndan hem de \u00e7evresindekilerin hastal\u0131klar\u0131ndan, tedavi usullerinden ve hekimlerin g\u00f6r\u00fc\u015flerinden bahseder.<\/p>\n","protected":false},"excerpt":{"rendered":"<p>Bu kitapta III. Ahmed\u2019in kendi, ailesi ve \u00e7evresindekilerin hastal\u0131klar\u0131 ve tedavileriyle ilgili hatt-\u0131 h\u00fcm\u00e2y\u00fbnlar\u0131, yani emirleri bir araya getirildi. Bu belgelerdeki bilgilerden d\u00f6nemin di\u011fer kaynaklar\u0131nda neredeyse<span class=\"excerpt-hellip\"> [\u2026]<\/span><\/p>\n","protected":false},"featured_media":0,"template":"","meta":{"_monsterinsights_skip_tracking":false,"_monsterinsights_sitenote_active":false,"_monsterinsights_sitenote_note":"","_monsterinsights_sitenote_category":0},"product_brand":[],"product_cat":[13366,13365],"product_tag":[],"class_list":{"0":"post-747885","1":"product","2":"type-product","3":"status-publish","5":"product_cat-diger-saglik","6":"product_cat-saglik","7":"pa_cilt-ciltsiz","8":"pa_tur-kitap","9":"pa_yayinevi-yeditepe-yayinevi","10":"pa_yazar-erhan-afyoncu","12":"first","13":"instock","14":"sale","15":"shipping-taxable","16":"purchasable","17":"product-type-simple"},"_links":{"self":[{"href":"https:\/\/roveyayinevi.com.tr\/index.php\/wp-json\/wp\/v2\/product\/747885","targetHints":{"allow":["GET"]}}],"collection":[{"href":"https:\/\/roveyayinevi.com.tr\/index.php\/wp-json\/wp\/v2\/product"}],"about":[{"href":"https:\/\/roveyayinevi.com.tr\/index.php\/wp-json\/wp\/v2\/types\/product"}],"wp:attachment":[{"href":"https:\/\/roveyayinevi.com.tr\/index.php\/wp-json\/wp\/v2\/media?parent=747885"}],"wp:term":[{"taxonomy":"product_brand","embeddable":true,"href":"https:\/\/roveyayinevi.com.tr\/index.php\/wp-json\/wp\/v2\/product_brand?post=747885"},{"taxonomy":"product_cat","embeddable":true,"href":"https:\/\/roveyayinevi.com.tr\/index.php\/wp-json\/wp\/v2\/product_cat?post=747885"},{"taxonomy":"product_tag","embeddable":true,"href":"https:\/\/roveyayinevi.com.tr\/index.php\/wp-json\/wp\/v2\/product_tag?post=747885"}],"curies":[{"name":"wp","href":"https:\/\/api.w.org\/{rel}","templated":true}]}}