{"id":747883,"date":"2025-08-28T03:17:27","date_gmt":"2025-08-28T00:17:27","guid":{"rendered":"https:\/\/roveyayinevi.com.tr\/index.php\/urun\/em-ninenin-donusumu\/"},"modified":"2026-04-16T03:00:37","modified_gmt":"2026-04-16T00:00:37","slug":"em-ninenin-donusumu","status":"publish","type":"product","link":"https:\/\/roveyayinevi.com.tr\/index.php\/urun\/em-ninenin-donusumu\/","title":{"rendered":"Em Nine\u2019nin D\u00f6n\u00fc\u015f\u00fcm\u00fc"},"content":{"rendered":"<p>\u0130htiyarl\u0131\u011f\u0131ndan bezmi\u015f Em Nine, t\u00fcm g\u00fcn cam\u0131n\u0131n \u00f6n\u00fcnde somurtup otururdu. Torunlar\u0131 ve \u00e7\u00f6pleri d\u0131\u015f\u0131nda bu hayatta onu mutlu eden bir \u015fey yoktu.  O g\u00fcn de her zamanki gibi evinde y\u0131rt\u0131k, k\u0131r\u0131k, s\u00f6k\u00fck ne var ne yok diye aramaya \u00e7\u0131km\u0131\u015ft\u0131. Ama bug\u00fcn di\u011fer g\u00fcnlerden epey farkl\u0131 olacakt\u0131. Torunlar\u0131 \u0130lgin\u00e7 Bilgi\u00e7 Karde\u015fler, Em Nine\u2019yi d\u00f6n\u00fc\u015f\u00fcm yolculu\u011funa \u00e7\u0131karacakt\u0131. Em Nine\u2019ye hayal kurman\u0131n, d\u00f6n\u00fc\u015fmenin, \u00fcretmenin sihirli kap\u0131lar\u0131n\u0131 a\u00e7acaklard\u0131. \u00d6yle ya anneleri hep \u201cHayal kurmak kalbine umut tohumlar\u0131 ekmekle ayn\u0131 \u015fey say\u0131l\u0131r.\u201d derdi. Bakal\u0131m \u0130lgin\u00e7 Bilgi\u00e7 Karde\u015fler, Em Nine\u2019yi d\u00f6n\u00fc\u015ft\u00fcrecek nas\u0131l bir s\u00fcrpriz haz\u0131rlam\u0131\u015ft\u0131? <\/p>\n","protected":false},"excerpt":{"rendered":"<p>\u0130htiyarl\u0131\u011f\u0131ndan bezmi\u015f Em Nine, t\u00fcm g\u00fcn cam\u0131n\u0131n \u00f6n\u00fcnde somurtup otururdu. Torunlar\u0131 ve \u00e7\u00f6pleri d\u0131\u015f\u0131nda bu hayatta onu mutlu eden bir \u015fey yoktu. O g\u00fcn de her<span class=\"excerpt-hellip\"> [\u2026]<\/span><\/p>\n","protected":false},"featured_media":0,"template":"","meta":{"_monsterinsights_skip_tracking":false,"_monsterinsights_sitenote_active":false,"_monsterinsights_sitenote_note":"","_monsterinsights_sitenote_category":0},"product_brand":[],"product_cat":[12274,12284],"product_tag":[],"class_list":{"0":"post-747883","1":"product","2":"type-product","3":"status-publish","5":"product_cat-cocuk-ve-genclik-kitaplari","6":"product_cat-hikayeler","7":"pa_cilt-ciltsiz","8":"pa_tur-kitap","9":"pa_yayinevi-nesil-cocuk-yayinlari","10":"pa_yazar-buse-aybuke-erdogan","12":"first","13":"instock","14":"sale","15":"shipping-taxable","16":"purchasable","17":"product-type-simple"},"_links":{"self":[{"href":"https:\/\/roveyayinevi.com.tr\/index.php\/wp-json\/wp\/v2\/product\/747883","targetHints":{"allow":["GET"]}}],"collection":[{"href":"https:\/\/roveyayinevi.com.tr\/index.php\/wp-json\/wp\/v2\/product"}],"about":[{"href":"https:\/\/roveyayinevi.com.tr\/index.php\/wp-json\/wp\/v2\/types\/product"}],"wp:attachment":[{"href":"https:\/\/roveyayinevi.com.tr\/index.php\/wp-json\/wp\/v2\/media?parent=747883"}],"wp:term":[{"taxonomy":"product_brand","embeddable":true,"href":"https:\/\/roveyayinevi.com.tr\/index.php\/wp-json\/wp\/v2\/product_brand?post=747883"},{"taxonomy":"product_cat","embeddable":true,"href":"https:\/\/roveyayinevi.com.tr\/index.php\/wp-json\/wp\/v2\/product_cat?post=747883"},{"taxonomy":"product_tag","embeddable":true,"href":"https:\/\/roveyayinevi.com.tr\/index.php\/wp-json\/wp\/v2\/product_tag?post=747883"}],"curies":[{"name":"wp","href":"https:\/\/api.w.org\/{rel}","templated":true}]}}