{"id":747876,"date":"2025-08-28T03:17:17","date_gmt":"2025-08-28T00:17:17","guid":{"rendered":"https:\/\/roveyayinevi.com.tr\/index.php\/urun\/labirent-4\/"},"modified":"2026-04-12T03:03:50","modified_gmt":"2026-04-12T00:03:50","slug":"labirent-4","status":"publish","type":"product","link":"https:\/\/roveyayinevi.com.tr\/index.php\/urun\/labirent-4\/","title":{"rendered":"Labirent"},"content":{"rendered":"<p>\u0130nsanl\u0131k tarihinin en eski sembollerinden birinin labirent oldu\u011funu biliyor muydun? \u0130nsan\u0131n en kadim \u00e7izimi labirentti.   Hayat\u0131n t\u00fcm gizemini i\u00e7inde ta\u015f\u0131yan, bir bebe\u011fin \u2018labirenti and\u0131ran\u2019 ana rahminden do\u011fu\u015fuyla ba\u015flayan labirentin s\u0131rr\u0131 ge\u00e7mi\u015f, gelecek ve \u015fimdiki zaman\u0131 birbirine ba\u011flar. \u00d6te \u00e2lem, bu \u00e2lem ve g\u00f6ksel \u00e2lemi bulu\u015fturan bu kutsal mahal \u015fimdi hediyesini vermek istiyor. D\u00fc\u011f\u00fcm\u00fcn \u00e7\u00f6z\u00fclme zaman\u0131.   \u0130skandinavya\u2019n\u0131n ta\u015f labirentlerinden, Hindistan\u2019\u0131n kadim labirent alanlar\u0131na, Yukatan Yar\u0131madas\u0131ndan, Antik M\u0131s\u0131r Tap\u0131naklar\u0131na, Eski Yunan\u2019daki kil tabletlerden, Orta\u00e7a\u011f metinlerine ve g\u00fcn\u00fcm\u00fcze uzanan labirent.   Neden insanl\u0131k labirente bu kadar \u00f6nem verdi ve da\u011flara ta\u015flara, ma\u011faralara, a\u011fa\u00e7lara, ormanlara hep labirent \u00e7izdi? Atalar\u0131m\u0131z, d\u00fcnyan\u0131n d\u00f6rt bir yan\u0131ndan, zamans\u0131z zamanlardan bize gizemleri f\u0131s\u0131ld\u0131yor. Bu kitapta arketipsel labirentin s\u0131rr\u0131n\u0131, ilahi matematiksel sekans\u0131n\u0131, \u00e7akralarla ba\u011flant\u0131s\u0131n\u0131, en gizemli mitini, insan\u0131n g\u00f6lgesiyle y\u00fczle\u015ferek, labirentte bir kahraman olarak do\u011fmas\u0131n\u0131 g\u00f6receksin. Teorik bilgiler kadar, hayat\u0131ndaki d\u00fc\u011f\u00fcmleri \u00e7\u00f6zebilece\u011fin rit\u00fceller, g\u00fcc\u00fcn\u00fc fark edece\u011fin seremoniler ve mitini bulaca\u011f\u0131n hik\u00e2yeler var.   \u0130\u015fini de\u011fi\u015ftirmek, a\u015fk\u0131 bulmak, ge\u00e7mi\u015ften \u00f6zg\u00fcrle\u015fmek, yeni bir yol a\u00e7mak m\u0131 istiyorsun; labirente gir. Kitaptaki, ipu\u00e7lar\u0131, basit rit\u00fceller, seni \u0131\u015f\u0131\u011fa g\u00f6t\u00fcrecek, masallar, mitler, \u015fifrelerle harika bir yolculuk bekler seni. Zaman \u015fimdidir. Haydi labirentte y\u00fcr\u00fcmeye ba\u015fla.  Yol sana a\u00e7\u0131ld\u0131. <\/p>\n","protected":false},"excerpt":{"rendered":"<p>\u0130nsanl\u0131k tarihinin en eski sembollerinden birinin labirent oldu\u011funu biliyor muydun? \u0130nsan\u0131n en kadim \u00e7izimi labirentti. Hayat\u0131n t\u00fcm gizemini i\u00e7inde ta\u015f\u0131yan, bir bebe\u011fin \u2018labirenti and\u0131ran\u2019 ana rahminden<span class=\"excerpt-hellip\"> [\u2026]<\/span><\/p>\n","protected":false},"featured_media":0,"template":"","meta":{"_monsterinsights_skip_tracking":false,"_monsterinsights_sitenote_active":false,"_monsterinsights_sitenote_note":"","_monsterinsights_sitenote_category":0},"product_brand":[],"product_cat":[12364,12376],"product_tag":[],"class_list":{"0":"post-747876","1":"product","2":"type-product","3":"status-publish","5":"product_cat-genel-konular","6":"product_cat-kisisel-gelisim","7":"pa_cilt-ciltsiz","8":"pa_tur-kitap","9":"pa_yayinevi-dogan-novus","10":"pa_yazar-efe-elmas","12":"first","13":"instock","14":"sale","15":"shipping-taxable","16":"purchasable","17":"product-type-simple"},"_links":{"self":[{"href":"https:\/\/roveyayinevi.com.tr\/index.php\/wp-json\/wp\/v2\/product\/747876","targetHints":{"allow":["GET"]}}],"collection":[{"href":"https:\/\/roveyayinevi.com.tr\/index.php\/wp-json\/wp\/v2\/product"}],"about":[{"href":"https:\/\/roveyayinevi.com.tr\/index.php\/wp-json\/wp\/v2\/types\/product"}],"wp:attachment":[{"href":"https:\/\/roveyayinevi.com.tr\/index.php\/wp-json\/wp\/v2\/media?parent=747876"}],"wp:term":[{"taxonomy":"product_brand","embeddable":true,"href":"https:\/\/roveyayinevi.com.tr\/index.php\/wp-json\/wp\/v2\/product_brand?post=747876"},{"taxonomy":"product_cat","embeddable":true,"href":"https:\/\/roveyayinevi.com.tr\/index.php\/wp-json\/wp\/v2\/product_cat?post=747876"},{"taxonomy":"product_tag","embeddable":true,"href":"https:\/\/roveyayinevi.com.tr\/index.php\/wp-json\/wp\/v2\/product_tag?post=747876"}],"curies":[{"name":"wp","href":"https:\/\/api.w.org\/{rel}","templated":true}]}}