{"id":747875,"date":"2025-08-28T03:17:16","date_gmt":"2025-08-28T00:17:16","guid":{"rendered":"https:\/\/roveyayinevi.com.tr\/index.php\/urun\/shaman-king-saman-kral-8-cilt\/"},"modified":"2026-04-16T03:00:37","modified_gmt":"2026-04-16T00:00:37","slug":"shaman-king-saman-kral-8-cilt","status":"publish","type":"product","link":"https:\/\/roveyayinevi.com.tr\/index.php\/urun\/shaman-king-saman-kral-8-cilt\/","title":{"rendered":"Shaman King \u2013 \u015eaman Kral  8. Cilt"},"content":{"rendered":"<p>Yoh ve Ren, \u015eaman D\u00f6v\u00fc\u015f\u00fc \u00f6n elemelerinin \u00fc\u00e7\u00fcnc\u00fc turunda kar\u015f\u0131 kar\u015f\u0131ya geliyorlar ve her ikisinin evrensel ruhlar\u0131 her zamankinden daha g\u00fc\u00e7l\u00fc. Uzun ve zorlu bir m\u00fccadelenin sonunda Ren, Yoh&#8217;u tamamen yenmek i\u00e7in kalan son \u015faman g\u00fcc\u00fcn\u00fc de kullan\u0131r ama Yoh h\u00e2l\u00e2 dimdik ayaktad\u0131r ve f\u0131rt\u0131nay\u0131 atlatmaya haz\u0131rd\u0131r. Bu m\u00fcsabakay\u0131 kim kazanacak? \u015eaman D\u00f6v\u00fc\u015f\u00fcnde kim yar\u0131\u015fmaya devam edecek?   Yazar ve \u00e7izer Hiroyuki Takei\u2019nin yaratt\u0131\u011f\u0131 Shaman King, heyecanl\u0131 ve bir an bile d\u00fc\u015fmeyen temposuyla sizi esir alacak bir macera!<\/p>\n","protected":false},"excerpt":{"rendered":"<p>Yoh ve Ren, \u015eaman D\u00f6v\u00fc\u015f\u00fc \u00f6n elemelerinin \u00fc\u00e7\u00fcnc\u00fc turunda kar\u015f\u0131 kar\u015f\u0131ya geliyorlar ve her ikisinin evrensel ruhlar\u0131 her zamankinden daha g\u00fc\u00e7l\u00fc. Uzun ve zorlu bir m\u00fccadelenin<span class=\"excerpt-hellip\"> [\u2026]<\/span><\/p>\n","protected":false},"featured_media":0,"template":"","meta":{"_monsterinsights_skip_tracking":false,"_monsterinsights_sitenote_active":false,"_monsterinsights_sitenote_note":"","_monsterinsights_sitenote_category":0},"product_brand":[],"product_cat":[12416,12291],"product_tag":[],"class_list":{"0":"post-747875","1":"product","2":"type-product","3":"status-publish","5":"product_cat-cizgi-roman","6":"product_cat-edebiyat","7":"pa_cilt-ciltsiz","8":"pa_tur-kitap","9":"pa_yayinevi-akil-celen-kitaplar","10":"pa_yazar-hiroyuki-takei","12":"first","13":"instock","14":"sale","15":"shipping-taxable","16":"purchasable","17":"product-type-simple"},"_links":{"self":[{"href":"https:\/\/roveyayinevi.com.tr\/index.php\/wp-json\/wp\/v2\/product\/747875","targetHints":{"allow":["GET"]}}],"collection":[{"href":"https:\/\/roveyayinevi.com.tr\/index.php\/wp-json\/wp\/v2\/product"}],"about":[{"href":"https:\/\/roveyayinevi.com.tr\/index.php\/wp-json\/wp\/v2\/types\/product"}],"wp:attachment":[{"href":"https:\/\/roveyayinevi.com.tr\/index.php\/wp-json\/wp\/v2\/media?parent=747875"}],"wp:term":[{"taxonomy":"product_brand","embeddable":true,"href":"https:\/\/roveyayinevi.com.tr\/index.php\/wp-json\/wp\/v2\/product_brand?post=747875"},{"taxonomy":"product_cat","embeddable":true,"href":"https:\/\/roveyayinevi.com.tr\/index.php\/wp-json\/wp\/v2\/product_cat?post=747875"},{"taxonomy":"product_tag","embeddable":true,"href":"https:\/\/roveyayinevi.com.tr\/index.php\/wp-json\/wp\/v2\/product_tag?post=747875"}],"curies":[{"name":"wp","href":"https:\/\/api.w.org\/{rel}","templated":true}]}}