{"id":747870,"date":"2025-08-28T03:17:09","date_gmt":"2025-08-28T00:17:09","guid":{"rendered":"https:\/\/roveyayinevi.com.tr\/index.php\/urun\/felsefenin-dogasi\/"},"modified":"2026-04-16T03:00:36","modified_gmt":"2026-04-16T00:00:36","slug":"felsefenin-dogasi","status":"publish","type":"product","link":"https:\/\/roveyayinevi.com.tr\/index.php\/urun\/felsefenin-dogasi\/","title":{"rendered":"Felsefenin Do\u011fas\u0131"},"content":{"rendered":"<p>Felsefe nedir? Felsefenin bilimden fark\u0131 nedir? Felsefenin konusu \u2018cevaplanamaz sorular\u2019 m\u0131d\u0131r? Bir felsefesorusunu di\u011fer sorulardan ay\u0131rt eden nedir? Hayat\u0131n bir anlam\u0131 var m\u0131? K\u0131sacas\u0131 \u2018felsefi d\u00fc\u015f\u00fcnme\u2019 nas\u0131lger\u00e7ekle\u015fir?Analitik felsefenin ve Viyana \u00c7evresinin kurucu d\u00fc\u015f\u00fcn\u00fcrlerinden olan Moritz Schlick\u2019in bu kitab\u0131, felsefeninmahiyetine ili\u015fkin net bir bak\u0131\u015f sunuyor. Geleneksel felsefe ile yeni deneyim felsefesinin s\u0131n\u0131rlar\u0131n\u0131 ortayakoyarak, felsefe tarihinin 2500 y\u0131ll\u0131k tortular\u0131ndan ar\u0131nd\u0131r\u0131lmas\u0131 ad\u0131na bir giri\u015fimde bulunuyor. Ger\u00e7ekte varolmayan s\u00f6zde problemlerin pe\u015fini b\u0131rakmaya ve deneyimi temel alan felsefi bir d\u00fc\u015f\u00fcnmenin temellerini atmaya\u00e7a\u011f\u0131r\u0131yor.Frege, Wittgenstein ve Russell\u2019\u0131n sorunsalla\u015ft\u0131rmalar\u0131 etraf\u0131nda geli\u015fen bu \u00e7a\u011fr\u0131, \u00fcyeleri aras\u0131nda Hahn,Carnap, Feigl, G\u00f6del, Neurath, Waismann\u2019\u0131n bulundu\u011fu Viyana \u00c7evresi d\u00fc\u015f\u00fcn\u00fcrleri taraf\u0131ndan sahiplenilerekfelsefe tarihinde bir d\u00f6n\u00fcm noktas\u0131na sebep oldu. Schlick d\u00fc\u015f\u00fcncesinin son y\u0131llar\u0131n\u0131n hasad\u0131n\u0131 sunan bu kitap,bu d\u00f6n\u00fc\u015f\u00fcm\u00fcn tam olarak anla\u015f\u0131lmas\u0131 ad\u0131na da b\u00fcy\u00fck \u00f6nem ta\u015f\u0131yor.<\/p>\n","protected":false},"excerpt":{"rendered":"<p>Felsefe nedir? Felsefenin bilimden fark\u0131 nedir? Felsefenin konusu \u2018cevaplanamaz sorular\u2019 m\u0131d\u0131r? Bir felsefesorusunu di\u011fer sorulardan ay\u0131rt eden nedir? Hayat\u0131n bir anlam\u0131 var m\u0131? K\u0131sacas\u0131 \u2018felsefi d\u00fc\u015f\u00fcnme\u2019<span class=\"excerpt-hellip\"> [\u2026]<\/span><\/p>\n","protected":false},"featured_media":0,"template":"","meta":{"_monsterinsights_skip_tracking":false,"_monsterinsights_sitenote_active":false,"_monsterinsights_sitenote_note":"","_monsterinsights_sitenote_category":0},"product_brand":[],"product_cat":[12389,12388],"product_tag":[],"class_list":{"0":"post-747870","1":"product","2":"type-product","3":"status-publish","5":"product_cat-diger-felsefe","6":"product_cat-felsefe","7":"pa_cilt-ciltsiz","8":"pa_tur-kitap","9":"pa_yayinevi-fol-kitap","10":"pa_yazar-moritz-schlick","12":"first","13":"instock","14":"sale","15":"shipping-taxable","16":"purchasable","17":"product-type-simple"},"_links":{"self":[{"href":"https:\/\/roveyayinevi.com.tr\/index.php\/wp-json\/wp\/v2\/product\/747870","targetHints":{"allow":["GET"]}}],"collection":[{"href":"https:\/\/roveyayinevi.com.tr\/index.php\/wp-json\/wp\/v2\/product"}],"about":[{"href":"https:\/\/roveyayinevi.com.tr\/index.php\/wp-json\/wp\/v2\/types\/product"}],"wp:attachment":[{"href":"https:\/\/roveyayinevi.com.tr\/index.php\/wp-json\/wp\/v2\/media?parent=747870"}],"wp:term":[{"taxonomy":"product_brand","embeddable":true,"href":"https:\/\/roveyayinevi.com.tr\/index.php\/wp-json\/wp\/v2\/product_brand?post=747870"},{"taxonomy":"product_cat","embeddable":true,"href":"https:\/\/roveyayinevi.com.tr\/index.php\/wp-json\/wp\/v2\/product_cat?post=747870"},{"taxonomy":"product_tag","embeddable":true,"href":"https:\/\/roveyayinevi.com.tr\/index.php\/wp-json\/wp\/v2\/product_tag?post=747870"}],"curies":[{"name":"wp","href":"https:\/\/api.w.org\/{rel}","templated":true}]}}