{"id":747869,"date":"2025-08-28T03:17:07","date_gmt":"2025-08-28T00:17:07","guid":{"rendered":"https:\/\/roveyayinevi.com.tr\/index.php\/urun\/123-kopek-baligi\/"},"modified":"2026-04-16T03:00:36","modified_gmt":"2026-04-16T00:00:36","slug":"123-kopek-baligi","status":"publish","type":"product","link":"https:\/\/roveyayinevi.com.tr\/index.php\/urun\/123-kopek-baligi\/","title":{"rendered":"1,2,3, K\u00f6pek Bal\u0131\u011f\u0131!"},"content":{"rendered":"<p>Hadi say 1, 2, 3 diye . K\u00f6pek bal\u0131\u011f\u0131 olal\u0131m birlikte! Simdi say 4, 5, 6 diye. Sonra dalal\u0131m denizin dibine! Nas\u0131l k\u00f6pek bal\u0131\u011f\u0131 olunur, \u00f6\u011frenmek ister misin? O halde Bess \u2019i izle! Ellerini \u00e7\u0131rp, y\u00fczge\u00e7lerini salla, sonra dans et doya doya! <\/p>\n","protected":false},"excerpt":{"rendered":"<p>Hadi say 1, 2, 3 diye . K\u00f6pek bal\u0131\u011f\u0131 olal\u0131m birlikte! Simdi say 4, 5, 6 diye. Sonra dalal\u0131m denizin dibine! Nas\u0131l k\u00f6pek bal\u0131\u011f\u0131 olunur, \u00f6\u011frenmek<span class=\"excerpt-hellip\"> [\u2026]<\/span><\/p>\n","protected":false},"featured_media":0,"template":"","meta":{"_monsterinsights_skip_tracking":false,"_monsterinsights_sitenote_active":false,"_monsterinsights_sitenote_note":"","_monsterinsights_sitenote_category":0},"product_brand":[],"product_cat":[12274,12284],"product_tag":[],"class_list":{"0":"post-747869","1":"product","2":"type-product","3":"status-publish","5":"product_cat-cocuk-ve-genclik-kitaplari","6":"product_cat-hikayeler","7":"pa_cilt-ciltsiz","8":"pa_tur-kitap","9":"pa_yayinevi-is-bankasi-kultur-yayinlari","10":"pa_yazar-michelle-robinson","12":"first","13":"instock","14":"sale","15":"shipping-taxable","16":"purchasable","17":"product-type-simple"},"_links":{"self":[{"href":"https:\/\/roveyayinevi.com.tr\/index.php\/wp-json\/wp\/v2\/product\/747869","targetHints":{"allow":["GET"]}}],"collection":[{"href":"https:\/\/roveyayinevi.com.tr\/index.php\/wp-json\/wp\/v2\/product"}],"about":[{"href":"https:\/\/roveyayinevi.com.tr\/index.php\/wp-json\/wp\/v2\/types\/product"}],"wp:attachment":[{"href":"https:\/\/roveyayinevi.com.tr\/index.php\/wp-json\/wp\/v2\/media?parent=747869"}],"wp:term":[{"taxonomy":"product_brand","embeddable":true,"href":"https:\/\/roveyayinevi.com.tr\/index.php\/wp-json\/wp\/v2\/product_brand?post=747869"},{"taxonomy":"product_cat","embeddable":true,"href":"https:\/\/roveyayinevi.com.tr\/index.php\/wp-json\/wp\/v2\/product_cat?post=747869"},{"taxonomy":"product_tag","embeddable":true,"href":"https:\/\/roveyayinevi.com.tr\/index.php\/wp-json\/wp\/v2\/product_tag?post=747869"}],"curies":[{"name":"wp","href":"https:\/\/api.w.org\/{rel}","templated":true}]}}