{"id":747868,"date":"2025-08-28T03:17:06","date_gmt":"2025-08-28T00:17:06","guid":{"rendered":"https:\/\/roveyayinevi.com.tr\/index.php\/urun\/guzel-davranislar\/"},"modified":"2026-04-16T03:00:36","modified_gmt":"2026-04-16T00:00:36","slug":"guzel-davranislar","status":"publish","type":"product","link":"https:\/\/roveyayinevi.com.tr\/index.php\/urun\/guzel-davranislar\/","title":{"rendered":"G\u00fczel Davran\u0131\u015flar"},"content":{"rendered":"<p>Ne zaman te\u015fekk\u00fcr edersin? Biri hap\u015f\u0131rd\u0131\u011f\u0131nda ne dersin? Ne zaman \u00f6z\u00fcr dilersin? G\u00fcne ba\u015flarken ne dersin? Minik hayvanlarla birlikte g\u00fczel davran\u0131\u015flar\u0131 \u00f6\u011frenirken \u00e7ok e\u011fleneceksin\u2026 <\/p>\n","protected":false},"excerpt":{"rendered":"<p>Ne zaman te\u015fekk\u00fcr edersin? Biri hap\u015f\u0131rd\u0131\u011f\u0131nda ne dersin? Ne zaman \u00f6z\u00fcr dilersin? G\u00fcne ba\u015flarken ne dersin? Minik hayvanlarla birlikte g\u00fczel davran\u0131\u015flar\u0131 \u00f6\u011frenirken \u00e7ok e\u011fleneceksin\u2026<\/p>\n","protected":false},"featured_media":0,"template":"","meta":{"_monsterinsights_skip_tracking":false,"_monsterinsights_sitenote_active":false,"_monsterinsights_sitenote_note":"","_monsterinsights_sitenote_category":0},"product_brand":[],"product_cat":[12274,12284],"product_tag":[],"class_list":{"0":"post-747868","1":"product","2":"type-product","3":"status-publish","5":"product_cat-cocuk-ve-genclik-kitaplari","6":"product_cat-hikayeler","7":"pa_cilt-ciltsiz","8":"pa_tur-kitap","9":"pa_yayinevi-is-bankasi-kultur-yayinlari","10":"pa_yazar-bodhi-hunter","12":"first","13":"instock","14":"sale","15":"shipping-taxable","16":"purchasable","17":"product-type-simple"},"_links":{"self":[{"href":"https:\/\/roveyayinevi.com.tr\/index.php\/wp-json\/wp\/v2\/product\/747868","targetHints":{"allow":["GET"]}}],"collection":[{"href":"https:\/\/roveyayinevi.com.tr\/index.php\/wp-json\/wp\/v2\/product"}],"about":[{"href":"https:\/\/roveyayinevi.com.tr\/index.php\/wp-json\/wp\/v2\/types\/product"}],"wp:attachment":[{"href":"https:\/\/roveyayinevi.com.tr\/index.php\/wp-json\/wp\/v2\/media?parent=747868"}],"wp:term":[{"taxonomy":"product_brand","embeddable":true,"href":"https:\/\/roveyayinevi.com.tr\/index.php\/wp-json\/wp\/v2\/product_brand?post=747868"},{"taxonomy":"product_cat","embeddable":true,"href":"https:\/\/roveyayinevi.com.tr\/index.php\/wp-json\/wp\/v2\/product_cat?post=747868"},{"taxonomy":"product_tag","embeddable":true,"href":"https:\/\/roveyayinevi.com.tr\/index.php\/wp-json\/wp\/v2\/product_tag?post=747868"}],"curies":[{"name":"wp","href":"https:\/\/api.w.org\/{rel}","templated":true}]}}