{"id":747865,"date":"2025-08-28T03:17:01","date_gmt":"2025-08-28T00:17:01","guid":{"rendered":"https:\/\/roveyayinevi.com.tr\/index.php\/urun\/elanin-buyulu-bilezigi-yavru-tekboynuz\/"},"modified":"2026-04-16T03:00:36","modified_gmt":"2026-04-16T00:00:36","slug":"elanin-buyulu-bilezigi-yavru-tekboynuz","status":"publish","type":"product","link":"https:\/\/roveyayinevi.com.tr\/index.php\/urun\/elanin-buyulu-bilezigi-yavru-tekboynuz\/","title":{"rendered":"Ela&#8217;n\u0131n B\u00fcy\u00fcl\u00fc Bilezi\u011fi &#8211; Yavru Tekboynuz"},"content":{"rendered":"<p>Alt\u0131n Olimpiyat madalyas\u0131 sahibi JESSICA ENNIS-HILL\u2019in gen\u00e7 okurlar i\u00e7in kaleme ald\u0131\u011f\u0131 ilk seri G\u00f6r\u00fcnmez olman\u0131z\u0131 sa\u011flayan b\u00fcy\u00fcl\u00fc bir bilezi\u011finiz olsa ne yapard\u0131n\u0131z? Kaybolmu\u015f bir yavru tekboynuz, parkta beliriverdi. Ela ve arkada\u015flar\u0131, yavru tekboynuza yard\u0131m etmek i\u00e7in derhal kollar\u0131 s\u0131vad\u0131. \u00c7ok ge\u00e7meden b\u00fcy\u00fcl\u00fc bir arama-kurtarma maceras\u0131 ba\u015flad\u0131! <\/p>\n","protected":false},"excerpt":{"rendered":"<p>Alt\u0131n Olimpiyat madalyas\u0131 sahibi JESSICA ENNIS-HILL\u2019in gen\u00e7 okurlar i\u00e7in kaleme ald\u0131\u011f\u0131 ilk seri G\u00f6r\u00fcnmez olman\u0131z\u0131 sa\u011flayan b\u00fcy\u00fcl\u00fc bir bilezi\u011finiz olsa ne yapard\u0131n\u0131z? Kaybolmu\u015f bir yavru tekboynuz,<span class=\"excerpt-hellip\"> [\u2026]<\/span><\/p>\n","protected":false},"featured_media":0,"template":"","meta":{"_monsterinsights_skip_tracking":false,"_monsterinsights_sitenote_active":false,"_monsterinsights_sitenote_note":"","_monsterinsights_sitenote_category":0},"product_brand":[],"product_cat":[12274,12284],"product_tag":[],"class_list":{"0":"post-747865","1":"product","2":"type-product","3":"status-publish","5":"product_cat-cocuk-ve-genclik-kitaplari","6":"product_cat-hikayeler","7":"pa_cilt-ciltsiz","8":"pa_tur-kitap","9":"pa_yayinevi-is-bankasi-kultur-yayinlari","10":"pa_yazar-jessice-ennis-hill","12":"first","13":"instock","14":"sale","15":"shipping-taxable","16":"purchasable","17":"product-type-simple"},"_links":{"self":[{"href":"https:\/\/roveyayinevi.com.tr\/index.php\/wp-json\/wp\/v2\/product\/747865","targetHints":{"allow":["GET"]}}],"collection":[{"href":"https:\/\/roveyayinevi.com.tr\/index.php\/wp-json\/wp\/v2\/product"}],"about":[{"href":"https:\/\/roveyayinevi.com.tr\/index.php\/wp-json\/wp\/v2\/types\/product"}],"wp:attachment":[{"href":"https:\/\/roveyayinevi.com.tr\/index.php\/wp-json\/wp\/v2\/media?parent=747865"}],"wp:term":[{"taxonomy":"product_brand","embeddable":true,"href":"https:\/\/roveyayinevi.com.tr\/index.php\/wp-json\/wp\/v2\/product_brand?post=747865"},{"taxonomy":"product_cat","embeddable":true,"href":"https:\/\/roveyayinevi.com.tr\/index.php\/wp-json\/wp\/v2\/product_cat?post=747865"},{"taxonomy":"product_tag","embeddable":true,"href":"https:\/\/roveyayinevi.com.tr\/index.php\/wp-json\/wp\/v2\/product_tag?post=747865"}],"curies":[{"name":"wp","href":"https:\/\/api.w.org\/{rel}","templated":true}]}}