{"id":747862,"date":"2025-08-28T03:16:58","date_gmt":"2025-08-28T00:16:58","guid":{"rendered":"https:\/\/roveyayinevi.com.tr\/index.php\/urun\/osmanlica-turkce-ansiklopedik-lugat-ciltli\/"},"modified":"2026-04-16T03:00:36","modified_gmt":"2026-04-16T00:00:36","slug":"osmanlica-turkce-ansiklopedik-lugat-ciltli","status":"publish","type":"product","link":"https:\/\/roveyayinevi.com.tr\/index.php\/urun\/osmanlica-turkce-ansiklopedik-lugat-ciltli\/","title":{"rendered":"Osmanl\u0131ca &#8211; T\u00fcrk\u00e7e Ansiklopedik L\u00fcgat (Ciltli)"},"content":{"rendered":"<p>ESK\u0130 VE YEN\u0130 HARFLERLE OSMANLICA-T\u00dcRK\u00c7E ANS\u0130KLOPED\u0130K L\u00dbGAT <\/p>\n","protected":false},"excerpt":{"rendered":"<p>ESK\u0130 VE YEN\u0130 HARFLERLE OSMANLICA-T\u00dcRK\u00c7E ANS\u0130KLOPED\u0130K L\u00dbGAT<\/p>\n","protected":false},"featured_media":0,"template":"","meta":{"_monsterinsights_skip_tracking":false,"_monsterinsights_sitenote_active":false,"_monsterinsights_sitenote_note":"","_monsterinsights_sitenote_category":0},"product_brand":[],"product_cat":[12566,13611],"product_tag":[],"class_list":{"0":"post-747862","1":"product","2":"type-product","3":"status-publish","5":"product_cat-egitim","6":"product_cat-sozlukler-ve-konusma-kilavuzlari","7":"pa_cilt-ciltli","8":"pa_tur-kitap","9":"pa_yayinevi-is-bankasi-kultur-yayinlari","10":"pa_yazar-ferit-devellioglu","12":"first","13":"instock","14":"sale","15":"shipping-taxable","16":"purchasable","17":"product-type-simple"},"_links":{"self":[{"href":"https:\/\/roveyayinevi.com.tr\/index.php\/wp-json\/wp\/v2\/product\/747862","targetHints":{"allow":["GET"]}}],"collection":[{"href":"https:\/\/roveyayinevi.com.tr\/index.php\/wp-json\/wp\/v2\/product"}],"about":[{"href":"https:\/\/roveyayinevi.com.tr\/index.php\/wp-json\/wp\/v2\/types\/product"}],"wp:attachment":[{"href":"https:\/\/roveyayinevi.com.tr\/index.php\/wp-json\/wp\/v2\/media?parent=747862"}],"wp:term":[{"taxonomy":"product_brand","embeddable":true,"href":"https:\/\/roveyayinevi.com.tr\/index.php\/wp-json\/wp\/v2\/product_brand?post=747862"},{"taxonomy":"product_cat","embeddable":true,"href":"https:\/\/roveyayinevi.com.tr\/index.php\/wp-json\/wp\/v2\/product_cat?post=747862"},{"taxonomy":"product_tag","embeddable":true,"href":"https:\/\/roveyayinevi.com.tr\/index.php\/wp-json\/wp\/v2\/product_tag?post=747862"}],"curies":[{"name":"wp","href":"https:\/\/api.w.org\/{rel}","templated":true}]}}