{"id":747861,"date":"2025-08-28T03:16:57","date_gmt":"2025-08-28T00:16:57","guid":{"rendered":"https:\/\/roveyayinevi.com.tr\/index.php\/urun\/transhumanist-devrim\/"},"modified":"2026-04-16T03:00:36","modified_gmt":"2026-04-16T00:00:36","slug":"transhumanist-devrim","status":"publish","type":"product","link":"https:\/\/roveyayinevi.com.tr\/index.php\/urun\/transhumanist-devrim\/","title":{"rendered":"Transh\u00fcmanist Devrim"},"content":{"rendered":"<p>Transhumanist Devrim\u2019de Luc Ferry i\u00e7 i\u00e7e ge\u00e7ip birbirini tamamlayan ve yak\u0131n gelece\u011fe damgas\u0131n\u0131 vuracak d\u00f6rt temel teknolojinin insanl\u0131\u011f\u0131n \u00f6n\u00fcne \u00e7\u0131karaca\u011f\u0131 olanaklar\u0131 ve yeni risk unsurlar\u0131n\u0131 de\u011ferlendiriyor: nanoteknolojiler, biyoteknolojiler, enformatik (b\u00fcy\u00fck veri ve nesnelerin interneti) ve bili\u015fsel bilim (yapay zek\u00e2). T\u0131p alan\u0131ndaki geli\u015fmeler ABD\u2019de transh\u00fcmanizm ad\u0131 alt\u0131nda ortaya \u00e7\u0131kan ve web d\u00fcnyas\u0131n\u0131n Google gibi devleri taraf\u0131ndan desteklenen bir ideolojinin etki alan\u0131n\u0131 geni\u015fletecek \u015fekilde ilerliyor. Ama\u00e7, tedaviye y\u00f6nelik onar\u0131c\u0131 t\u0131bb\u0131n \u00e7ok \u00f6tesine ge\u00e7mek; en son bilimsel ara\u00e7lar ve muazzam te\u00e7hizatlar yard\u0131m\u0131yla insanl\u0131k durumunu \u201cy\u00fckseltmek\u201d, insan \u00f6mr\u00fcn\u00fc ve gen\u00e7li\u011fi m\u00fcmk\u00fcn mertebe uzatmak, genetik m\u00fchendisli\u011fiyle nesilden nesile aktar\u0131lan genlere m\u00fcdahale etmek ve son noktada insan-makine hibritleri \u00fcreterek \u201cinsan sonras\u0131\u201d \u00e7a\u011f\u0131n\u0131 ba\u015flatmak. Ekonomi alan\u0131nda ise ba\u011fl\u0131 nesneler, sosyal a\u011flar ve b\u00fcy\u00fck veri gibi yeni olanaklar\u0131, yani transh\u00fcmanizmin harekete ge\u00e7irdi\u011fi teknolojilerin bir k\u0131sm\u0131n\u0131 hizmet olarak sunan Uber, BlaBlaCar, Airbnb ve benzeri uygulamalar taksilerle, otellerle veya b\u00fcy\u00fck ma\u011fazalarla rekabet eder hale geldiler. Meslek sahiplerinin aradan \u00e7\u0131kar\u0131larak \u015fah\u0131slar aras\u0131 ili\u015fkiler kurulmas\u0131na dayanan bu \u201cpayla\u015f\u0131m ekonomisinin\u201d transh\u00fcmanist ideolojiyle derin ba\u011flar\u0131 oldu\u011funa dikkat \u00e7eken Ferry\u2019ye g\u00f6re her iki durumda da s\u00f6z konusu olan sosyaldemokrasiye bulanm\u0131\u015f belli bir liberalizm, hatta bireylere dayat\u0131lan geleneklerin ve miraslar\u0131n a\u011f\u0131rl\u0131\u011f\u0131ndan ne pahas\u0131na olursa olsun kurtulmak isteyenleri yan\u0131na \u00e7eken saf ve kat\u0131 bir ultraliberalizmdir. <\/p>\n","protected":false},"excerpt":{"rendered":"<p>Transhumanist Devrim\u2019de Luc Ferry i\u00e7 i\u00e7e ge\u00e7ip birbirini tamamlayan ve yak\u0131n gelece\u011fe damgas\u0131n\u0131 vuracak d\u00f6rt temel teknolojinin insanl\u0131\u011f\u0131n \u00f6n\u00fcne \u00e7\u0131karaca\u011f\u0131 olanaklar\u0131 ve yeni risk unsurlar\u0131n\u0131 de\u011ferlendiriyor:<span class=\"excerpt-hellip\"> [\u2026]<\/span><\/p>\n","protected":false},"featured_media":0,"template":"","meta":{"_monsterinsights_skip_tracking":false,"_monsterinsights_sitenote_active":false,"_monsterinsights_sitenote_note":"","_monsterinsights_sitenote_category":0},"product_brand":[],"product_cat":[12325,12324],"product_tag":[],"class_list":{"0":"post-747861","1":"product","2":"type-product","3":"status-publish","5":"product_cat-diger-sosyoloji","6":"product_cat-sosyoloji","7":"pa_cilt-ciltsiz","8":"pa_tur-kitap","9":"pa_yayinevi-is-bankasi-kultur-yayinlari","10":"pa_yazar-luc-ferry","12":"first","13":"instock","14":"sale","15":"shipping-taxable","16":"purchasable","17":"product-type-simple"},"_links":{"self":[{"href":"https:\/\/roveyayinevi.com.tr\/index.php\/wp-json\/wp\/v2\/product\/747861","targetHints":{"allow":["GET"]}}],"collection":[{"href":"https:\/\/roveyayinevi.com.tr\/index.php\/wp-json\/wp\/v2\/product"}],"about":[{"href":"https:\/\/roveyayinevi.com.tr\/index.php\/wp-json\/wp\/v2\/types\/product"}],"wp:attachment":[{"href":"https:\/\/roveyayinevi.com.tr\/index.php\/wp-json\/wp\/v2\/media?parent=747861"}],"wp:term":[{"taxonomy":"product_brand","embeddable":true,"href":"https:\/\/roveyayinevi.com.tr\/index.php\/wp-json\/wp\/v2\/product_brand?post=747861"},{"taxonomy":"product_cat","embeddable":true,"href":"https:\/\/roveyayinevi.com.tr\/index.php\/wp-json\/wp\/v2\/product_cat?post=747861"},{"taxonomy":"product_tag","embeddable":true,"href":"https:\/\/roveyayinevi.com.tr\/index.php\/wp-json\/wp\/v2\/product_tag?post=747861"}],"curies":[{"name":"wp","href":"https:\/\/api.w.org\/{rel}","templated":true}]}}