{"id":747860,"date":"2025-08-28T03:16:56","date_gmt":"2025-08-28T00:16:56","guid":{"rendered":"https:\/\/roveyayinevi.com.tr\/index.php\/urun\/insan-tanri-ve-olumsuzluk\/"},"modified":"2025-10-08T16:10:30","modified_gmt":"2025-10-08T13:10:30","slug":"insan-tanri-ve-olumsuzluk","status":"publish","type":"product","link":"https:\/\/roveyayinevi.com.tr\/index.php\/urun\/insan-tanri-ve-olumsuzluk\/","title":{"rendered":"\u0130nsan, Tanr\u0131 ve \u00d6l\u00fcms\u00fczl\u00fck"},"content":{"rendered":"<p>Sosyal antropoloji ve etnolojinin \u00f6nemli isimlerinden James George Frazer, bu kitab\u0131nda y\u0131llar s\u00fcren derin incelemeler sonucunda in\u015fa etti\u011fi perspektifiyle insanl\u0131\u011f\u0131n ser\u00fcveni \u00fczerine g\u00f6r\u00fc\u015flerini kuramsalla\u015ft\u0131r\u0131yor. \u0130lkel topluluklar\u0131 gelenekler, rit\u00fceller, folklor ve daha bir\u00e7ok y\u00f6nden ele alan Frazer, kendine \u00f6zg\u00fc kar\u015f\u0131la\u015ft\u0131rmal\u0131 metodolojisiyle ak\u0131l y\u00fcr\u00fct\u00fcyor. \u0130nsanl\u0131\u011f\u0131n uzun yolculu\u011funda yaratt\u0131\u011f\u0131 inan\u00e7lar\u0131, kurumlar\u0131, ya\u015fam tarzlar\u0131n\u0131, sonsuzlu\u011fa ula\u015fma \u00e7abalar\u0131n\u0131, genel okur kitlesi i\u00e7in a\u00e7\u0131kl\u0131yor.   Bu y\u00f6nleriyle Frazer sosyoloji, psikoloji, tarih gibi bilimlere de ilham kayna\u011f\u0131 olmu\u015f ve g\u00f6r\u00fc\u015fleriyle Freud, Malinowski, Eliade, J. Cambpell ve T. S. Eliot gibi edebiyat\u00e7\u0131lar\u0131 ve d\u00fc\u015f\u00fcn\u00fcrleri etkilemi\u015ftir. <\/p>\n","protected":false},"excerpt":{"rendered":"<p>Sosyal antropoloji ve etnolojinin \u00f6nemli isimlerinden James George Frazer, bu kitab\u0131nda y\u0131llar s\u00fcren derin incelemeler sonucunda in\u015fa etti\u011fi perspektifiyle insanl\u0131\u011f\u0131n ser\u00fcveni \u00fczerine g\u00f6r\u00fc\u015flerini kuramsalla\u015ft\u0131r\u0131yor. \u0130lkel topluluklar\u0131<span class=\"excerpt-hellip\"> [\u2026]<\/span><\/p>\n","protected":false},"featured_media":0,"template":"","meta":{"_monsterinsights_skip_tracking":false,"_monsterinsights_sitenote_active":false,"_monsterinsights_sitenote_note":"","_monsterinsights_sitenote_category":0},"product_brand":[],"product_cat":[20351,12388],"product_tag":[],"class_list":{"0":"post-747860","1":"product","2":"type-product","3":"status-publish","5":"product_cat-dusunce","6":"product_cat-felsefe","7":"pa_cilt-ciltsiz","8":"pa_tur-kitap","9":"pa_yayinevi-alfa-yayinlari","10":"pa_yazar-james-george-frazer","12":"first","13":"instock","14":"sale","15":"shipping-taxable","16":"purchasable","17":"product-type-simple"},"_links":{"self":[{"href":"https:\/\/roveyayinevi.com.tr\/index.php\/wp-json\/wp\/v2\/product\/747860","targetHints":{"allow":["GET"]}}],"collection":[{"href":"https:\/\/roveyayinevi.com.tr\/index.php\/wp-json\/wp\/v2\/product"}],"about":[{"href":"https:\/\/roveyayinevi.com.tr\/index.php\/wp-json\/wp\/v2\/types\/product"}],"wp:attachment":[{"href":"https:\/\/roveyayinevi.com.tr\/index.php\/wp-json\/wp\/v2\/media?parent=747860"}],"wp:term":[{"taxonomy":"product_brand","embeddable":true,"href":"https:\/\/roveyayinevi.com.tr\/index.php\/wp-json\/wp\/v2\/product_brand?post=747860"},{"taxonomy":"product_cat","embeddable":true,"href":"https:\/\/roveyayinevi.com.tr\/index.php\/wp-json\/wp\/v2\/product_cat?post=747860"},{"taxonomy":"product_tag","embeddable":true,"href":"https:\/\/roveyayinevi.com.tr\/index.php\/wp-json\/wp\/v2\/product_tag?post=747860"}],"curies":[{"name":"wp","href":"https:\/\/api.w.org\/{rel}","templated":true}]}}