{"id":747858,"date":"2025-08-28T03:16:53","date_gmt":"2025-08-28T00:16:53","guid":{"rendered":"https:\/\/roveyayinevi.com.tr\/index.php\/urun\/yasamin-kiyisinda\/"},"modified":"2025-10-23T08:55:09","modified_gmt":"2025-10-23T05:55:09","slug":"yasamin-kiyisinda","status":"publish","type":"product","link":"https:\/\/roveyayinevi.com.tr\/index.php\/urun\/yasamin-kiyisinda\/","title":{"rendered":"Ya\u015fam\u0131n K\u0131y\u0131s\u0131nda"},"content":{"rendered":"<p>Carl Zimmer en b\u00fcy\u00fck bilimsel sorulardan birini ara\u015ft\u0131r\u0131yor: Hayat nedir? Cevap, ciddi bir \u015fekilde cevaplamaya \u00e7al\u0131\u015fana kadar a\u00e7\u0131k g\u00f6r\u00fcn\u00fcyor. Mutfak tezg\u00e2h\u0131n\u0131zda duran elma canl\u0131 m\u0131, yoksa sadece i\u00e7inden geldi\u011fi elma a\u011fac\u0131 m\u0131 bu s\u00f6z\u00fc hak ediyor? Bu soruyu burada, d\u00fcnyada cevaplayamazsak, di\u011fer d\u00fcnyalarda uzayl\u0131 ya\u015fam\u0131 ke\u015ffedip ke\u015ffetmedi\u011fimizi nas\u0131l bilece\u011fiz? Soru, \u00f6rne\u011fin d\u00f6llenmi\u015f bir yumurtan\u0131n ya\u015fayan bir insan olup olmad\u0131\u011f\u0131 ve bir ki\u015fiyi ne zaman yasal olarak \u00f6l\u00fc ilan etmemiz gerekti\u011fi gibi, toplumun en tart\u0131\u015fmal\u0131 \u00e7at\u0131\u015fmalar\u0131ndan baz\u0131lar\u0131n\u0131n \u00fczerinde as\u0131l\u0131 duruyor. Koronavir\u00fcsler tarihin ak\u0131\u015f\u0131n\u0131 de\u011fi\u015ftirdi, ancak bir\u00e7ok bilim insan\u0131 onlar\u0131n canl\u0131 olmad\u0131\u011f\u0131n\u0131 iddia ediyor. Kimyagerler toplanabilen, \u00e7evrelerini alg\u0131layabilen ve \u00e7o\u011falabilen damlac\u0131klar yarat\u0131yorlar. Laboratuarda ya\u015fam m\u0131 yaratt\u0131lar?  Zimmer  bizi, ya\u015fam\u0131 s\u0131f\u0131rdan tasarlayan ara\u015ft\u0131rmac\u0131lar\u0131n  laboratuvarlar\u0131na ve zihinlerine kadar g\u00f6t\u00fcr\u00fcyor.   \u201cHem g\u00f6z kama\u015ft\u0131ran hem de ayd\u0131nlatan hik\u00e2yeler&#8230; Bu kitap sadece ya\u015fam hakk\u0131nda de\u011fil, ke\u015ffin kendisi hakk\u0131nda.\u201d \u2014Siddhartha Mukherjee, New York Times Book Review \u201cBiyolojinin u\u00e7 noktalar\u0131n\u0131n, bilim insan\u0131 olmayanlar\u0131n da ilgisini \u00e7ekecek, b\u00fcy\u00fcleyici ve iyi yaz\u0131lm\u0131\u015f bir haritas\u0131.\u201d \u2014Library Journal \u201cBu kitap, ya\u015fam\u0131n ne oldu\u011funu tan\u0131mlama \u00e7abas\u0131ndan, ya\u015fam\u0131n nas\u0131l ba\u015flad\u0131\u011f\u0131n\u0131 ara\u015ft\u0131rmaya kadar, biyolojinin en zor sorular\u0131ndan baz\u0131lar\u0131na ilgi \u00e7ekici, derinlemesine bir bak\u0131\u015f sunuyor.\u201d \u2013Science News <\/p>\n","protected":false},"excerpt":{"rendered":"<p>Carl Zimmer en b\u00fcy\u00fck bilimsel sorulardan birini ara\u015ft\u0131r\u0131yor: Hayat nedir? Cevap, ciddi bir \u015fekilde cevaplamaya \u00e7al\u0131\u015fana kadar a\u00e7\u0131k g\u00f6r\u00fcn\u00fcyor. Mutfak tezg\u00e2h\u0131n\u0131zda duran elma canl\u0131 m\u0131, yoksa<span class=\"excerpt-hellip\"> [\u2026]<\/span><\/p>\n","protected":false},"featured_media":0,"template":"","meta":{"_monsterinsights_skip_tracking":false,"_monsterinsights_sitenote_active":false,"_monsterinsights_sitenote_note":"","_monsterinsights_sitenote_category":0},"product_brand":[],"product_cat":[13005,37328],"product_tag":[],"class_list":{"0":"post-747858","1":"product","2":"type-product","3":"status-publish","5":"product_cat-bilim-muhendislik","6":"product_cat-diger-bilim-muhendislik","7":"pa_cilt-ciltsiz","8":"pa_tur-kitap","9":"pa_yayinevi-alfa-yayinlari","10":"pa_yazar-carl-zimmer","12":"first","13":"instock","14":"sale","15":"shipping-taxable","16":"purchasable","17":"product-type-simple"},"_links":{"self":[{"href":"https:\/\/roveyayinevi.com.tr\/index.php\/wp-json\/wp\/v2\/product\/747858","targetHints":{"allow":["GET"]}}],"collection":[{"href":"https:\/\/roveyayinevi.com.tr\/index.php\/wp-json\/wp\/v2\/product"}],"about":[{"href":"https:\/\/roveyayinevi.com.tr\/index.php\/wp-json\/wp\/v2\/types\/product"}],"wp:attachment":[{"href":"https:\/\/roveyayinevi.com.tr\/index.php\/wp-json\/wp\/v2\/media?parent=747858"}],"wp:term":[{"taxonomy":"product_brand","embeddable":true,"href":"https:\/\/roveyayinevi.com.tr\/index.php\/wp-json\/wp\/v2\/product_brand?post=747858"},{"taxonomy":"product_cat","embeddable":true,"href":"https:\/\/roveyayinevi.com.tr\/index.php\/wp-json\/wp\/v2\/product_cat?post=747858"},{"taxonomy":"product_tag","embeddable":true,"href":"https:\/\/roveyayinevi.com.tr\/index.php\/wp-json\/wp\/v2\/product_tag?post=747858"}],"curies":[{"name":"wp","href":"https:\/\/api.w.org\/{rel}","templated":true}]}}