{"id":747856,"date":"2025-08-28T03:16:50","date_gmt":"2025-08-28T00:16:50","guid":{"rendered":"https:\/\/roveyayinevi.com.tr\/index.php\/urun\/anton-cehov-butun-eserleri-xii-1889-1892-ciltli\/"},"modified":"2026-04-16T03:00:36","modified_gmt":"2026-04-16T00:00:36","slug":"anton-cehov-butun-eserleri-xii-1889-1892-ciltli","status":"publish","type":"product","link":"https:\/\/roveyayinevi.com.tr\/index.php\/urun\/anton-cehov-butun-eserleri-xii-1889-1892-ciltli\/","title":{"rendered":"Anton \u00c7ehov B\u00fct\u00fcn Eserleri XII 1889-1892 (Ciltli)"},"content":{"rendered":"<p>Anton Pavlovi\u00e7\u2019e piyeslerinin ba\u015far\u0131s\u0131n\u0131 zehir eden bir \u015fey varsa o da seyircilerin co\u015fkulu \u00e7a\u011fr\u0131s\u0131na dayanamay\u0131p sahneye \u00e7\u0131kmak zorunda kalmas\u0131yd\u0131. Bu y\u00fczden ans\u0131z\u0131n ortadan yok oluyor, sahneye \u00e7\u0131kmas\u0131n\u0131 isteyen alk\u0131\u015flar kesilmek bilmeyince birimiz kalk\u0131p yazar\u0131n tiyatrodan ayr\u0131ld\u0131\u011f\u0131n\u0131 s\u00f6yl\u00fcyorduk. Anton Pavlovi\u00e7 \u00e7o\u011fu zaman can\u0131 \u00f6yle istedi\u011fi i\u00e7in kulise, bizim yan\u0131m\u0131za geliyor; soyunma odalar\u0131n\u0131 s\u0131rayla gezerek co\u015fkular\u0131yla heyecanlar\u0131yla, ba\u015far\u0131lar\u0131yla, ba\u015far\u0131s\u0131zl\u0131klar\u0131yla, ya\u015fam\u0131 daha derinden duymaya yard\u0131m eden sevin\u00e7leriyle, \u00f6fkeleriyle perde arkas\u0131n\u0131n zevkini \u00e7\u0131kar\u0131yordu. \u2013KONSTANT\u0130N SERGEYEV\u0130\u00c7 STAN\u0130SLAVSK\u0130   Ele ald\u0131\u011f\u0131 \u00f6nemsiz bir \u015feyde bile \u00e7ok uzaklar\u0131, \u00e7ok \u00e7ok derinleri g\u00f6rebiliyordu. K\u00fc\u00e7\u00fck bir merce\u011fin koskoca bir d\u00fcnyay\u0131 g\u00f6stermesi gibi \u00c7ehov da k\u00fc\u00e7\u00fck bir olayla koca bir ya\u015fam par\u00e7as\u0131n\u0131 g\u00f6zler \u00f6n\u00fcne sermeyi ba\u015far\u0131yordu. \u2013TATYANA LVOVNA S\u00c7EPK\u0130NA-KUPERN\u0130K <\/p>\n","protected":false},"excerpt":{"rendered":"<p>Anton Pavlovi\u00e7\u2019e piyeslerinin ba\u015far\u0131s\u0131n\u0131 zehir eden bir \u015fey varsa o da seyircilerin co\u015fkulu \u00e7a\u011fr\u0131s\u0131na dayanamay\u0131p sahneye \u00e7\u0131kmak zorunda kalmas\u0131yd\u0131. Bu y\u00fczden ans\u0131z\u0131n ortadan yok oluyor, sahneye<span class=\"excerpt-hellip\"> [\u2026]<\/span><\/p>\n","protected":false},"featured_media":0,"template":"","meta":{"_monsterinsights_skip_tracking":false,"_monsterinsights_sitenote_active":false,"_monsterinsights_sitenote_note":"","_monsterinsights_sitenote_category":0},"product_brand":[],"product_cat":[12291,15566],"product_tag":[],"class_list":{"0":"post-747856","1":"product","2":"type-product","3":"status-publish","5":"product_cat-edebiyat","6":"product_cat-oyun","7":"pa_cilt-ciltli","8":"pa_tur-kitap","9":"pa_yayinevi-alfa-yayinlari","10":"pa_yazar-anton-cehov","12":"first","13":"instock","14":"sale","15":"shipping-taxable","16":"purchasable","17":"product-type-simple"},"_links":{"self":[{"href":"https:\/\/roveyayinevi.com.tr\/index.php\/wp-json\/wp\/v2\/product\/747856","targetHints":{"allow":["GET"]}}],"collection":[{"href":"https:\/\/roveyayinevi.com.tr\/index.php\/wp-json\/wp\/v2\/product"}],"about":[{"href":"https:\/\/roveyayinevi.com.tr\/index.php\/wp-json\/wp\/v2\/types\/product"}],"wp:attachment":[{"href":"https:\/\/roveyayinevi.com.tr\/index.php\/wp-json\/wp\/v2\/media?parent=747856"}],"wp:term":[{"taxonomy":"product_brand","embeddable":true,"href":"https:\/\/roveyayinevi.com.tr\/index.php\/wp-json\/wp\/v2\/product_brand?post=747856"},{"taxonomy":"product_cat","embeddable":true,"href":"https:\/\/roveyayinevi.com.tr\/index.php\/wp-json\/wp\/v2\/product_cat?post=747856"},{"taxonomy":"product_tag","embeddable":true,"href":"https:\/\/roveyayinevi.com.tr\/index.php\/wp-json\/wp\/v2\/product_tag?post=747856"}],"curies":[{"name":"wp","href":"https:\/\/api.w.org\/{rel}","templated":true}]}}