{"id":747853,"date":"2025-08-28T03:16:45","date_gmt":"2025-08-28T00:16:45","guid":{"rendered":"https:\/\/roveyayinevi.com.tr\/index.php\/urun\/bertolt-brecht-butun-oyunlari-1\/"},"modified":"2026-04-16T03:00:36","modified_gmt":"2026-04-16T00:00:36","slug":"bertolt-brecht-butun-oyunlari-1","status":"publish","type":"product","link":"https:\/\/roveyayinevi.com.tr\/index.php\/urun\/bertolt-brecht-butun-oyunlari-1\/","title":{"rendered":"Bertolt Brecht B\u00fct\u00fcn Oyunlar\u0131 1"},"content":{"rendered":"<p>20. y\u00fczy\u0131l Alman \u015fiir ve tiyatrosunun en \u00f6nemli isimlerinden biri olan Bertolt Brecht, epik tiyatronun, di\u011fer bir deyi\u015fle diyalektik tiyatronun kurucusudur. Eserleri uluslararas\u0131 alanda da sayg\u0131yla kar\u015f\u0131lanm\u0131\u015f, pek \u00e7ok \u00f6d\u00fcle lay\u0131k g\u00f6r\u00fclm\u00fc\u015ft\u00fcr. D\u00fczen \u00e7arklar\u0131ndaki \u00e7\u00fcr\u00fck yanlar\u0131 ba\u015far\u0131yla hicveden Brecht, onlarca oyununun yan\u0131 s\u0131ra kuramsal yaz\u0131lar\u0131 ve yeni sahneleme y\u00f6ntemleriyle \u00e7a\u011fda\u015f tiyatro anlay\u0131\u015f\u0131na da y\u00f6n vermi\u015ftir. K\u00f6r\u00fc k\u00f6r\u00fcne e\u011flendirmekten ziyade seyircide bir bilin\u00e7 yaratmay\u0131 \u00f6nceleyen Brecht\u2019in epik tiyatrosunda oyuncular\u0131n role d\u0131\u015far\u0131dan yakla\u015fmas\u0131, seyirciden kopmadan fark\u0131ndal\u0131\u011f\u0131n\u0131 belli etmesi, seyircinin katarsis ya\u015famas\u0131na engel olmas\u0131 beklenir. Brecht\u2019in kavramla\u015ft\u0131rd\u0131\u011f\u0131 bu yabanc\u0131la\u015ft\u0131rma efekti, seyircinin oyunla duyguda\u015fl\u0131k kurmas\u0131n\u0131 engelleyip ak\u0131lc\u0131 ele\u015ftirel bak\u0131\u015f\u0131n\u0131 korumay\u0131 ama\u00e7lar. Brecht, insan\u0131 ko\u015fullar\u0131n bir \u00fcr\u00fcn\u00fc olarak g\u00f6ren diyalektik g\u00f6r\u00fc\u015f\u00fc benimsemi\u015f ve insan\u0131n bu ko\u015fullar\u0131 de\u011fi\u015ftirebilece\u011fine inanm\u0131\u015ft\u0131r:   Mesele yaln\u0131zca d\u00fcnyay\u0131 yorumlamak de\u011fil, ayr\u0131ca onu de\u011fi\u015ftirmektir; amac\u0131m bu ilkeyi tiyatroya uygulamakt\u0131. <\/p>\n","protected":false},"excerpt":{"rendered":"<p>20. y\u00fczy\u0131l Alman \u015fiir ve tiyatrosunun en \u00f6nemli isimlerinden biri olan Bertolt Brecht, epik tiyatronun, di\u011fer bir deyi\u015fle diyalektik tiyatronun kurucusudur. Eserleri uluslararas\u0131 alanda da sayg\u0131yla<span class=\"excerpt-hellip\"> [\u2026]<\/span><\/p>\n","protected":false},"featured_media":0,"template":"","meta":{"_monsterinsights_skip_tracking":false,"_monsterinsights_sitenote_active":false,"_monsterinsights_sitenote_note":"","_monsterinsights_sitenote_category":0},"product_brand":[],"product_cat":[12291,15566],"product_tag":[],"class_list":{"0":"post-747853","1":"product","2":"type-product","3":"status-publish","5":"product_cat-edebiyat","6":"product_cat-oyun","7":"pa_cilt-ciltsiz","8":"pa_tur-kitap","9":"pa_yayinevi-everest-yayinlari","10":"pa_yazar-bertolt-brecht","12":"first","13":"instock","14":"sale","15":"shipping-taxable","16":"purchasable","17":"product-type-simple"},"_links":{"self":[{"href":"https:\/\/roveyayinevi.com.tr\/index.php\/wp-json\/wp\/v2\/product\/747853","targetHints":{"allow":["GET"]}}],"collection":[{"href":"https:\/\/roveyayinevi.com.tr\/index.php\/wp-json\/wp\/v2\/product"}],"about":[{"href":"https:\/\/roveyayinevi.com.tr\/index.php\/wp-json\/wp\/v2\/types\/product"}],"wp:attachment":[{"href":"https:\/\/roveyayinevi.com.tr\/index.php\/wp-json\/wp\/v2\/media?parent=747853"}],"wp:term":[{"taxonomy":"product_brand","embeddable":true,"href":"https:\/\/roveyayinevi.com.tr\/index.php\/wp-json\/wp\/v2\/product_brand?post=747853"},{"taxonomy":"product_cat","embeddable":true,"href":"https:\/\/roveyayinevi.com.tr\/index.php\/wp-json\/wp\/v2\/product_cat?post=747853"},{"taxonomy":"product_tag","embeddable":true,"href":"https:\/\/roveyayinevi.com.tr\/index.php\/wp-json\/wp\/v2\/product_tag?post=747853"}],"curies":[{"name":"wp","href":"https:\/\/api.w.org\/{rel}","templated":true}]}}