{"id":747846,"date":"2025-08-28T03:16:35","date_gmt":"2025-08-28T00:16:35","guid":{"rendered":"https:\/\/roveyayinevi.com.tr\/index.php\/urun\/tontoncuk-boyama-4-kitap-takim\/"},"modified":"2026-04-16T03:00:36","modified_gmt":"2026-04-16T00:00:36","slug":"tontoncuk-boyama-4-kitap-takim","status":"publish","type":"product","link":"https:\/\/roveyayinevi.com.tr\/index.php\/urun\/tontoncuk-boyama-4-kitap-takim\/","title":{"rendered":"Tontoncuk Boyama (4 Kitap Tak\u0131m)"},"content":{"rendered":"<p>Kalem Kullanma Kolayl\u0131\u011f\u0131 \u00c7evreye Fark\u0131ndal\u0131k G\u00f6rsel Okuma Becerisi El-G\u00f6z Koordinasyonu<\/p>\n","protected":false},"excerpt":{"rendered":"<p>Kalem Kullanma Kolayl\u0131\u011f\u0131 \u00c7evreye Fark\u0131ndal\u0131k G\u00f6rsel Okuma Becerisi El-G\u00f6z Koordinasyonu<\/p>\n","protected":false},"featured_media":0,"template":"","meta":{"_monsterinsights_skip_tracking":false,"_monsterinsights_sitenote_active":false,"_monsterinsights_sitenote_note":"","_monsterinsights_sitenote_category":0},"product_brand":[],"product_cat":[12644,12274],"product_tag":[],"class_list":{"0":"post-747846","1":"product","2":"type-product","3":"status-publish","5":"product_cat-boyama-kitaplari","6":"product_cat-cocuk-ve-genclik-kitaplari","7":"pa_cilt-ciltsiz","8":"pa_tur-kitap","9":"pa_yayinevi-ema-kitap","10":"pa_yazar-kolektif","12":"first","13":"instock","14":"sale","15":"shipping-taxable","16":"purchasable","17":"product-type-simple"},"_links":{"self":[{"href":"https:\/\/roveyayinevi.com.tr\/index.php\/wp-json\/wp\/v2\/product\/747846","targetHints":{"allow":["GET"]}}],"collection":[{"href":"https:\/\/roveyayinevi.com.tr\/index.php\/wp-json\/wp\/v2\/product"}],"about":[{"href":"https:\/\/roveyayinevi.com.tr\/index.php\/wp-json\/wp\/v2\/types\/product"}],"wp:attachment":[{"href":"https:\/\/roveyayinevi.com.tr\/index.php\/wp-json\/wp\/v2\/media?parent=747846"}],"wp:term":[{"taxonomy":"product_brand","embeddable":true,"href":"https:\/\/roveyayinevi.com.tr\/index.php\/wp-json\/wp\/v2\/product_brand?post=747846"},{"taxonomy":"product_cat","embeddable":true,"href":"https:\/\/roveyayinevi.com.tr\/index.php\/wp-json\/wp\/v2\/product_cat?post=747846"},{"taxonomy":"product_tag","embeddable":true,"href":"https:\/\/roveyayinevi.com.tr\/index.php\/wp-json\/wp\/v2\/product_tag?post=747846"}],"curies":[{"name":"wp","href":"https:\/\/api.w.org\/{rel}","templated":true}]}}