{"id":747836,"date":"2025-08-28T03:16:21","date_gmt":"2025-08-28T00:16:21","guid":{"rendered":"https:\/\/roveyayinevi.com.tr\/index.php\/urun\/masal-deryasi-30-kitap-takim-1-ve-2-siniflar-icin\/"},"modified":"2026-04-16T03:00:35","modified_gmt":"2026-04-16T00:00:35","slug":"masal-deryasi-30-kitap-takim-1-ve-2-siniflar-icin","status":"publish","type":"product","link":"https:\/\/roveyayinevi.com.tr\/index.php\/urun\/masal-deryasi-30-kitap-takim-1-ve-2-siniflar-icin\/","title":{"rendered":"Masal Deryas\u0131 30 Kitap Tak\u0131m &#8211; 1. ve 2.S\u0131n\u0131flar i\u00e7in"},"content":{"rendered":"<p>1.Set; D\u00fcnya Masallar\u0131Ali baba ve k\u0131rk haramileri\u00c7irkin \u00f6rdek yavrusu\u00c7izmeli kediDeniz K\u0131z\u0131Kibrit\u00e7i k\u0131zKral\u0131n yeni giysileriKur\u015fun askerPinokyoSindrellaUyuyan prens2.Set: Nasrettin hoca F\u0131kralar\u0131Banam\u0131 \u0130nan\u0131rs\u0131n E\u015fe\u011fe mi?Ben Zaten \u0130ncektimEski aylar\u0131 ne yap\u0131yorlar?G\u00f6l Ku\u015fu\u0130pe un sermek\u00d6rdek \u00c7orbas\u0131Sen de Hakl\u0131s\u0131nYa TutarsaYe k\u00fcrk\u00fcm yeUykumu ar\u0131yorum3.Set: Bal\u00e7i\u00e7ek \u00d6yk\u00fc DizisiBenim K\u00f6y\u00fcmHo\u015f geldiniz\u0130yiki do\u011fdunMinik tav\u015fanSevgiyle a\u00e7an \u00e7i\u00e7ekSevgili annemSizin \u0130\u00e7inSorumlu yurtta\u015fYa\u015fas\u0131n KitapYe\u015fil Cennet<\/p>\n","protected":false},"excerpt":{"rendered":"<p>1.Set; D\u00fcnya Masallar\u0131Ali baba ve k\u0131rk haramileri\u00c7irkin \u00f6rdek yavrusu\u00c7izmeli kediDeniz K\u0131z\u0131Kibrit\u00e7i k\u0131zKral\u0131n yeni giysileriKur\u015fun askerPinokyoSindrellaUyuyan prens2.Set: Nasrettin hoca F\u0131kralar\u0131Banam\u0131 \u0130nan\u0131rs\u0131n E\u015fe\u011fe mi?Ben Zaten \u0130ncektimEski aylar\u0131 ne<span class=\"excerpt-hellip\"> [\u2026]<\/span><\/p>\n","protected":false},"featured_media":0,"template":"","meta":{"_monsterinsights_skip_tracking":false,"_monsterinsights_sitenote_active":false,"_monsterinsights_sitenote_note":"","_monsterinsights_sitenote_category":0},"product_brand":[],"product_cat":[12275,12274],"product_tag":[],"class_list":{"0":"post-747836","1":"product","2":"type-product","3":"status-publish","5":"product_cat-6-12-yas-kitaplari","6":"product_cat-cocuk-ve-genclik-kitaplari","7":"pa_cilt-ciltsiz","8":"pa_tur-kitap","9":"pa_yayinevi-ema-kitap","10":"pa_yazar-kolektif","12":"first","13":"instock","14":"sale","15":"shipping-taxable","16":"purchasable","17":"product-type-simple"},"_links":{"self":[{"href":"https:\/\/roveyayinevi.com.tr\/index.php\/wp-json\/wp\/v2\/product\/747836","targetHints":{"allow":["GET"]}}],"collection":[{"href":"https:\/\/roveyayinevi.com.tr\/index.php\/wp-json\/wp\/v2\/product"}],"about":[{"href":"https:\/\/roveyayinevi.com.tr\/index.php\/wp-json\/wp\/v2\/types\/product"}],"wp:attachment":[{"href":"https:\/\/roveyayinevi.com.tr\/index.php\/wp-json\/wp\/v2\/media?parent=747836"}],"wp:term":[{"taxonomy":"product_brand","embeddable":true,"href":"https:\/\/roveyayinevi.com.tr\/index.php\/wp-json\/wp\/v2\/product_brand?post=747836"},{"taxonomy":"product_cat","embeddable":true,"href":"https:\/\/roveyayinevi.com.tr\/index.php\/wp-json\/wp\/v2\/product_cat?post=747836"},{"taxonomy":"product_tag","embeddable":true,"href":"https:\/\/roveyayinevi.com.tr\/index.php\/wp-json\/wp\/v2\/product_tag?post=747836"}],"curies":[{"name":"wp","href":"https:\/\/api.w.org\/{rel}","templated":true}]}}