{"id":747833,"date":"2025-08-28T03:16:16","date_gmt":"2025-08-28T00:16:16","guid":{"rendered":"https:\/\/roveyayinevi.com.tr\/index.php\/urun\/dunya-edebiyatinin-en-buyuk-30-eseri-genclik-dizisi\/"},"modified":"2026-04-16T03:00:35","modified_gmt":"2026-04-16T00:00:35","slug":"dunya-edebiyatinin-en-buyuk-30-eseri-genclik-dizisi","status":"publish","type":"product","link":"https:\/\/roveyayinevi.com.tr\/index.php\/urun\/dunya-edebiyatinin-en-buyuk-30-eseri-genclik-dizisi\/","title":{"rendered":"D\u00fcnya Edebiyat\u0131n\u0131n En B\u00fcy\u00fck 30 Eseri Gen\u00e7lik Dizisi"},"content":{"rendered":"<p>Gen\u00e7lik Dizisi, D\u00fcnya Edebiyat\u0131n\u0131n En B\u00fcy\u00fck 30 EseriTema ve De\u011ferler\u2022 Sevgi \u2022 Kavramlar ve \u00c7a\u011fr\u0131\u015f\u0131mlar \u2022 Zaman MekanD\u00fcnya edebiyat\u0131n\u0131n se\u00e7kin kalemlerinin kitaplar\u0131, bu dizimizde bir araya geldi. Bazen merakland\u0131ran, bazen h\u00fcz\u00fcnlendiren, bazen g\u00fcld\u00fcren, bazen heyacanland\u0131ran bu kitaplar\u0131, gen\u00e7lerimiz ellerinden b\u0131rakmak istemeyecekler.Set \u0130\u00e7eri\u011fi:1-D\u00fc\u015f\u00fcn\u00fcr \/ Anton \u00c7ehov2-B\u00fcy\u00fck Macera \/ Charles D\u0131ckens3-\u00dc\u00e7 silah\u015f\u00f6r \/ Alexandre Dumas4-Macbeht \/ W. Shakespeare5-Siyah \u0130nci \/ Anna Sewell6-Onbe\u015f Ya\u015f\u0131nda Bir Kaptan \/ Jules Verne7-Polyanna \/ Elenor H. Porter8-Dav\u0131d Copperf\u0131eld \/ Charles D\u0131ckens9-D\u00fcnyan\u0131n Merkezine yolculuk \/ Jules Verne10-Ka\u00e7\u0131r\u0131lan \u00c7ocuk \/ R.L. Stevenson11-Balonla Be\u015f Hafta \/ Jules Verne12-Kahraman Fenerciler \/ Jules Verne13-K\u00fc\u00e7\u00fck Prens \/ F. H. Burnett14- \u0130ki \u015eehrin Hikayesi \/ Charles D\u0131ckens15-\u0130ki \u00d6ks\u00fcz \/ P. A. D\u2019ennery16- Mart\u0131 \/ Anton \u00c7ehov17-Korkusuz Kaptanlar \/ Rudyard K\u0131pl\u0131ng18-K\u00fc\u00e7\u00fck Lord \/ F. H. Burnett19- Don Ki\u015fot \/ Cervantes20-Sefiller \/ Victor Hugo21-Kimsesiz \u00c7ocuk \/ Hector Malot22-Siyah Lale \/ Alexandre Dumas23-Vah\u015fetin \u00c7a\u011fr\u0131s\u0131 \/ Jack London24-Demiryolu \u00c7ocuklar\u0131 \/ Jack London25-K\u00fc\u00e7\u00fck Kad\u0131nlar \/ Lous\u0131a M. Alcott26-Gulliver\u2019in Gezileri \/ Jonathan Sw\u0131ft27-Denizden Gelen Haber \/ Charles D\u0131ckens28-Heidi \/ Johanna Spyri29-Robinson Crusoe \/ Daniel Defoe30- Tom Sawyer \/ Mark Twain<\/p>\n","protected":false},"excerpt":{"rendered":"<p>Gen\u00e7lik Dizisi, D\u00fcnya Edebiyat\u0131n\u0131n En B\u00fcy\u00fck 30 EseriTema ve De\u011ferler\u2022 Sevgi \u2022 Kavramlar ve \u00c7a\u011fr\u0131\u015f\u0131mlar \u2022 Zaman MekanD\u00fcnya edebiyat\u0131n\u0131n se\u00e7kin kalemlerinin kitaplar\u0131, bu dizimizde bir araya<span class=\"excerpt-hellip\"> [\u2026]<\/span><\/p>\n","protected":false},"featured_media":0,"template":"","meta":{"_monsterinsights_skip_tracking":false,"_monsterinsights_sitenote_active":false,"_monsterinsights_sitenote_note":"","_monsterinsights_sitenote_category":0},"product_brand":[],"product_cat":[12274],"product_tag":[],"class_list":{"0":"post-747833","1":"product","2":"type-product","3":"status-publish","5":"product_cat-cocuk-ve-genclik-kitaplari","6":"pa_cilt-ciltsiz","7":"pa_tur-kitap","8":"pa_yayinevi-ema-kitap","9":"pa_yazar-kolektif","11":"first","12":"instock","13":"sale","14":"shipping-taxable","15":"purchasable","16":"product-type-simple"},"_links":{"self":[{"href":"https:\/\/roveyayinevi.com.tr\/index.php\/wp-json\/wp\/v2\/product\/747833","targetHints":{"allow":["GET"]}}],"collection":[{"href":"https:\/\/roveyayinevi.com.tr\/index.php\/wp-json\/wp\/v2\/product"}],"about":[{"href":"https:\/\/roveyayinevi.com.tr\/index.php\/wp-json\/wp\/v2\/types\/product"}],"wp:attachment":[{"href":"https:\/\/roveyayinevi.com.tr\/index.php\/wp-json\/wp\/v2\/media?parent=747833"}],"wp:term":[{"taxonomy":"product_brand","embeddable":true,"href":"https:\/\/roveyayinevi.com.tr\/index.php\/wp-json\/wp\/v2\/product_brand?post=747833"},{"taxonomy":"product_cat","embeddable":true,"href":"https:\/\/roveyayinevi.com.tr\/index.php\/wp-json\/wp\/v2\/product_cat?post=747833"},{"taxonomy":"product_tag","embeddable":true,"href":"https:\/\/roveyayinevi.com.tr\/index.php\/wp-json\/wp\/v2\/product_tag?post=747833"}],"curies":[{"name":"wp","href":"https:\/\/api.w.org\/{rel}","templated":true}]}}