{"id":747832,"date":"2025-08-28T03:16:15","date_gmt":"2025-08-28T00:16:15","guid":{"rendered":"https:\/\/roveyayinevi.com.tr\/index.php\/urun\/en-iyi-dostlarim-1-ve-2-siniflar-icin-80-kitap\/"},"modified":"2026-04-16T03:00:35","modified_gmt":"2026-04-16T00:00:35","slug":"en-iyi-dostlarim-1-ve-2-siniflar-icin-80-kitap","status":"publish","type":"product","link":"https:\/\/roveyayinevi.com.tr\/index.php\/urun\/en-iyi-dostlarim-1-ve-2-siniflar-icin-80-kitap\/","title":{"rendered":"En \u0130yi Dostlar\u0131m 1. ve 2. S\u0131n\u0131flar \u0130\u00e7in 80 Kitap"},"content":{"rendered":"<p>Okumay\u0131 \u00f6\u011frenmi\u015f ya da okumaya yeni ba\u015flayan \u00e7ocuklara kitap sevgisini a\u015f\u0131lamak i\u00e7in haz\u0131rlanm\u0131\u015f e\u015fsiz bir hazine.  En \u0130yi Dostlar\u0131m&#8230;. Eskimeyen yazarlardan ve g\u00fcn\u00fcm\u00fcz yazarlar\u0131ndan se\u00e7ilmi\u015f, karakterlerin oldu\u011fu, Nasrettin Hoca&#8217;dan Kelo\u011flan&#8217;a, La Fontaine\u2019den, Ezop\u2019a pek \u00e7ok sevimli kahraman\u0131n bulu\u015ftu\u011fu bu kitaplar sayesinde \u00e7ocuklar\u0131n\u0131z\u0131n okuma al\u0131\u015fkanl\u0131\u011f\u0131nda farkedilir bir geli\u015fme olacakt\u0131r.<\/p>\n","protected":false},"excerpt":{"rendered":"<p>Okumay\u0131 \u00f6\u011frenmi\u015f ya da okumaya yeni ba\u015flayan \u00e7ocuklara kitap sevgisini a\u015f\u0131lamak i\u00e7in haz\u0131rlanm\u0131\u015f e\u015fsiz bir hazine. En \u0130yi Dostlar\u0131m&#8230;. Eskimeyen yazarlardan ve g\u00fcn\u00fcm\u00fcz yazarlar\u0131ndan se\u00e7ilmi\u015f, karakterlerin<span class=\"excerpt-hellip\"> [\u2026]<\/span><\/p>\n","protected":false},"featured_media":0,"template":"","meta":{"_monsterinsights_skip_tracking":false,"_monsterinsights_sitenote_active":false,"_monsterinsights_sitenote_note":"","_monsterinsights_sitenote_category":0},"product_brand":[],"product_cat":[12274,12284],"product_tag":[],"class_list":{"0":"post-747832","1":"product","2":"type-product","3":"status-publish","5":"product_cat-cocuk-ve-genclik-kitaplari","6":"product_cat-hikayeler","7":"pa_cilt-ciltsiz","8":"pa_tur-kitap","9":"pa_yayinevi-ema-kitap","10":"pa_yazar-kolektif","12":"first","13":"instock","14":"sale","15":"shipping-taxable","16":"purchasable","17":"product-type-simple"},"_links":{"self":[{"href":"https:\/\/roveyayinevi.com.tr\/index.php\/wp-json\/wp\/v2\/product\/747832","targetHints":{"allow":["GET"]}}],"collection":[{"href":"https:\/\/roveyayinevi.com.tr\/index.php\/wp-json\/wp\/v2\/product"}],"about":[{"href":"https:\/\/roveyayinevi.com.tr\/index.php\/wp-json\/wp\/v2\/types\/product"}],"wp:attachment":[{"href":"https:\/\/roveyayinevi.com.tr\/index.php\/wp-json\/wp\/v2\/media?parent=747832"}],"wp:term":[{"taxonomy":"product_brand","embeddable":true,"href":"https:\/\/roveyayinevi.com.tr\/index.php\/wp-json\/wp\/v2\/product_brand?post=747832"},{"taxonomy":"product_cat","embeddable":true,"href":"https:\/\/roveyayinevi.com.tr\/index.php\/wp-json\/wp\/v2\/product_cat?post=747832"},{"taxonomy":"product_tag","embeddable":true,"href":"https:\/\/roveyayinevi.com.tr\/index.php\/wp-json\/wp\/v2\/product_tag?post=747832"}],"curies":[{"name":"wp","href":"https:\/\/api.w.org\/{rel}","templated":true}]}}