{"id":747831,"date":"2025-08-28T03:16:13","date_gmt":"2025-08-28T00:16:13","guid":{"rendered":"https:\/\/roveyayinevi.com.tr\/index.php\/urun\/en-cok-sevilen-minik-klasikler-seti-20-kitap-takim\/"},"modified":"2026-04-16T03:00:35","modified_gmt":"2026-04-16T00:00:35","slug":"en-cok-sevilen-minik-klasikler-seti-20-kitap-takim","status":"publish","type":"product","link":"https:\/\/roveyayinevi.com.tr\/index.php\/urun\/en-cok-sevilen-minik-klasikler-seti-20-kitap-takim\/","title":{"rendered":"En \u00c7ok Sevilen Minik Klasikler Seti &#8211; 20 Kitap Tak\u0131m"},"content":{"rendered":"<p>Masallar, \u00e7ocuk geli\u015fiminin temel yap\u0131 ta\u015flar\u0131ndan biridir. Do\u011fruyu yanl\u0131\u015f\u0131, iyiyi k\u00f6t\u00fcy\u00fc, g\u00fczeli \u00e7irkini hep bu masallar sayesinde \u00f6\u011frenir \u00e7ocuklar. Bu serilerimiz d\u00fcnya masallar\u0131n\u0131n en g\u00fczel se\u00e7kilerinden olu\u015fuyor. Metin-g\u00f6rsel ili\u015fkisine dikkat edilerek \u00f6zenle haz\u0131rlanm\u0131\u015ft\u0131r. 101 Dalma\u00e7yal\u0131Ali Baba ve K\u0131rk HaramilerBambiBremen M\u0131z\u0131kac\u0131lar\u0131Cesur Terzi\u00c7irkin \u00d6rdek Yavrusu\u00c7izmeli KediK\u00fc\u00e7\u00fck Deniz K\u0131z\u0131Fareli K\u00f6y\u00fcn Kavalc\u0131s\u0131Hansel ve GretelKibrit\u00e7i K\u0131zK\u0131rm\u0131z\u0131 Ba\u015fl\u0131kl\u0131 K\u0131zKral&#8217;\u0131n Yeni GiysileriK\u00fclkedisiKur\u015fun AskerPamuk Prenses ve Yedi C\u00fccelerParmak \u00c7ocukPinokyoRapunzelUyuyan Prenses<\/p>\n","protected":false},"excerpt":{"rendered":"<p>Masallar, \u00e7ocuk geli\u015fiminin temel yap\u0131 ta\u015flar\u0131ndan biridir. Do\u011fruyu yanl\u0131\u015f\u0131, iyiyi k\u00f6t\u00fcy\u00fc, g\u00fczeli \u00e7irkini hep bu masallar sayesinde \u00f6\u011frenir \u00e7ocuklar. Bu serilerimiz d\u00fcnya masallar\u0131n\u0131n en g\u00fczel se\u00e7kilerinden<span class=\"excerpt-hellip\"> [\u2026]<\/span><\/p>\n","protected":false},"featured_media":0,"template":"","meta":{"_monsterinsights_skip_tracking":false,"_monsterinsights_sitenote_active":false,"_monsterinsights_sitenote_note":"","_monsterinsights_sitenote_category":0},"product_brand":[],"product_cat":[12274,12523],"product_tag":[],"class_list":{"0":"post-747831","1":"product","2":"type-product","3":"status-publish","5":"product_cat-cocuk-ve-genclik-kitaplari","6":"product_cat-masallar","7":"pa_cilt-ciltsiz","8":"pa_tur-kitap","9":"pa_yayinevi-bicirik-yayinlari","10":"pa_yazar-kolektif","12":"first","13":"instock","14":"sale","15":"shipping-taxable","16":"purchasable","17":"product-type-simple"},"_links":{"self":[{"href":"https:\/\/roveyayinevi.com.tr\/index.php\/wp-json\/wp\/v2\/product\/747831","targetHints":{"allow":["GET"]}}],"collection":[{"href":"https:\/\/roveyayinevi.com.tr\/index.php\/wp-json\/wp\/v2\/product"}],"about":[{"href":"https:\/\/roveyayinevi.com.tr\/index.php\/wp-json\/wp\/v2\/types\/product"}],"wp:attachment":[{"href":"https:\/\/roveyayinevi.com.tr\/index.php\/wp-json\/wp\/v2\/media?parent=747831"}],"wp:term":[{"taxonomy":"product_brand","embeddable":true,"href":"https:\/\/roveyayinevi.com.tr\/index.php\/wp-json\/wp\/v2\/product_brand?post=747831"},{"taxonomy":"product_cat","embeddable":true,"href":"https:\/\/roveyayinevi.com.tr\/index.php\/wp-json\/wp\/v2\/product_cat?post=747831"},{"taxonomy":"product_tag","embeddable":true,"href":"https:\/\/roveyayinevi.com.tr\/index.php\/wp-json\/wp\/v2\/product_tag?post=747831"}],"curies":[{"name":"wp","href":"https:\/\/api.w.org\/{rel}","templated":true}]}}