{"id":747829,"date":"2025-08-28T03:16:04","date_gmt":"2025-08-28T00:16:04","guid":{"rendered":"https:\/\/roveyayinevi.com.tr\/index.php\/urun\/davetsiz-misafir-2\/"},"modified":"2026-04-16T03:00:35","modified_gmt":"2026-04-16T00:00:35","slug":"davetsiz-misafir-2","status":"publish","type":"product","link":"https:\/\/roveyayinevi.com.tr\/index.php\/urun\/davetsiz-misafir-2\/","title":{"rendered":"Davetsiz Misafir"},"content":{"rendered":"<p>\u201cPi\u015ft! Merhaba!\u201d dedi birisi bana.Dondum kald\u0131m o anda.Elimde az \u00f6nce \u0131s\u0131rd\u0131\u011f\u0131m elma vard\u0131 yaln\u0131zca.Bak\u0131nd\u0131m emin olmak i\u00e7in etraf\u0131ma. Benden ba\u015fka kimse yoktu mutfakta.Sonra bir daha seslendi:\u201cAcaba \u015fu kuytuya m\u0131 yerle\u015fsem, yoksa daha derine mi?\u201dAnlayamad\u0131m; bu ses d\u0131\u015far\u0131dan m\u0131 geliyor, i\u00e7imden mi?Daha \u00f6nce misafirleriniz olmu\u015ftur eminim. Peki, hi\u00e7 davetsiz misafirleriniz oldu mu?Bu kitapta bolca var.Kim olduklar\u0131n\u0131 merak ediyor musun?O zaman durma!Sayfalar\u0131 \u00e7evirmeye ba\u015fla\u2026<\/p>\n","protected":false},"excerpt":{"rendered":"<p>\u201cPi\u015ft! Merhaba!\u201d dedi birisi bana.Dondum kald\u0131m o anda.Elimde az \u00f6nce \u0131s\u0131rd\u0131\u011f\u0131m elma vard\u0131 yaln\u0131zca.Bak\u0131nd\u0131m emin olmak i\u00e7in etraf\u0131ma. Benden ba\u015fka kimse yoktu mutfakta.Sonra bir daha seslendi:\u201cAcaba<span class=\"excerpt-hellip\"> [\u2026]<\/span><\/p>\n","protected":false},"featured_media":0,"template":"","meta":{"_monsterinsights_skip_tracking":false,"_monsterinsights_sitenote_active":false,"_monsterinsights_sitenote_note":"","_monsterinsights_sitenote_category":0},"product_brand":[],"product_cat":[12274,12284],"product_tag":[],"class_list":{"0":"post-747829","1":"product","2":"type-product","3":"status-publish","5":"product_cat-cocuk-ve-genclik-kitaplari","6":"product_cat-hikayeler","7":"pa_cilt-ciltsiz","8":"pa_tur-kitap","9":"pa_yayinevi-nesil-cocuk-yayinlari","10":"pa_yazar-kubra-soysal-cici","12":"first","13":"instock","14":"sale","15":"shipping-taxable","16":"purchasable","17":"product-type-simple"},"_links":{"self":[{"href":"https:\/\/roveyayinevi.com.tr\/index.php\/wp-json\/wp\/v2\/product\/747829","targetHints":{"allow":["GET"]}}],"collection":[{"href":"https:\/\/roveyayinevi.com.tr\/index.php\/wp-json\/wp\/v2\/product"}],"about":[{"href":"https:\/\/roveyayinevi.com.tr\/index.php\/wp-json\/wp\/v2\/types\/product"}],"wp:attachment":[{"href":"https:\/\/roveyayinevi.com.tr\/index.php\/wp-json\/wp\/v2\/media?parent=747829"}],"wp:term":[{"taxonomy":"product_brand","embeddable":true,"href":"https:\/\/roveyayinevi.com.tr\/index.php\/wp-json\/wp\/v2\/product_brand?post=747829"},{"taxonomy":"product_cat","embeddable":true,"href":"https:\/\/roveyayinevi.com.tr\/index.php\/wp-json\/wp\/v2\/product_cat?post=747829"},{"taxonomy":"product_tag","embeddable":true,"href":"https:\/\/roveyayinevi.com.tr\/index.php\/wp-json\/wp\/v2\/product_tag?post=747829"}],"curies":[{"name":"wp","href":"https:\/\/api.w.org\/{rel}","templated":true}]}}