{"id":747828,"date":"2025-08-28T03:16:03","date_gmt":"2025-08-28T00:16:03","guid":{"rendered":"https:\/\/roveyayinevi.com.tr\/index.php\/urun\/cocuk-ve-mocuk\/"},"modified":"2026-04-16T03:00:35","modified_gmt":"2026-04-16T00:00:35","slug":"cocuk-ve-mocuk","status":"publish","type":"product","link":"https:\/\/roveyayinevi.com.tr\/index.php\/urun\/cocuk-ve-mocuk\/","title":{"rendered":"\u00c7ocuk ve Mocuk"},"content":{"rendered":"<p>E\u011flenceli me\u011flenceli, sevimli mevimli, tatl\u0131 matl\u0131 bir masal bu.\u00c7ocuk mocuk, leylek meylek evlerinde mevlerinde bir \u015feyler mir \u015feyler kar\u0131\u015ft\u0131r\u0131yor.Hadi ses \u00e7\u0131karmadan beni takip makip et.<\/p>\n","protected":false},"excerpt":{"rendered":"<p>E\u011flenceli me\u011flenceli, sevimli mevimli, tatl\u0131 matl\u0131 bir masal bu.\u00c7ocuk mocuk, leylek meylek evlerinde mevlerinde bir \u015feyler mir \u015feyler kar\u0131\u015ft\u0131r\u0131yor.Hadi ses \u00e7\u0131karmadan beni takip makip et.<\/p>\n","protected":false},"featured_media":0,"template":"","meta":{"_monsterinsights_skip_tracking":false,"_monsterinsights_sitenote_active":false,"_monsterinsights_sitenote_note":"","_monsterinsights_sitenote_category":0},"product_brand":[],"product_cat":[12274,12523],"product_tag":[],"class_list":{"0":"post-747828","1":"product","2":"type-product","3":"status-publish","5":"product_cat-cocuk-ve-genclik-kitaplari","6":"product_cat-masallar","7":"pa_cilt-ciltsiz","8":"pa_tur-kitap","9":"pa_yayinevi-nesil-cocuk-yayinlari","10":"pa_yazar-tugba-akbey-inan","12":"first","13":"instock","14":"sale","15":"shipping-taxable","16":"purchasable","17":"product-type-simple"},"_links":{"self":[{"href":"https:\/\/roveyayinevi.com.tr\/index.php\/wp-json\/wp\/v2\/product\/747828","targetHints":{"allow":["GET"]}}],"collection":[{"href":"https:\/\/roveyayinevi.com.tr\/index.php\/wp-json\/wp\/v2\/product"}],"about":[{"href":"https:\/\/roveyayinevi.com.tr\/index.php\/wp-json\/wp\/v2\/types\/product"}],"wp:attachment":[{"href":"https:\/\/roveyayinevi.com.tr\/index.php\/wp-json\/wp\/v2\/media?parent=747828"}],"wp:term":[{"taxonomy":"product_brand","embeddable":true,"href":"https:\/\/roveyayinevi.com.tr\/index.php\/wp-json\/wp\/v2\/product_brand?post=747828"},{"taxonomy":"product_cat","embeddable":true,"href":"https:\/\/roveyayinevi.com.tr\/index.php\/wp-json\/wp\/v2\/product_cat?post=747828"},{"taxonomy":"product_tag","embeddable":true,"href":"https:\/\/roveyayinevi.com.tr\/index.php\/wp-json\/wp\/v2\/product_tag?post=747828"}],"curies":[{"name":"wp","href":"https:\/\/api.w.org\/{rel}","templated":true}]}}