{"id":747827,"date":"2025-08-28T03:16:02","date_gmt":"2025-08-28T00:16:02","guid":{"rendered":"https:\/\/roveyayinevi.com.tr\/index.php\/urun\/benim-kitaplarim-oyku-seti\/"},"modified":"2026-04-16T03:00:35","modified_gmt":"2026-04-16T00:00:35","slug":"benim-kitaplarim-oyku-seti","status":"publish","type":"product","link":"https:\/\/roveyayinevi.com.tr\/index.php\/urun\/benim-kitaplarim-oyku-seti\/","title":{"rendered":"Benim Kitaplar\u0131m \u00d6yk\u00fc Seti"},"content":{"rendered":"<p>enim Kitaplar\u0131m (30 Kitap) Renkli Resimli Bask\u0131Dik Temel D\u00fcz Yaz\u0131l\u0131, Her biri 80 sayfaDe\u011ferler E\u011fitimi, Etkinlik sorular\u0131Tema ve De\u011ferler\u2022 Payla\u015fmak \u2022 Hayal G\u00fcc\u00fc \u2022 Arkada\u015fl\u0131k \u2022 CesaretUnutulmaya y\u00fcz tutmu\u015f toplumsal de\u011ferlerin ve hayal g\u00fcc\u00fcn\u00fcn b\u00fct\u00fcn inceliklerinin bir arada bulundu\u011fu bu eserleri \u00e7ocuklar\u0131m\u0131z ellerinden b\u0131rakamayacaklar.Set \u0130\u00e7eri\u011fiBilge \u00c7ekirge \/Abdurrahman Ko\u00e7Asl\u0131\u2019n\u0131n G\u00fcnl\u00fc\u011f\u00fc \/ \u015eeng\u00fcl AsalNasrettin Hoca F\u0131kralar\u0131 \/ Tuba \u00d6zt\u00fcrkKelo\u011flan All\u0131 Pullu \u00c7ullu  \/ Tuba \u00d6zt\u00fcrkAr\u0131n\u2019\u0131n D\u00fc\u015f\u00fc \/ Erdal \u00c7ak\u0131c\u0131o\u011fluMart\u0131lar G\u00f6\u00e7 Etmez \/ Erdal \u00c7ak\u0131c\u0131o\u011fluK\u00fc\u00e7\u00fck \u00c7evreciler \/ \u0130lhan Soyt\u00fcrkKarag\u00f6z ile Hacivat \/ Yusuf AsalBir Korkulu\u011fun G\u00fcnl\u00fc\u011f\u00fc \/ Yusuf Asal\u00c7at\u0131da Kald\u0131 \/ Abdurrahman Ko\u00e7Adan\u0131n Minik At\u0131 \/ Erdal \u00c7ak\u0131c\u0131o\u011fluKelebek Vadisi \/ Yusuf AsalBoyac\u0131 \/ Erdal \u00c7ak\u0131c\u0131o\u011fluHaylaz \u00c7akal \/ \u015eeng\u00fcl Asal<\/p>\n","protected":false},"excerpt":{"rendered":"<p>enim Kitaplar\u0131m (30 Kitap) Renkli Resimli Bask\u0131Dik Temel D\u00fcz Yaz\u0131l\u0131, Her biri 80 sayfaDe\u011ferler E\u011fitimi, Etkinlik sorular\u0131Tema ve De\u011ferler\u2022 Payla\u015fmak \u2022 Hayal G\u00fcc\u00fc \u2022 Arkada\u015fl\u0131k \u2022<span class=\"excerpt-hellip\"> [\u2026]<\/span><\/p>\n","protected":false},"featured_media":0,"template":"","meta":{"_monsterinsights_skip_tracking":false,"_monsterinsights_sitenote_active":false,"_monsterinsights_sitenote_note":"","_monsterinsights_sitenote_category":0},"product_brand":[],"product_cat":[12274,12284],"product_tag":[],"class_list":{"0":"post-747827","1":"product","2":"type-product","3":"status-publish","5":"product_cat-cocuk-ve-genclik-kitaplari","6":"product_cat-hikayeler","7":"pa_cilt-ciltsiz","8":"pa_tur-kitap","9":"pa_yayinevi-ema-kitap","10":"pa_yazar-kolektif","12":"first","13":"instock","14":"sale","15":"shipping-taxable","16":"purchasable","17":"product-type-simple"},"_links":{"self":[{"href":"https:\/\/roveyayinevi.com.tr\/index.php\/wp-json\/wp\/v2\/product\/747827","targetHints":{"allow":["GET"]}}],"collection":[{"href":"https:\/\/roveyayinevi.com.tr\/index.php\/wp-json\/wp\/v2\/product"}],"about":[{"href":"https:\/\/roveyayinevi.com.tr\/index.php\/wp-json\/wp\/v2\/types\/product"}],"wp:attachment":[{"href":"https:\/\/roveyayinevi.com.tr\/index.php\/wp-json\/wp\/v2\/media?parent=747827"}],"wp:term":[{"taxonomy":"product_brand","embeddable":true,"href":"https:\/\/roveyayinevi.com.tr\/index.php\/wp-json\/wp\/v2\/product_brand?post=747827"},{"taxonomy":"product_cat","embeddable":true,"href":"https:\/\/roveyayinevi.com.tr\/index.php\/wp-json\/wp\/v2\/product_cat?post=747827"},{"taxonomy":"product_tag","embeddable":true,"href":"https:\/\/roveyayinevi.com.tr\/index.php\/wp-json\/wp\/v2\/product_tag?post=747827"}],"curies":[{"name":"wp","href":"https:\/\/api.w.org\/{rel}","templated":true}]}}