{"id":747826,"date":"2025-08-28T03:16:00","date_gmt":"2025-08-28T00:16:00","guid":{"rendered":"https:\/\/roveyayinevi.com.tr\/index.php\/urun\/benekli-masallar-seti-10-kitap-takim\/"},"modified":"2026-04-16T03:00:35","modified_gmt":"2026-04-16T00:00:35","slug":"benekli-masallar-seti-10-kitap-takim","status":"publish","type":"product","link":"https:\/\/roveyayinevi.com.tr\/index.php\/urun\/benekli-masallar-seti-10-kitap-takim\/","title":{"rendered":"Benekli Masallar Seti (10 Kitap Tak\u0131m)"},"content":{"rendered":"<p>\u00c7ocuklar\u0131m\u0131z\u0131n en de\u011ferli dostlar\u0131 olan hayvanlar\u0131n hayatlar\u0131, ibret verici ve ya\u015fad\u0131klar\u0131 e\u011flenceli olaylar ak\u0131c\u0131, anla\u015f\u0131l\u0131r bir dille yaz\u0131lm\u0131\u015ft\u0131r. Her bir kitapta verilen de\u011ferlerle \u00e7ocuklar\u0131m\u0131z g\u00fczel karakter \u00f6zellikleri kazanacaklard\u0131r.Set \u0130\u00e7eri\u011fi;1.Kitap; Pelikan bili can \/ De\u011ferler E\u011fitimi \u0130\u015f birli\u011fi2.Kitap: U\u011fur B\u00f6ce\u011fi Benekli \/ De\u011ferler E\u011fitimi Mutluluk3.kitap; Sincap Kahkaha \/ De\u011ferler E\u011fitimi Sayg\u01314.kitap; Kelebek Toz Kanat \/ De\u011ferler E\u011fitimi Ho\u015fg\u00f6r\u00fc5.kitap; Papa\u011fan Laklak \/ De\u011ferler E\u011fitimi Yard\u0131mla\u015fma6.Kitap; Uzun Kuyruk K\u0131vrak \/ De\u011ferler E\u011fitimi Sevgi7.kitap; Kutup ay\u0131s\u0131 Pigi\/ De\u011ferler E\u011fitimi \u00d6zg\u00fcven8.Kitap; Koala Mufi \/ De\u011ferler E\u011fitimi Ba\u015far\u01319.Kitap; Yavru Fil Nazl\u0131 \/ De\u011ferler E\u011fitimi Farkl\u0131l\u0131klar10. Kitap; Penguen Pengu \/ De\u011ferler E\u011fitimi Sorumluluk<\/p>\n","protected":false},"excerpt":{"rendered":"<p>\u00c7ocuklar\u0131m\u0131z\u0131n en de\u011ferli dostlar\u0131 olan hayvanlar\u0131n hayatlar\u0131, ibret verici ve ya\u015fad\u0131klar\u0131 e\u011flenceli olaylar ak\u0131c\u0131, anla\u015f\u0131l\u0131r bir dille yaz\u0131lm\u0131\u015ft\u0131r. Her bir kitapta verilen de\u011ferlerle \u00e7ocuklar\u0131m\u0131z g\u00fczel karakter<span class=\"excerpt-hellip\"> [\u2026]<\/span><\/p>\n","protected":false},"featured_media":0,"template":"","meta":{"_monsterinsights_skip_tracking":false,"_monsterinsights_sitenote_active":false,"_monsterinsights_sitenote_note":"","_monsterinsights_sitenote_category":0},"product_brand":[],"product_cat":[12274,12523],"product_tag":[],"class_list":{"0":"post-747826","1":"product","2":"type-product","3":"status-publish","5":"product_cat-cocuk-ve-genclik-kitaplari","6":"product_cat-masallar","7":"pa_cilt-ciltsiz","8":"pa_tur-kitap","9":"pa_yayinevi-ema-kitap","10":"pa_yazar-fatma-isik","12":"first","13":"instock","14":"sale","15":"shipping-taxable","16":"purchasable","17":"product-type-simple"},"_links":{"self":[{"href":"https:\/\/roveyayinevi.com.tr\/index.php\/wp-json\/wp\/v2\/product\/747826","targetHints":{"allow":["GET"]}}],"collection":[{"href":"https:\/\/roveyayinevi.com.tr\/index.php\/wp-json\/wp\/v2\/product"}],"about":[{"href":"https:\/\/roveyayinevi.com.tr\/index.php\/wp-json\/wp\/v2\/types\/product"}],"wp:attachment":[{"href":"https:\/\/roveyayinevi.com.tr\/index.php\/wp-json\/wp\/v2\/media?parent=747826"}],"wp:term":[{"taxonomy":"product_brand","embeddable":true,"href":"https:\/\/roveyayinevi.com.tr\/index.php\/wp-json\/wp\/v2\/product_brand?post=747826"},{"taxonomy":"product_cat","embeddable":true,"href":"https:\/\/roveyayinevi.com.tr\/index.php\/wp-json\/wp\/v2\/product_cat?post=747826"},{"taxonomy":"product_tag","embeddable":true,"href":"https:\/\/roveyayinevi.com.tr\/index.php\/wp-json\/wp\/v2\/product_tag?post=747826"}],"curies":[{"name":"wp","href":"https:\/\/api.w.org\/{rel}","templated":true}]}}