{"id":747825,"date":"2025-08-28T03:15:59","date_gmt":"2025-08-28T00:15:59","guid":{"rendered":"https:\/\/roveyayinevi.com.tr\/index.php\/urun\/acaba-benden-ne-olur\/"},"modified":"2026-04-16T03:00:35","modified_gmt":"2026-04-16T00:00:35","slug":"acaba-benden-ne-olur","status":"publish","type":"product","link":"https:\/\/roveyayinevi.com.tr\/index.php\/urun\/acaba-benden-ne-olur\/","title":{"rendered":"Acaba Benden Ne Olur ?"},"content":{"rendered":"<p>Merhaba, ben Duru. Evimizin bah\u00e7esinde karde\u015fim \u0130pek\u2019le beraber her g\u00fcn oyunlar oynar\u0131z. Bazen ne\u015feyle oynar, bazen de s\u0131k\u0131l\u0131r hi\u00e7bir \u015fey bulamaz \u00e7imlere uzan\u0131r, hayaller kurar\u0131z. \u0130pek de benim gibi hayal kurmay\u0131 \u00e7ok sever. Neler hayal ederiz neler? Bazen kuaf\u00f6r olmay\u0131, bazen rehber olmay\u0131 bazen de uzay bilimci olmay\u0131\u2026 Sonra da birbirimize sorar\u0131z \u201cAcaba benden ne olur?\u201d \u015eimdi hayal kurma s\u0131ras\u0131 sen de? Sahi senden ne olur? <\/p>\n","protected":false},"excerpt":{"rendered":"<p>Merhaba, ben Duru. Evimizin bah\u00e7esinde karde\u015fim \u0130pek\u2019le beraber her g\u00fcn oyunlar oynar\u0131z. Bazen ne\u015feyle oynar, bazen de s\u0131k\u0131l\u0131r hi\u00e7bir \u015fey bulamaz \u00e7imlere uzan\u0131r, hayaller kurar\u0131z. \u0130pek<span class=\"excerpt-hellip\"> [\u2026]<\/span><\/p>\n","protected":false},"featured_media":0,"template":"","meta":{"_monsterinsights_skip_tracking":false,"_monsterinsights_sitenote_active":false,"_monsterinsights_sitenote_note":"","_monsterinsights_sitenote_category":0},"product_brand":[],"product_cat":[12274,15842],"product_tag":[],"class_list":{"0":"post-747825","1":"product","2":"type-product","3":"status-publish","5":"product_cat-cocuk-ve-genclik-kitaplari","6":"product_cat-egitici-kitaplar","7":"pa_cilt-ciltsiz","8":"pa_tur-kitap","9":"pa_yayinevi-nesil-cocuk-yayinlari","10":"pa_yazar-gulsah-katircigil","12":"first","13":"instock","14":"sale","15":"shipping-taxable","16":"purchasable","17":"product-type-simple"},"_links":{"self":[{"href":"https:\/\/roveyayinevi.com.tr\/index.php\/wp-json\/wp\/v2\/product\/747825","targetHints":{"allow":["GET"]}}],"collection":[{"href":"https:\/\/roveyayinevi.com.tr\/index.php\/wp-json\/wp\/v2\/product"}],"about":[{"href":"https:\/\/roveyayinevi.com.tr\/index.php\/wp-json\/wp\/v2\/types\/product"}],"wp:attachment":[{"href":"https:\/\/roveyayinevi.com.tr\/index.php\/wp-json\/wp\/v2\/media?parent=747825"}],"wp:term":[{"taxonomy":"product_brand","embeddable":true,"href":"https:\/\/roveyayinevi.com.tr\/index.php\/wp-json\/wp\/v2\/product_brand?post=747825"},{"taxonomy":"product_cat","embeddable":true,"href":"https:\/\/roveyayinevi.com.tr\/index.php\/wp-json\/wp\/v2\/product_cat?post=747825"},{"taxonomy":"product_tag","embeddable":true,"href":"https:\/\/roveyayinevi.com.tr\/index.php\/wp-json\/wp\/v2\/product_tag?post=747825"}],"curies":[{"name":"wp","href":"https:\/\/api.w.org\/{rel}","templated":true}]}}