{"id":747824,"date":"2025-08-28T03:15:57","date_gmt":"2025-08-28T00:15:57","guid":{"rendered":"https:\/\/roveyayinevi.com.tr\/index.php\/urun\/icimdeki-yangin\/"},"modified":"2026-04-16T03:00:35","modified_gmt":"2026-04-16T00:00:35","slug":"icimdeki-yangin","status":"publish","type":"product","link":"https:\/\/roveyayinevi.com.tr\/index.php\/urun\/icimdeki-yangin\/","title":{"rendered":"\u0130\u00e7imdeki Yang\u0131n"},"content":{"rendered":"<p>Bir sevginin hat\u0131r\u0131na diziliyor sat\u0131rlar. Fonda alabildi\u011fine sohbetler var. Edebiyattan, sinemadan, a\u015fktan&#8230; En \u00e7ok da a\u015fktan&#8230; Her ad\u0131m bir s\u0131nav her ad\u0131m bir zorlu\u011fu ta\u015f\u0131yor pe\u015finde. Yollar y\u00fcr\u00fcmekle a\u015f\u0131nm\u0131yor belki ama ayaklar\u0131n h\u00e2li de her daim i\u00e7ler ac\u0131s\u0131. D\u0131\u015far\u0131dan g\u00f6ren olmuyor. \u0130\u00e7imdeki Yang\u0131n, k\u00f6z olup s\u00f6nmeyen bir y\u00fcre\u011fi, ilk bak\u0131\u015fta hemen hissedilmeyen kederi ve \u00e7o\u011funlu\u011fun sesi olan bireysel bir ge\u00e7mi\u015fi anlat\u0131yor. \u0130nsanlar belki de en \u00e7ok h\u00fcz\u00fcnlerde birle\u015fiyor. <\/p>\n","protected":false},"excerpt":{"rendered":"<p>Bir sevginin hat\u0131r\u0131na diziliyor sat\u0131rlar. Fonda alabildi\u011fine sohbetler var. Edebiyattan, sinemadan, a\u015fktan&#8230; En \u00e7ok da a\u015fktan&#8230; Her ad\u0131m bir s\u0131nav her ad\u0131m bir zorlu\u011fu ta\u015f\u0131yor pe\u015finde.<span class=\"excerpt-hellip\"> [\u2026]<\/span><\/p>\n","protected":false},"featured_media":0,"template":"","meta":{"_monsterinsights_skip_tracking":false,"_monsterinsights_sitenote_active":false,"_monsterinsights_sitenote_note":"","_monsterinsights_sitenote_category":0},"product_brand":[],"product_cat":[12291,12711],"product_tag":[],"class_list":{"0":"post-747824","1":"product","2":"type-product","3":"status-publish","5":"product_cat-edebiyat","6":"product_cat-roman-oyku","7":"pa_cilt-ciltsiz","8":"pa_tur-kitap","9":"pa_yayinevi-sapiens-yayinlari","10":"pa_yazar-mehmet-bahceci","12":"first","13":"instock","14":"sale","15":"shipping-taxable","16":"purchasable","17":"product-type-simple"},"_links":{"self":[{"href":"https:\/\/roveyayinevi.com.tr\/index.php\/wp-json\/wp\/v2\/product\/747824","targetHints":{"allow":["GET"]}}],"collection":[{"href":"https:\/\/roveyayinevi.com.tr\/index.php\/wp-json\/wp\/v2\/product"}],"about":[{"href":"https:\/\/roveyayinevi.com.tr\/index.php\/wp-json\/wp\/v2\/types\/product"}],"wp:attachment":[{"href":"https:\/\/roveyayinevi.com.tr\/index.php\/wp-json\/wp\/v2\/media?parent=747824"}],"wp:term":[{"taxonomy":"product_brand","embeddable":true,"href":"https:\/\/roveyayinevi.com.tr\/index.php\/wp-json\/wp\/v2\/product_brand?post=747824"},{"taxonomy":"product_cat","embeddable":true,"href":"https:\/\/roveyayinevi.com.tr\/index.php\/wp-json\/wp\/v2\/product_cat?post=747824"},{"taxonomy":"product_tag","embeddable":true,"href":"https:\/\/roveyayinevi.com.tr\/index.php\/wp-json\/wp\/v2\/product_tag?post=747824"}],"curies":[{"name":"wp","href":"https:\/\/api.w.org\/{rel}","templated":true}]}}