{"id":747819,"date":"2025-08-28T03:15:48","date_gmt":"2025-08-28T00:15:48","guid":{"rendered":"https:\/\/roveyayinevi.com.tr\/index.php\/urun\/kan-ve-gen\/"},"modified":"2026-04-16T03:00:35","modified_gmt":"2026-04-16T00:00:35","slug":"kan-ve-gen","status":"publish","type":"product","link":"https:\/\/roveyayinevi.com.tr\/index.php\/urun\/kan-ve-gen\/","title":{"rendered":"Kan ve Gen"},"content":{"rendered":"<p>\u201cHi\u00e7bir \u015fey bitmedi. Her \u015fey yeni ba\u015fl\u0131yor. Hedef sensin.\u201d   Tarih, ge\u00e7mi\u015ften gelen bir y\u00fck.   Aile, k\u00f6kleriyle dipsiz bir kuyu.   Miras, gizemli bir bilmece.   Ve Azra silahs\u0131z bir avc\u0131&#8230;   Pe\u015finde y\u00fcr\u00fcrken \u00f6l\u00fcm\u00fcn g\u00f6lgesi,   y\u00fcz y\u0131l \u00f6nce \u00f6r\u00fclen bir yolun izini s\u00fcr\u00fcyor.   Yol tehlikelerle dolu, izler silinmi\u015f, pusula k\u0131r\u0131k.   Ama bu kez yaln\u0131z de\u011fil.   Azra, k\u00f6klerinin uzand\u0131\u011f\u0131 derinli\u011fi   ve asl\u0131nda kim oldu\u011funu ke\u015ffederken,   devletlerin kaderini \u00e7izmek   ve sevdiklerini korumak zorunda.   Kan ve K\u00fcl\u2019\u00fcn final kitab\u0131   Kan ve Gen   t\u00fcm s\u0131rlar\u0131n a\u00e7\u0131\u011fa \u00e7\u0131kt\u0131\u011f\u0131 gerilim dolu bir macera.   Son kez bo\u011fulmaya haz\u0131r m\u0131s\u0131n\u0131z? <\/p>\n","protected":false},"excerpt":{"rendered":"<p>\u201cHi\u00e7bir \u015fey bitmedi. Her \u015fey yeni ba\u015fl\u0131yor. Hedef sensin.\u201d Tarih, ge\u00e7mi\u015ften gelen bir y\u00fck. Aile, k\u00f6kleriyle dipsiz bir kuyu. Miras, gizemli bir bilmece. Ve Azra silahs\u0131z<span class=\"excerpt-hellip\"> [\u2026]<\/span><\/p>\n","protected":false},"featured_media":0,"template":"","meta":{"_monsterinsights_skip_tracking":false,"_monsterinsights_sitenote_active":false,"_monsterinsights_sitenote_note":"","_monsterinsights_sitenote_category":0},"product_brand":[],"product_cat":[12291,12711],"product_tag":[],"class_list":{"0":"post-747819","1":"product","2":"type-product","3":"status-publish","5":"product_cat-edebiyat","6":"product_cat-roman-oyku","7":"pa_cilt-ciltsiz","8":"pa_tur-kitap","9":"pa_yayinevi-sapiens-yayinlari","10":"pa_yazar-gokce-dogan","12":"first","13":"instock","14":"sale","15":"shipping-taxable","16":"purchasable","17":"product-type-simple"},"_links":{"self":[{"href":"https:\/\/roveyayinevi.com.tr\/index.php\/wp-json\/wp\/v2\/product\/747819","targetHints":{"allow":["GET"]}}],"collection":[{"href":"https:\/\/roveyayinevi.com.tr\/index.php\/wp-json\/wp\/v2\/product"}],"about":[{"href":"https:\/\/roveyayinevi.com.tr\/index.php\/wp-json\/wp\/v2\/types\/product"}],"wp:attachment":[{"href":"https:\/\/roveyayinevi.com.tr\/index.php\/wp-json\/wp\/v2\/media?parent=747819"}],"wp:term":[{"taxonomy":"product_brand","embeddable":true,"href":"https:\/\/roveyayinevi.com.tr\/index.php\/wp-json\/wp\/v2\/product_brand?post=747819"},{"taxonomy":"product_cat","embeddable":true,"href":"https:\/\/roveyayinevi.com.tr\/index.php\/wp-json\/wp\/v2\/product_cat?post=747819"},{"taxonomy":"product_tag","embeddable":true,"href":"https:\/\/roveyayinevi.com.tr\/index.php\/wp-json\/wp\/v2\/product_tag?post=747819"}],"curies":[{"name":"wp","href":"https:\/\/api.w.org\/{rel}","templated":true}]}}