{"id":747815,"date":"2025-08-28T03:15:43","date_gmt":"2025-08-28T00:15:43","guid":{"rendered":"https:\/\/roveyayinevi.com.tr\/index.php\/urun\/kadinlar-cumhuriyeti\/"},"modified":"2026-04-16T03:00:35","modified_gmt":"2026-04-16T00:00:35","slug":"kadinlar-cumhuriyeti","status":"publish","type":"product","link":"https:\/\/roveyayinevi.com.tr\/index.php\/urun\/kadinlar-cumhuriyeti\/","title":{"rendered":"Kad\u0131nlar Cumhuriyeti"},"content":{"rendered":"<p>Cumhuriyet\u2019in 100. Y\u0131l\u0131\u2019nda \u201cya\u015fad\u0131klar\u0131m\u0131zdan \u00f6\u011frendi\u011fimiz bir \u015fey var\u201d: Cumhuriyet \u00f6zg\u00fcrl\u00fck demek; \u00e7o\u011fulculuk demek; din ve vicdan \u00f6zg\u00fcrl\u00fc\u011f\u00fc demek; bilim demek, gelecek demek, Ayd\u0131nlanma demek. Ama Cumhuriyet en \u00e7ok da kad\u0131n demek. D\u00f6rt duvar aras\u0131ndan \u00e7\u0131kard\u0131\u011f\u0131 kad\u0131nlar\u0131 hayatla bulu\u015fturdu\u011fu, \u00fclkenin e\u015fit yurtta\u015flar\u0131 haline getirdi\u011fi ve en \u00e7ok kad\u0131nlar taraf\u0131ndan inatla, diren\u00e7le savunuldu\u011fu i\u00e7in.   \u00d6zlem \u00d6zdemir\u2019in, Cumhuriyet\u2019in \u00f6zg\u00fcrle\u015ftirdi\u011fi hayat sayesinde e\u011fitim hakk\u0131na kavu\u015fan, iyi bir k\u0131smet ve bi\u00e7ki nak\u0131\u015fla s\u0131n\u0131rlanan varolu\u015flar\u0131n\u0131 laboratuvarlara, akademi k\u00fcrs\u00fclerine, amfilere, soka\u011fa ta\u015f\u0131yan bilim kad\u0131nlar\u0131n\u0131n hayat \u00f6yk\u00fclerini yazd\u0131\u011f\u0131 Kad\u0131nlar Cumhuriyeti, g\u00f6rkemli bir tarihi ger\u00e7ek anlam\u0131yla kavramak, Cumhuriyet\u2019in 100. ya\u015f\u0131n\u0131 b\u00fct\u00fcn co\u015fkusuyla kutlamak isteyenlerin ba\u015fucu kitab\u0131 olacak. <\/p>\n","protected":false},"excerpt":{"rendered":"<p>Cumhuriyet\u2019in 100. Y\u0131l\u0131\u2019nda \u201cya\u015fad\u0131klar\u0131m\u0131zdan \u00f6\u011frendi\u011fimiz bir \u015fey var\u201d: Cumhuriyet \u00f6zg\u00fcrl\u00fck demek; \u00e7o\u011fulculuk demek; din ve vicdan \u00f6zg\u00fcrl\u00fc\u011f\u00fc demek; bilim demek, gelecek demek, Ayd\u0131nlanma demek. Ama Cumhuriyet<span class=\"excerpt-hellip\"> [\u2026]<\/span><\/p>\n","protected":false},"featured_media":0,"template":"","meta":{"_monsterinsights_skip_tracking":false,"_monsterinsights_sitenote_active":false,"_monsterinsights_sitenote_note":"","_monsterinsights_sitenote_category":0},"product_brand":[],"product_cat":[13946,12304],"product_tag":[],"class_list":{"0":"post-747815","1":"product","2":"type-product","3":"status-publish","5":"product_cat-biyografi-otobiyografi","6":"product_cat-tarih","7":"pa_cilt-ciltsiz","8":"pa_tur-kitap","9":"pa_yayinevi-dogan-kitap","10":"pa_yazar-ozlem-ozdemir","12":"first","13":"instock","14":"sale","15":"shipping-taxable","16":"purchasable","17":"product-type-simple"},"_links":{"self":[{"href":"https:\/\/roveyayinevi.com.tr\/index.php\/wp-json\/wp\/v2\/product\/747815","targetHints":{"allow":["GET"]}}],"collection":[{"href":"https:\/\/roveyayinevi.com.tr\/index.php\/wp-json\/wp\/v2\/product"}],"about":[{"href":"https:\/\/roveyayinevi.com.tr\/index.php\/wp-json\/wp\/v2\/types\/product"}],"wp:attachment":[{"href":"https:\/\/roveyayinevi.com.tr\/index.php\/wp-json\/wp\/v2\/media?parent=747815"}],"wp:term":[{"taxonomy":"product_brand","embeddable":true,"href":"https:\/\/roveyayinevi.com.tr\/index.php\/wp-json\/wp\/v2\/product_brand?post=747815"},{"taxonomy":"product_cat","embeddable":true,"href":"https:\/\/roveyayinevi.com.tr\/index.php\/wp-json\/wp\/v2\/product_cat?post=747815"},{"taxonomy":"product_tag","embeddable":true,"href":"https:\/\/roveyayinevi.com.tr\/index.php\/wp-json\/wp\/v2\/product_tag?post=747815"}],"curies":[{"name":"wp","href":"https:\/\/api.w.org\/{rel}","templated":true}]}}