{"id":747814,"date":"2025-08-28T03:15:42","date_gmt":"2025-08-28T00:15:42","guid":{"rendered":"https:\/\/roveyayinevi.com.tr\/index.php\/urun\/osmanlilar-ve-macarlar\/"},"modified":"2026-04-16T03:00:35","modified_gmt":"2026-04-16T00:00:35","slug":"osmanlilar-ve-macarlar","status":"publish","type":"product","link":"https:\/\/roveyayinevi.com.tr\/index.php\/urun\/osmanlilar-ve-macarlar\/","title":{"rendered":"Osmanl\u0131lar ve Macarlar"},"content":{"rendered":"<p>Orta Avrupa\u2019n\u0131n kadim milletlerinden Macarlar 15. y\u00fczy\u0131ldan itibaren Osmanl\u0131 T\u00fcrkleriyle as\u0131rlar s\u00fcrecek bir irtibat kurdu. Bu irtibat, bazen bir asker\u00ee \u00e7at\u0131\u015fma, bazen bir diplomatik m\u00fcnasebet, bazen de k\u00fclt\u00fcrel bir al\u0131\u015fveri\u015f olarak tecelli etti. 16. y\u00fczy\u0131lda Habsburg ve Osmanl\u0131 imparatorluklar\u0131n\u0131n \u00e7etin m\u00fccadelelerinde, Macarlar her iki taraf\u0131n da diplomatik ve asker\u00ee faaliyetlerinde \u00f6nemli roller \u00fcstlendi. Budin, Belgrad, Pe\u00e7uy, Segedin gibi \u00f6nemli Macar \u015fehirlerinin Osmanl\u0131 h\u00e2kimiyetine girmesi, bu iki milletin sosyal ve k\u00fclt\u00fcrel irtibatlar\u0131n\u0131 yo\u011funla\u015ft\u0131rd\u0131. Osmanl\u0131 Macaristan\u2019\u0131, Habsburg Macaristan\u2019\u0131 ve Erdel Voyvodal\u0131\u011f\u0131 olarak \u00fc\u00e7e b\u00f6l\u00fcnen Macaristan, erken modern d\u00f6nem Osmanl\u0131 diplomasi tarihinin \u00f6nemli sahnelerinden biri oldu. Macaristan\u2019daki Szeged \u00dcniversitesi profes\u00f6rlerinden S\u00e1ndor Papp\u2019\u0131n T\u00fcrk\u00e7e kaleme ald\u0131\u011f\u0131 Osmanl\u0131lar ve Macarlar Bir Diplomatik Tarih, uzun soluklu bir tarihin, kaynaklar\u0131n titizlikle incelenmesiyle olu\u015fturulmu\u015f bir sunumudur. Macarca, T\u00fcrk\u00e7e ve Almanca kaynaklardan yola \u00e7\u0131k\u0131larak, 19. y\u00fczy\u0131la kadar uzanan bir d\u00fczlemde on d\u00f6rt ayr\u0131 temadan olu\u015fan bu eser bu iki milletin tarihi hakk\u0131nda T\u00fcrk okuruna yeni bak\u0131\u015f a\u00e7\u0131lar\u0131 kazand\u0131racakt\u0131r <\/p>\n","protected":false},"excerpt":{"rendered":"<p>Orta Avrupa\u2019n\u0131n kadim milletlerinden Macarlar 15. y\u00fczy\u0131ldan itibaren Osmanl\u0131 T\u00fcrkleriyle as\u0131rlar s\u00fcrecek bir irtibat kurdu. Bu irtibat, bazen bir asker\u00ee \u00e7at\u0131\u015fma, bazen bir diplomatik m\u00fcnasebet, bazen<span class=\"excerpt-hellip\"> [\u2026]<\/span><\/p>\n","protected":false},"featured_media":0,"template":"","meta":{"_monsterinsights_skip_tracking":false,"_monsterinsights_sitenote_active":false,"_monsterinsights_sitenote_note":"","_monsterinsights_sitenote_category":0},"product_brand":[],"product_cat":[12312,12304],"product_tag":[],"class_list":{"0":"post-747814","1":"product","2":"type-product","3":"status-publish","5":"product_cat-diger","6":"product_cat-tarih","7":"pa_cilt-ciltsiz","8":"pa_tur-kitap","9":"pa_yayinevi-vakifbank-kultur-yayinlari","10":"pa_yazar-sandor-papp","12":"first","13":"instock","14":"sale","15":"shipping-taxable","16":"purchasable","17":"product-type-simple"},"_links":{"self":[{"href":"https:\/\/roveyayinevi.com.tr\/index.php\/wp-json\/wp\/v2\/product\/747814","targetHints":{"allow":["GET"]}}],"collection":[{"href":"https:\/\/roveyayinevi.com.tr\/index.php\/wp-json\/wp\/v2\/product"}],"about":[{"href":"https:\/\/roveyayinevi.com.tr\/index.php\/wp-json\/wp\/v2\/types\/product"}],"wp:attachment":[{"href":"https:\/\/roveyayinevi.com.tr\/index.php\/wp-json\/wp\/v2\/media?parent=747814"}],"wp:term":[{"taxonomy":"product_brand","embeddable":true,"href":"https:\/\/roveyayinevi.com.tr\/index.php\/wp-json\/wp\/v2\/product_brand?post=747814"},{"taxonomy":"product_cat","embeddable":true,"href":"https:\/\/roveyayinevi.com.tr\/index.php\/wp-json\/wp\/v2\/product_cat?post=747814"},{"taxonomy":"product_tag","embeddable":true,"href":"https:\/\/roveyayinevi.com.tr\/index.php\/wp-json\/wp\/v2\/product_tag?post=747814"}],"curies":[{"name":"wp","href":"https:\/\/api.w.org\/{rel}","templated":true}]}}