{"id":747798,"date":"2025-08-28T03:15:25","date_gmt":"2025-08-28T00:15:25","guid":{"rendered":"https:\/\/roveyayinevi.com.tr\/index.php\/urun\/faust-ciltli\/"},"modified":"2026-04-16T03:00:34","modified_gmt":"2026-04-16T00:00:34","slug":"faust-ciltli","status":"publish","type":"product","link":"https:\/\/roveyayinevi.com.tr\/index.php\/urun\/faust-ciltli\/","title":{"rendered":"Faust (Ciltli)"},"content":{"rendered":"<p>Faust, klasik bir Alman halk hik\u00e2yesinin b\u00fcy\u00fcyle hemhal olan, d\u00fcnyevi zevklere d\u00fc\u015fk\u00fcn k\u00f6t\u00fcc\u00fcl kahraman\u0131 olarak do\u011fmu\u015f, edebiyat\u0131n verimli ve d\u00f6n\u00fc\u015ft\u00fcr\u00fcc\u00fc vadisinde son derece ba\u015far\u0131l\u0131, ancak hayat\u0131ndan memnun olmayan, bu y\u00fczden \u015eeytan\u2019la bir anla\u015fma yaparak ruhunu s\u0131n\u0131rs\u0131z bilgi kar\u015f\u0131l\u0131\u011f\u0131nda takas eden trajik bir \u00e2lime d\u00f6n\u00fc\u015fm\u00fc\u015ft\u00fcr. Faust efsanesi, \u00e7a\u011flar boyunca onu yeniden yorumlayan bir\u00e7ok edebiyat, sanat, sinema ve m\u00fczik eserinin temelini te\u015fkil etmi\u015ftir. Faust ve Faustyen s\u0131fat\u0131, h\u0131rsl\u0131 bir ki\u015finin belirli bir d\u00f6nem i\u00e7in g\u00fc\u00e7 ve ba\u015far\u0131 elde etmek yolunda ahlaki b\u00fct\u00fcnl\u00fc\u011f\u00fcnden vazge\u00e7ti\u011fi bir durumu ima eder. Hik\u00e2ye, \u0130ngiltere\u2019de The Tragical History of Doctor Faustus adl\u0131 oyununda onu klasik bir \u015fekilde ele alan Christopher Marlowe taraf\u0131ndan pop\u00fcler h\u00e2le getirildi ve iki y\u00fcz y\u0131l sonra Goethe\u2019nin elinde, nihai ruhsal kurtulu\u015fuyla, trajedinin de s\u0131n\u0131rlar\u0131n\u0131 zorlayan tatminsiz bir entelekt\u00fcelin evrensel destan\u0131na d\u00f6n\u00fc\u015ft\u00fc. \u00dcnl\u00fc Faust m\u00fcfessiri Erich Trunz Goethe\u2019nin eserini bu ba\u011flam i\u00e7inde \u00e7ok g\u00fczel \u00f6zetlemi\u015ftir:   \u201cFaust\u2019ta kendi benli\u011finin s\u0131n\u0131rlar\u0131n\u0131 a\u015fmaya y\u00f6nelik bir \u00f6zlem vard\u0131r; ancak bu \u00f6zlem onu ba\u015flang\u0131\u00e7ta arzulad\u0131\u011f\u0131 din\u00ee alana g\u00f6t\u00fcrmez, aksine acele eder, yanl\u0131\u015f ad\u0131mlar atar, y\u00fcce ve zelil olan\u0131 kar\u0131\u015ft\u0131r\u0131r ve b\u00f6ylece d\u00fcnyevi olana daha da derinden saplan\u0131r. Tam da bu nedenle Faust\u2019un acizli\u011fi, insan\u00fcst\u00fc olana ula\u015fmaya \u00e7al\u0131\u015ft\u0131\u011f\u0131 yerde bilhassa hissedilir h\u00e2le gelir. Asl\u0131nda hadsizli\u011fi ve bunun neticesi olan \u00e7aresizli\u011fi onu \u015eeytan\u2019la ahitle\u015fmeye g\u00f6t\u00fcrm\u00fc\u015ft\u00fcr. \u0130\u015fte bu durum Faust\u2019un \u00f6l\u00fcm\u00fcne de\u011fin b\u00fct\u00fcn dramay\u0131 belirleyen meseledir.\u201d<\/p>\n","protected":false},"excerpt":{"rendered":"<p>Faust, klasik bir Alman halk hik\u00e2yesinin b\u00fcy\u00fcyle hemhal olan, d\u00fcnyevi zevklere d\u00fc\u015fk\u00fcn k\u00f6t\u00fcc\u00fcl kahraman\u0131 olarak do\u011fmu\u015f, edebiyat\u0131n verimli ve d\u00f6n\u00fc\u015ft\u00fcr\u00fcc\u00fc vadisinde son derece ba\u015far\u0131l\u0131, ancak hayat\u0131ndan<span class=\"excerpt-hellip\"> [\u2026]<\/span><\/p>\n","protected":false},"featured_media":0,"template":"","meta":{"_monsterinsights_skip_tracking":false,"_monsterinsights_sitenote_active":false,"_monsterinsights_sitenote_note":"","_monsterinsights_sitenote_category":0},"product_brand":[],"product_cat":[12370,12304],"product_tag":[],"class_list":{"0":"post-747798","1":"product","2":"type-product","3":"status-publish","5":"product_cat-arastirma-inceleme","6":"product_cat-tarih","7":"pa_cilt-ciltli","8":"pa_tur-kitap","9":"pa_yayinevi-otuken-nesriyat","10":"pa_yazar-johann-wolfgang-von-goethe","12":"first","13":"instock","14":"sale","15":"shipping-taxable","16":"purchasable","17":"product-type-simple"},"_links":{"self":[{"href":"https:\/\/roveyayinevi.com.tr\/index.php\/wp-json\/wp\/v2\/product\/747798","targetHints":{"allow":["GET"]}}],"collection":[{"href":"https:\/\/roveyayinevi.com.tr\/index.php\/wp-json\/wp\/v2\/product"}],"about":[{"href":"https:\/\/roveyayinevi.com.tr\/index.php\/wp-json\/wp\/v2\/types\/product"}],"wp:attachment":[{"href":"https:\/\/roveyayinevi.com.tr\/index.php\/wp-json\/wp\/v2\/media?parent=747798"}],"wp:term":[{"taxonomy":"product_brand","embeddable":true,"href":"https:\/\/roveyayinevi.com.tr\/index.php\/wp-json\/wp\/v2\/product_brand?post=747798"},{"taxonomy":"product_cat","embeddable":true,"href":"https:\/\/roveyayinevi.com.tr\/index.php\/wp-json\/wp\/v2\/product_cat?post=747798"},{"taxonomy":"product_tag","embeddable":true,"href":"https:\/\/roveyayinevi.com.tr\/index.php\/wp-json\/wp\/v2\/product_tag?post=747798"}],"curies":[{"name":"wp","href":"https:\/\/api.w.org\/{rel}","templated":true}]}}