{"id":747797,"date":"2025-08-28T03:15:24","date_gmt":"2025-08-28T00:15:24","guid":{"rendered":"https:\/\/roveyayinevi.com.tr\/index.php\/urun\/hayat-sokagi\/"},"modified":"2026-04-16T03:00:34","modified_gmt":"2026-04-16T00:00:34","slug":"hayat-sokagi","status":"publish","type":"product","link":"https:\/\/roveyayinevi.com.tr\/index.php\/urun\/hayat-sokagi\/","title":{"rendered":"Hayat Soka\u011f\u0131"},"content":{"rendered":"<p>Hasan \u00d6ztoprak, 70\u2019li y\u0131llar\u0131n \u0130stanbul\u2019unda kadim bir semte g\u00f6t\u00fcr\u00fcyor bizi. Ac\u0131s\u0131 tatl\u0131s\u0131yla o y\u0131llara ait hayatlar\u0131n bir t\u00fcr panoramas\u0131n\u0131 seriyor g\u00f6zler \u00f6n\u00fcne. Birbirinden ilgin\u00e7 onlarca karakteri hayat gailesinin i\u00e7inde ko\u015fu\u015fturup dururken izliyor, kimi trajik kimi komik hik\u00e2yelerinin pe\u015finden gidiyoruz. Hepsi de hayata tutunman\u0131n yollar\u0131n\u0131 ar\u0131yor.   Hayat Soka\u011f\u0131, bir zamanlar\u0131n Balat\u2019\u0131nda ya\u015fayan s\u0131radan, sahici insanlar\u0131n roman\u0131\u2026 Ve de taklac\u0131 g\u00fcvercinlerin, ha\u015fin kedilerin, miskin k\u00f6peklerin, dilsiz kald\u0131r\u0131mlar\u0131n, naftalin kokulu odalar\u0131n, ortaya sa\u00e7\u0131lm\u0131\u015f s\u0131rlar\u0131n roman\u0131. Bu romanda hakiki arkada\u015fl\u0131klar; y\u00fcrek yakan a\u015fklar, ihanetler, kavu\u015fmalar ve ayr\u0131l\u0131klar var\u2026 <\/p>\n","protected":false},"excerpt":{"rendered":"<p>Hasan \u00d6ztoprak, 70\u2019li y\u0131llar\u0131n \u0130stanbul\u2019unda kadim bir semte g\u00f6t\u00fcr\u00fcyor bizi. Ac\u0131s\u0131 tatl\u0131s\u0131yla o y\u0131llara ait hayatlar\u0131n bir t\u00fcr panoramas\u0131n\u0131 seriyor g\u00f6zler \u00f6n\u00fcne. Birbirinden ilgin\u00e7 onlarca karakteri<span class=\"excerpt-hellip\"> [\u2026]<\/span><\/p>\n","protected":false},"featured_media":0,"template":"","meta":{"_monsterinsights_skip_tracking":false,"_monsterinsights_sitenote_active":false,"_monsterinsights_sitenote_note":"","_monsterinsights_sitenote_category":0},"product_brand":[],"product_cat":[12291,12711],"product_tag":[],"class_list":{"0":"post-747797","1":"product","2":"type-product","3":"status-publish","5":"product_cat-edebiyat","6":"product_cat-roman-oyku","7":"pa_cilt-ciltsiz","8":"pa_tur-kitap","9":"pa_yayinevi-remzi-kitabevi","10":"pa_yazar-hasan-oztoprak","12":"first","13":"instock","14":"sale","15":"shipping-taxable","16":"purchasable","17":"product-type-simple"},"_links":{"self":[{"href":"https:\/\/roveyayinevi.com.tr\/index.php\/wp-json\/wp\/v2\/product\/747797","targetHints":{"allow":["GET"]}}],"collection":[{"href":"https:\/\/roveyayinevi.com.tr\/index.php\/wp-json\/wp\/v2\/product"}],"about":[{"href":"https:\/\/roveyayinevi.com.tr\/index.php\/wp-json\/wp\/v2\/types\/product"}],"wp:attachment":[{"href":"https:\/\/roveyayinevi.com.tr\/index.php\/wp-json\/wp\/v2\/media?parent=747797"}],"wp:term":[{"taxonomy":"product_brand","embeddable":true,"href":"https:\/\/roveyayinevi.com.tr\/index.php\/wp-json\/wp\/v2\/product_brand?post=747797"},{"taxonomy":"product_cat","embeddable":true,"href":"https:\/\/roveyayinevi.com.tr\/index.php\/wp-json\/wp\/v2\/product_cat?post=747797"},{"taxonomy":"product_tag","embeddable":true,"href":"https:\/\/roveyayinevi.com.tr\/index.php\/wp-json\/wp\/v2\/product_tag?post=747797"}],"curies":[{"name":"wp","href":"https:\/\/api.w.org\/{rel}","templated":true}]}}