{"id":747796,"date":"2025-08-28T03:15:23","date_gmt":"2025-08-28T00:15:23","guid":{"rendered":"https:\/\/roveyayinevi.com.tr\/index.php\/urun\/anneligin-siradisi-tarihi\/"},"modified":"2026-04-16T03:00:34","modified_gmt":"2026-04-16T00:00:34","slug":"anneligin-siradisi-tarihi","status":"publish","type":"product","link":"https:\/\/roveyayinevi.com.tr\/index.php\/urun\/anneligin-siradisi-tarihi\/","title":{"rendered":"Anneli\u011fin S\u0131rad\u0131\u015f\u0131 Tarihi"},"content":{"rendered":"<p>Ya\u015fam\u0131 yeniden \u00fcreten, fakat \u00e7o\u011fu zaman g\u00f6z ard\u0131 edilen faaliyetler b\u00fct\u00fcn\u00fc: Annelik.   Y\u00fczy\u0131llar boyunca sadece sava\u015flarla, siyasetle ve devrimlerle ilgilenen tarih\u00e7iler, hamilelik ve annelik deneyimine dair ayr\u0131nt\u0131lar\u0131 \u201ckaydetmeye de\u011fer\u201d bulmad\u0131lar. Ge\u00e7mi\u015fte ve g\u00fcn\u00fcm\u00fczde yaz\u0131lmayanlar y\u00fcz\u00fcnden nice detay unutuldu. \u00dcnl\u00fc tarih\u00e7i Sarah Knott ise bu yakla\u015f\u0131m\u0131 de\u011fi\u015ftiriyor ve bug\u00fcnden yola \u00e7\u0131karak ba\u015fka \u00e7a\u011flarda ve ba\u015fka co\u011frafyalarda nas\u0131l annelik yap\u0131ld\u0131\u011f\u0131n\u0131 ara\u015ft\u0131r\u0131yor. G\u00fcnl\u00fckler, mektuplar, raporlar, mahkeme kay\u0131tlar\u0131, davran\u0131\u015f k\u0131lavuzlar\u0131, giysiler ve nesnelerin yan\u0131 s\u0131ra ki\u015fisel deneyimleri de aktararak alternatif bir annelik anlat\u0131s\u0131 \u00f6ren Knott, \u00e7ocuk sahibi olmama fikir ve tercihini de bu anlat\u0131ya dahil ediyor.   Anneli\u011fe dair son derece \u00f6zg\u00fcn bir yorum olan Anneli\u011fin S\u0131ra D\u0131\u015f\u0131 Tarihi\u2019nde yer alan bu ola\u011fan\u00fcst\u00fc annelik hik\u00e2yeleri, sonsuz \u00e7e\u015fitlilikte insan deneyiminin dokunakl\u0131 bir tasvirini g\u00f6zler \u00f6n\u00fcne seriyor. <\/p>\n","protected":false},"excerpt":{"rendered":"<p>Ya\u015fam\u0131 yeniden \u00fcreten, fakat \u00e7o\u011fu zaman g\u00f6z ard\u0131 edilen faaliyetler b\u00fct\u00fcn\u00fc: Annelik. Y\u00fczy\u0131llar boyunca sadece sava\u015flarla, siyasetle ve devrimlerle ilgilenen tarih\u00e7iler, hamilelik ve annelik deneyimine dair<span class=\"excerpt-hellip\"> [\u2026]<\/span><\/p>\n","protected":false},"featured_media":0,"template":"","meta":{"_monsterinsights_skip_tracking":false,"_monsterinsights_sitenote_active":false,"_monsterinsights_sitenote_note":"","_monsterinsights_sitenote_category":0},"product_brand":[],"product_cat":[14787,13488],"product_tag":[],"class_list":{"0":"post-747796","1":"product","2":"type-product","3":"status-publish","5":"product_cat-diger-toplum-ve-insan","6":"product_cat-toplum-ve-insan","7":"pa_cilt-ciltsiz","8":"pa_tur-kitap","9":"pa_yayinevi-mundi","10":"pa_yazar-sarah-knott","12":"first","13":"instock","14":"sale","15":"shipping-taxable","16":"purchasable","17":"product-type-simple"},"_links":{"self":[{"href":"https:\/\/roveyayinevi.com.tr\/index.php\/wp-json\/wp\/v2\/product\/747796","targetHints":{"allow":["GET"]}}],"collection":[{"href":"https:\/\/roveyayinevi.com.tr\/index.php\/wp-json\/wp\/v2\/product"}],"about":[{"href":"https:\/\/roveyayinevi.com.tr\/index.php\/wp-json\/wp\/v2\/types\/product"}],"wp:attachment":[{"href":"https:\/\/roveyayinevi.com.tr\/index.php\/wp-json\/wp\/v2\/media?parent=747796"}],"wp:term":[{"taxonomy":"product_brand","embeddable":true,"href":"https:\/\/roveyayinevi.com.tr\/index.php\/wp-json\/wp\/v2\/product_brand?post=747796"},{"taxonomy":"product_cat","embeddable":true,"href":"https:\/\/roveyayinevi.com.tr\/index.php\/wp-json\/wp\/v2\/product_cat?post=747796"},{"taxonomy":"product_tag","embeddable":true,"href":"https:\/\/roveyayinevi.com.tr\/index.php\/wp-json\/wp\/v2\/product_tag?post=747796"}],"curies":[{"name":"wp","href":"https:\/\/api.w.org\/{rel}","templated":true}]}}