{"id":747791,"date":"2025-08-28T03:15:17","date_gmt":"2025-08-28T00:15:17","guid":{"rendered":"https:\/\/roveyayinevi.com.tr\/index.php\/urun\/sanatin-nft-hali\/"},"modified":"2026-04-16T03:00:33","modified_gmt":"2026-04-16T00:00:33","slug":"sanatin-nft-hali","status":"publish","type":"product","link":"https:\/\/roveyayinevi.com.tr\/index.php\/urun\/sanatin-nft-hali\/","title":{"rendered":"Sanat\u2019\u0131n NFT Hali"},"content":{"rendered":"<p>Elinizdeki kitap, merakl\u0131lar\u0131 i\u00e7in bu \u00e7a\u011f\u0131 anlamak (NFT ve Sanat) \u00fczere haz\u0131rlanm\u0131\u015f g\u00fczel ve sade bir rehber niteli\u011findedir. En moda kavramlar\u0131, tart\u0131\u015fmalar\u0131, NFT\u2019nin ne oldu\u011fu ve sanatla olan ili\u015fkisini g\u00f6rece\u011finiz i\u00e7eri\u011finde, akademisyen ve sanat\u00e7\u0131lar\u0131n g\u00f6r\u00fc\u015flerine de yer verilmi\u015ftir. \u00d6zellikle, yazar\u0131n s\u00fcr\u00fckleyici ve esprili anlat\u0131m\u0131, \u00fcrkek okurlar\u0131n konuya yakla\u015f\u0131m\u0131n\u0131 y\u00fcreklendirmektedir. \u00d6zellikle g\u00fcn\u00fcm\u00fcz sanat konular\u0131na ilgi duyan yazar\u0131n bir s\u00fcre \u00f6nce piyasaya \u00e7\u0131kard\u0131\u011f\u0131 ve i\u00e7eri\u011finde akademisyen ve sanat\u00e7\u0131larla yapt\u0131\u011f\u0131 s\u00f6yle\u015filere yer verdi\u011fi Non-Fungible Token ve Sanat: Sanat Eserinin Biricikli\u011fi Fenomeni kitab\u0131ndan farkl\u0131 olarak, g\u00fcncel bir s\u00f6zl\u00fc\u011f\u00fc, kimi \u00f6nemli tart\u0131\u015fma konular\u0131 hakk\u0131nda kaleme ald\u0131\u011f\u0131 kendi de\u011ferlendirmelerini, sanat\u00e7\u0131 g\u00f6r\u00fc\u015flerini ve NFT yapma k\u0131lavuzu gibi b\u00f6l\u00fcmleri de bulmaktay\u0131z. Bug\u00fcn, insano\u011flunun s\u0131n\u0131rlar\u0131n\u0131n maksimum eri\u015febildi\u011fi g\u00fcc\u00fc ve bu zaman\u0131n ifade tavr\u0131n\u0131 deneyimliyoruz. \u0130lerde s\u0131n\u0131rlar\u0131m\u0131z geni\u015fledik\u00e7e \u00e7ok daha farkl\u0131 bir evrenden ve sanattan bahsetmek de olas\u0131. O zamana kadar, (yazar\u0131nda deyimiyle; \u201cYa\u015fan\u0131yorken\u201d) bu zaman\u0131 daha iyi anlamam\u0131za yard\u0131m etmesi ad\u0131na hepinize iyi okumalar.   <\/p>\n","protected":false},"excerpt":{"rendered":"<p>Elinizdeki kitap, merakl\u0131lar\u0131 i\u00e7in bu \u00e7a\u011f\u0131 anlamak (NFT ve Sanat) \u00fczere haz\u0131rlanm\u0131\u015f g\u00fczel ve sade bir rehber niteli\u011findedir. En moda kavramlar\u0131, tart\u0131\u015fmalar\u0131, NFT\u2019nin ne oldu\u011fu ve<span class=\"excerpt-hellip\"> [\u2026]<\/span><\/p>\n","protected":false},"featured_media":0,"template":"","meta":{"_monsterinsights_skip_tracking":false,"_monsterinsights_sitenote_active":false,"_monsterinsights_sitenote_note":"","_monsterinsights_sitenote_category":0},"product_brand":[],"product_cat":[44608,12408],"product_tag":[],"class_list":{"0":"post-747791","1":"product","2":"type-product","3":"status-publish","5":"product_cat-diger-sanat","6":"product_cat-sanat","7":"pa_cilt-ciltsiz","8":"pa_tur-kitap","9":"pa_yayinevi-myrina-yayinlari","10":"pa_yazar-alp-dogu-eser","12":"first","13":"instock","14":"sale","15":"shipping-taxable","16":"purchasable","17":"product-type-simple"},"_links":{"self":[{"href":"https:\/\/roveyayinevi.com.tr\/index.php\/wp-json\/wp\/v2\/product\/747791","targetHints":{"allow":["GET"]}}],"collection":[{"href":"https:\/\/roveyayinevi.com.tr\/index.php\/wp-json\/wp\/v2\/product"}],"about":[{"href":"https:\/\/roveyayinevi.com.tr\/index.php\/wp-json\/wp\/v2\/types\/product"}],"wp:attachment":[{"href":"https:\/\/roveyayinevi.com.tr\/index.php\/wp-json\/wp\/v2\/media?parent=747791"}],"wp:term":[{"taxonomy":"product_brand","embeddable":true,"href":"https:\/\/roveyayinevi.com.tr\/index.php\/wp-json\/wp\/v2\/product_brand?post=747791"},{"taxonomy":"product_cat","embeddable":true,"href":"https:\/\/roveyayinevi.com.tr\/index.php\/wp-json\/wp\/v2\/product_cat?post=747791"},{"taxonomy":"product_tag","embeddable":true,"href":"https:\/\/roveyayinevi.com.tr\/index.php\/wp-json\/wp\/v2\/product_tag?post=747791"}],"curies":[{"name":"wp","href":"https:\/\/api.w.org\/{rel}","templated":true}]}}