{"id":747790,"date":"2025-08-28T03:15:15","date_gmt":"2025-08-28T00:15:15","guid":{"rendered":"https:\/\/roveyayinevi.com.tr\/index.php\/urun\/sair-evlenmesi-9\/"},"modified":"2026-04-16T03:00:33","modified_gmt":"2026-04-16T00:00:33","slug":"sair-evlenmesi-9","status":"publish","type":"product","link":"https:\/\/roveyayinevi.com.tr\/index.php\/urun\/sair-evlenmesi-9\/","title":{"rendered":"\u015eair Evlenmesi"},"content":{"rendered":"<p>\u0130brahim \u015einasi (1826-1871), Tanzimat D\u00f6nemi T\u00fcrk edebiyat\u0131n\u0131n ilk evresinde eser vermi\u015f \u00f6nemli bir \u015fair ve yazard\u0131r. \u015eiir, tiyatro, derleme, makale ve gazete yaz\u0131lar\u0131 gibi farkl\u0131 alanlarda yaz\u0131lar yazm\u0131\u015ft\u0131r. Fransa\u2019da uzun s\u00fcre ya\u015fam\u0131\u015f, \u00fcnl\u00fc Frans\u0131z yazarlarla ili\u015fkiler kurmu\u015f, Bat\u0131 edebiyat\u0131n\u0131 yak\u0131ndan tan\u0131m\u0131\u015f ve eserlerinde uygulam\u0131\u015ft\u0131r. Bat\u0131 tarz\u0131nda ilk \u015fiirler, ilk tiyatro, ilk \u015fah\u0131s gazetesi, dil ve edebiyat konusundaki ilk makaleler ona aittir. \u201c\u015eair Evlenmesi\u201d yazar\u0131n 1859 yaz\u0131l\u0131p, 1860 y\u0131l\u0131nda yay\u0131mlanan bir eseridir. Bat\u0131 tarz\u0131nda yaz\u0131lm\u0131\u015f ilk tiyatro oyunu olmas\u0131n\u0131n yan\u0131nda; uygun bulmad\u0131\u011f\u0131 gelenekleri ele\u015ftirmesi, o d\u00f6nemde s\u0131kl\u0131kla g\u00f6r\u00fclen r\u00fc\u015fvet konusuna de\u011finmesi, evlili\u011fin zorlu\u011fu ve mahalle bask\u0131s\u0131 gibi konulara da de\u011finmesi bak\u0131m\u0131ndan ele\u015ftirel bir komedyad\u0131r.   <\/p>\n","protected":false},"excerpt":{"rendered":"<p>\u0130brahim \u015einasi (1826-1871), Tanzimat D\u00f6nemi T\u00fcrk edebiyat\u0131n\u0131n ilk evresinde eser vermi\u015f \u00f6nemli bir \u015fair ve yazard\u0131r. \u015eiir, tiyatro, derleme, makale ve gazete yaz\u0131lar\u0131 gibi farkl\u0131 alanlarda<span class=\"excerpt-hellip\"> [\u2026]<\/span><\/p>\n","protected":false},"featured_media":0,"template":"","meta":{"_monsterinsights_skip_tracking":false,"_monsterinsights_sitenote_active":false,"_monsterinsights_sitenote_note":"","_monsterinsights_sitenote_category":0},"product_brand":[],"product_cat":[12291,14272],"product_tag":[],"class_list":{"0":"post-747790","1":"product","2":"type-product","3":"status-publish","5":"product_cat-edebiyat","6":"product_cat-tiyatro","7":"pa_cilt-ciltsiz","8":"pa_tur-kitap","9":"pa_yayinevi-myrina-yayinlari","10":"pa_yazar-ibrahim-sinasi","12":"first","13":"instock","14":"sale","15":"shipping-taxable","16":"purchasable","17":"product-type-simple"},"_links":{"self":[{"href":"https:\/\/roveyayinevi.com.tr\/index.php\/wp-json\/wp\/v2\/product\/747790","targetHints":{"allow":["GET"]}}],"collection":[{"href":"https:\/\/roveyayinevi.com.tr\/index.php\/wp-json\/wp\/v2\/product"}],"about":[{"href":"https:\/\/roveyayinevi.com.tr\/index.php\/wp-json\/wp\/v2\/types\/product"}],"wp:attachment":[{"href":"https:\/\/roveyayinevi.com.tr\/index.php\/wp-json\/wp\/v2\/media?parent=747790"}],"wp:term":[{"taxonomy":"product_brand","embeddable":true,"href":"https:\/\/roveyayinevi.com.tr\/index.php\/wp-json\/wp\/v2\/product_brand?post=747790"},{"taxonomy":"product_cat","embeddable":true,"href":"https:\/\/roveyayinevi.com.tr\/index.php\/wp-json\/wp\/v2\/product_cat?post=747790"},{"taxonomy":"product_tag","embeddable":true,"href":"https:\/\/roveyayinevi.com.tr\/index.php\/wp-json\/wp\/v2\/product_tag?post=747790"}],"curies":[{"name":"wp","href":"https:\/\/api.w.org\/{rel}","templated":true}]}}