{"id":747782,"date":"2025-08-28T03:15:05","date_gmt":"2025-08-28T00:15:05","guid":{"rendered":"https:\/\/roveyayinevi.com.tr\/index.php\/urun\/meteorolojik-haritalar\/"},"modified":"2026-04-16T03:00:33","modified_gmt":"2026-04-16T00:00:33","slug":"meteorolojik-haritalar","status":"publish","type":"product","link":"https:\/\/roveyayinevi.com.tr\/index.php\/urun\/meteorolojik-haritalar\/","title":{"rendered":"Meteorolojik Haritalar"},"content":{"rendered":"<p>\u00c7izgiler&#8230; Hayat\u0131m\u0131z\u0131n her an\u0131nda kar\u015f\u0131la\u015ft\u0131\u011f\u0131m\u0131z \u00e7izgiler&#8230; D\u00fcz, e\u011fri,  k\u0131r\u0131k hepsi bir \u015feyler anlat\u0131r. Mimar\u0131n elinde bina, stilistin elinde model, falc\u0131n\u0131n elinde gelecek, karikat\u00fcristin elinde sanat, ressam\u0131n elinde renkli bir d\u00fcnya, parmak izinde ipucu, insano\u011flunun y\u00fcz\u00fcnde mazi, kar tanesinde mucize, d\u00fcnyan\u0131n belinde kemer, meteorolojik haritalarda atmosfer\u2026 Biz meteorologlar devasa atmosferi haritalara s\u0131\u011fd\u0131rmay\u0131 \u00e7izgiler sayesinde ba\u015far\u0131yoruz. \u00c7izgiler d\u00fcnyas\u0131 atmosferi anlamak, onu tan\u0131mak, davran\u0131\u015flar\u0131n\u0131 izlemek ve tahmin etmek \u00f6zel bir u\u011fra\u015f olsa gerek. Atmosferi tan\u0131mak ad\u0131na verdi\u011fimiz u\u011fra\u015f, birer \u00e7izgi olan izobar ve izotermlerle bir yolculu\u011fa d\u00f6n\u00fc\u015f\u00fcr. D\u00fcnyay\u0131 gezersiniz. Zahmetli bir seyahattir. Kimi yerde \u0131slan\u0131r, \u00fc\u015f\u00fcrs\u00fcn\u00fcz, kimi yerde s\u0131caktan bunal\u0131r hafif bir meltemin serinli\u011fine s\u0131\u011f\u0131n\u0131rs\u0131n\u0131z. Bazen so\u011fu\u011fun beyaz y\u00fcz\u00fcn\u00fc g\u00f6sterdi\u011fi diyarlardan ge\u00e7er, bazen de g\u00fcne\u015fle hasret giderir, s\u0131cak ve koyu bir sohbete dalars\u0131n\u0131z.   *****   1956 y\u0131l\u0131nda Aksaray\u2019da do\u011fdu. Meteoroloji Meslek Okulundan 1973 y\u0131l\u0131nda mezun oldu. Ayn\u0131 y\u0131l Meteoroloji Genel M\u00fcd\u00fcrl\u00fc\u011f\u00fc Hava Tahminleri Daire Ba\u015fkanl\u0131\u011f\u0131, Analiz ve Tahminler \u015eube M\u00fcd\u00fcrl\u00fc\u011f\u00fcnde g\u00f6reve ba\u015flad\u0131. 1984 y\u0131l\u0131nda Gazi \u00dcniversitesi, E\u011fitim Fak\u00fcltesi, \u0130ngilizce B\u00f6l\u00fcm\u00fcnden mezun olan Yayvan, Analiz ve Tahminler B\u00fcrosu \u015fefli\u011fi yan\u0131nda Meteoroloji Meslek Lisesi, hizmet i\u00e7i kurslar ve T\u00fcrk Ku\u015fu pilot okulunda uzun y\u0131llar \u00f6\u011fretmenlik yapt\u0131. 1995 y\u0131l\u0131nda Meteoroloji Uzman\u0131, 1999 y\u0131l\u0131nda Analiz ve Tahminler \u015eube M\u00fcd\u00fcr\u00fc oldu.   Londra, Viyana, Sydney, Barcelona, Ajaccio, Milano, Br\u00fcksel ve Paris ba\u015fta olmak \u00fczere bir\u00e7ok uluslararas\u0131 kurs, forum ve konferanslara kat\u0131ld\u0131. \u0130T\u00dc Meteoroloji M\u00fchendisli\u011fi B\u00f6l\u00fcm\u00fc ve Aksaray \u00dcniversitesinin daveti \u00fczerine seminerler veren Yayvan\u2019\u0131n 3. ve 4. Atmosfer Bilimleri Sempozyumu Bildiri kitaplar\u0131nda bildirileri, Lodos ve D\u00f6rt Mevsim dergilerinde makaleleri ve r\u00f6portajlar\u0131 yay\u0131nland\u0131. Meteorolojinin Sesi Radyosunda daha \u00e7ok bilimsel konular\u0131n ele al\u0131nd\u0131\u011f\u0131 \u201cHaftan\u0131n Konu\u011fu \u201c adl\u0131 bir s\u00f6yle\u015fi program\u0131n\u0131 yakla\u015f\u0131k 3 y\u0131l haz\u0131rlay\u0131p sunan Yayvan\u2019\u0131n 2007 y\u0131l\u0131nda, komisyon \u00fcyesi arkada\u015flar\u0131 ile birlikte yazd\u0131\u011f\u0131 \u201cHava Analiz ve Tahmin Tekni\u011fi\u201d adl\u0131 bir kitab\u0131 bulunmaktad\u0131r. Meteoroloji Genel M\u00fcd\u00fcrl\u00fc\u011f\u00fc\u2019nde 36 y\u0131l\u0131 a\u015fk\u0131n s\u00fcre hizmet veren Yayvan,  Mart 2009 tarihinden itibaren T\u00fcrkiye Radyo Televizyon Kurumu Genel M\u00fcd\u00fcrl\u00fc\u011f\u00fcne ge\u00e7erek TRT T\u00dcRK TV kanal\u0131nda Meteoroloji Uzman\u0131 olarak g\u00f6rev yapt\u0131. 15 Aral\u0131k 2011 tarihinde emekli oldu. 2012 y\u0131l\u0131nda KANAL A televizyonunun daveti \u00fczerine meteorolojik yorum ve tahminleriyle bir s\u00fcre daha programlara kat\u0131lan Yayvan aktif \u00e7al\u0131\u015fma hayat\u0131n\u0131 sonland\u0131rd\u0131. Evli ve iki k\u0131z \u00e7ocu\u011fu olan Yayvan \u0130ngilizce bilmektedir. <\/p>\n","protected":false},"excerpt":{"rendered":"<p>\u00c7izgiler&#8230; Hayat\u0131m\u0131z\u0131n her an\u0131nda kar\u015f\u0131la\u015ft\u0131\u011f\u0131m\u0131z \u00e7izgiler&#8230; D\u00fcz, e\u011fri, k\u0131r\u0131k hepsi bir \u015feyler anlat\u0131r. Mimar\u0131n elinde bina, stilistin elinde model, falc\u0131n\u0131n elinde gelecek, karikat\u00fcristin elinde sanat, ressam\u0131n<span class=\"excerpt-hellip\"> [\u2026]<\/span><\/p>\n","protected":false},"featured_media":0,"template":"","meta":{"_monsterinsights_skip_tracking":false,"_monsterinsights_sitenote_active":false,"_monsterinsights_sitenote_note":"","_monsterinsights_sitenote_category":0},"product_brand":[],"product_cat":[52477],"product_tag":[],"class_list":{"0":"post-747782","1":"product","2":"type-product","3":"status-publish","5":"product_cat-arastirma","6":"pa_cilt-ciltsiz","7":"pa_tur-kitap","8":"pa_yayinevi-gulnar-yayinlari","9":"pa_yazar-mehmet-yayvan","11":"first","12":"instock","13":"sale","14":"shipping-taxable","15":"purchasable","16":"product-type-simple"},"_links":{"self":[{"href":"https:\/\/roveyayinevi.com.tr\/index.php\/wp-json\/wp\/v2\/product\/747782","targetHints":{"allow":["GET"]}}],"collection":[{"href":"https:\/\/roveyayinevi.com.tr\/index.php\/wp-json\/wp\/v2\/product"}],"about":[{"href":"https:\/\/roveyayinevi.com.tr\/index.php\/wp-json\/wp\/v2\/types\/product"}],"wp:attachment":[{"href":"https:\/\/roveyayinevi.com.tr\/index.php\/wp-json\/wp\/v2\/media?parent=747782"}],"wp:term":[{"taxonomy":"product_brand","embeddable":true,"href":"https:\/\/roveyayinevi.com.tr\/index.php\/wp-json\/wp\/v2\/product_brand?post=747782"},{"taxonomy":"product_cat","embeddable":true,"href":"https:\/\/roveyayinevi.com.tr\/index.php\/wp-json\/wp\/v2\/product_cat?post=747782"},{"taxonomy":"product_tag","embeddable":true,"href":"https:\/\/roveyayinevi.com.tr\/index.php\/wp-json\/wp\/v2\/product_tag?post=747782"}],"curies":[{"name":"wp","href":"https:\/\/api.w.org\/{rel}","templated":true}]}}