{"id":747779,"date":"2025-08-28T03:15:01","date_gmt":"2025-08-28T00:15:01","guid":{"rendered":"https:\/\/roveyayinevi.com.tr\/index.php\/urun\/aktivite-kitabi-4-2\/"},"modified":"2026-04-16T03:00:33","modified_gmt":"2026-04-16T00:00:33","slug":"aktivite-kitabi-4-2","status":"publish","type":"product","link":"https:\/\/roveyayinevi.com.tr\/index.php\/urun\/aktivite-kitabi-4-2\/","title":{"rendered":"Aktivite Kitab\u0131 &#8211; 4"},"content":{"rendered":"<p>Okul \u00f6ncesi e\u011fitim, \u00e7ocuklar\u0131 hem okula hem de ya\u015fama haz\u0131rlayan \u00f6nemli bir ad\u0131md\u0131r. 4,5,6 ya\u015f k\u00fc\u00e7\u00fck kas geli\u015fimine uygun olarak haz\u0131rlanm\u0131\u015f olan \u00e7al\u0131\u015fmalar\u0131m\u0131z, g\u00fcnl\u00fck egzersiz olarak yap\u0131ld\u0131\u011f\u0131 ko\u015fullarda \u00e7ocuklar\u0131m\u0131z\u0131n zihinsel, sosyal, duygusal, kavram geli\u015fimlerine b\u00fcy\u00fck katk\u0131 sa\u011flayacakt\u0131r.<\/p>\n","protected":false},"excerpt":{"rendered":"<p>Okul \u00f6ncesi e\u011fitim, \u00e7ocuklar\u0131 hem okula hem de ya\u015fama haz\u0131rlayan \u00f6nemli bir ad\u0131md\u0131r. 4,5,6 ya\u015f k\u00fc\u00e7\u00fck kas geli\u015fimine uygun olarak haz\u0131rlanm\u0131\u015f olan \u00e7al\u0131\u015fmalar\u0131m\u0131z, g\u00fcnl\u00fck egzersiz olarak<span class=\"excerpt-hellip\"> [\u2026]<\/span><\/p>\n","protected":false},"featured_media":0,"template":"","meta":{"_monsterinsights_skip_tracking":false,"_monsterinsights_sitenote_active":false,"_monsterinsights_sitenote_note":"","_monsterinsights_sitenote_category":0},"product_brand":[],"product_cat":[12274,12518],"product_tag":[],"class_list":{"0":"post-747779","1":"product","2":"type-product","3":"status-publish","5":"product_cat-cocuk-ve-genclik-kitaplari","6":"product_cat-okul-oncesi-kitaplar","7":"pa_cilt-ciltsiz","8":"pa_tur-kitap","9":"pa_yayinevi-yagmur-cocuk-yayinlari","10":"pa_yazar-gunes-berber","12":"first","13":"instock","14":"sale","15":"shipping-taxable","16":"purchasable","17":"product-type-simple"},"_links":{"self":[{"href":"https:\/\/roveyayinevi.com.tr\/index.php\/wp-json\/wp\/v2\/product\/747779","targetHints":{"allow":["GET"]}}],"collection":[{"href":"https:\/\/roveyayinevi.com.tr\/index.php\/wp-json\/wp\/v2\/product"}],"about":[{"href":"https:\/\/roveyayinevi.com.tr\/index.php\/wp-json\/wp\/v2\/types\/product"}],"wp:attachment":[{"href":"https:\/\/roveyayinevi.com.tr\/index.php\/wp-json\/wp\/v2\/media?parent=747779"}],"wp:term":[{"taxonomy":"product_brand","embeddable":true,"href":"https:\/\/roveyayinevi.com.tr\/index.php\/wp-json\/wp\/v2\/product_brand?post=747779"},{"taxonomy":"product_cat","embeddable":true,"href":"https:\/\/roveyayinevi.com.tr\/index.php\/wp-json\/wp\/v2\/product_cat?post=747779"},{"taxonomy":"product_tag","embeddable":true,"href":"https:\/\/roveyayinevi.com.tr\/index.php\/wp-json\/wp\/v2\/product_tag?post=747779"}],"curies":[{"name":"wp","href":"https:\/\/api.w.org\/{rel}","templated":true}]}}